{"id":28359,"date":"2024-06-03T15:58:44","date_gmt":"2024-06-03T12:58:44","guid":{"rendered":"https:\/\/www.vempele.fi\/?post_type=product&#038;p=28359"},"modified":"2025-04-24T10:52:32","modified_gmt":"2025-04-24T07:52:32","slug":"eco-bakluckematta-tesla-modell-x","status":"publish","type":"product","link":"https:\/\/www.vempele.fi\/sv\/tuote\/eco-takaluukun-matto-tesla-model-x\/","title":{"rendered":"ECO st\u00f6velmatta - Tesla Model X"},"content":{"rendered":"<p>Slitstark, popul\u00e4r och framf\u00f6r allt inhemsk ECO Bagagerumsmatta f\u00f6r Tesla Model X<\/p>\n<p><b>Ytterligare information:<\/b><\/p>\n<ul>\n<li>Material: EVA<\/li>\n<li>L\u00e4mplighet:\n<ul>\n<li>Modell X<\/li>\n<\/ul>\n<\/li>\n<li>F\u00e4rg: Svart<\/li>\n<li>Vikt: ca 0,6 kg<\/li>\n<li>Tillverkningsland: Finland<\/li>\n<\/ul>","protected":false},"excerpt":{"rendered":"<p>Inhemskt snyggt mattalternativ f\u00f6r Tesla nu direkt fr\u00e5n lager!<\/p>\n<p>Mattmaterialet \u00e4r ekologiskt och \u00e5tervinningsbart EVA. S\u00e4kert, giftfritt och luktfritt. Den unika cellstrukturen g\u00f6r att smuts och vatten ansamlas j\u00e4mnt i cellerna. Mattorna kan enkelt reng\u00f6ras genom att skakas eller sk\u00f6ljas med vatten. Luftkvaliteten inomhus f\u00f6rb\u00e4ttras och frostbildning p\u00e5 f\u00f6nster minskar. Materialet t\u00e5l temperaturer s\u00e5 l\u00e5ga som -50\u00b0C och s\u00e5 h\u00f6ga som +70\u00b0C. Slagt\u00e5ligt, ljud- och v\u00e4rmeisolerande. Behaglig att ta p\u00e5 och riktigt snygga ECO-mattor.<\/p>","protected":false},"featured_media":28360,"comment_status":"open","ping_status":"closed","template":"","meta":[],"product_brand":[],"product_cat":[514,153,128],"product_tag":[83,590,206,513,553,173,200,121],"class_list":{"0":"post-28359","1":"product","2":"type-product","3":"status-publish","4":"has-post-thumbnail","6":"product_cat-model-x-matot","7":"product_cat-model-x","8":"product_cat-tesla-tuotteet","9":"product_tag-autotarvikkeet","10":"product_tag-eco","11":"product_tag-eva","12":"product_tag-kaukalomatot","13":"product_tag-kuramatot","14":"product_tag-model-x","15":"product_tag-takaluukku","16":"product_tag-tesla","18":"first","19":"instock","20":"taxable","21":"shipping-taxable","22":"purchasable","23":"product-type-simple"},"jetpack_sharing_enabled":true,"_links":{"self":[{"href":"https:\/\/www.vempele.fi\/sv\/wp-json\/wp\/v2\/product\/28359","targetHints":{"allow":["GET"]}}],"collection":[{"href":"https:\/\/www.vempele.fi\/sv\/wp-json\/wp\/v2\/product"}],"about":[{"href":"https:\/\/www.vempele.fi\/sv\/wp-json\/wp\/v2\/types\/product"}],"replies":[{"embeddable":true,"href":"https:\/\/www.vempele.fi\/sv\/wp-json\/wp\/v2\/comments?post=28359"}],"wp:featuredmedia":[{"embeddable":true,"href":"https:\/\/www.vempele.fi\/sv\/wp-json\/wp\/v2\/media\/28360"}],"wp:attachment":[{"href":"https:\/\/www.vempele.fi\/sv\/wp-json\/wp\/v2\/media?parent=28359"}],"wp:term":[{"taxonomy":"product_brand","embeddable":true,"href":"https:\/\/www.vempele.fi\/sv\/wp-json\/wp\/v2\/product_brand?post=28359"},{"taxonomy":"product_cat","embeddable":true,"href":"https:\/\/www.vempele.fi\/sv\/wp-json\/wp\/v2\/product_cat?post=28359"},{"taxonomy":"product_tag","embeddable":true,"href":"https:\/\/www.vempele.fi\/sv\/wp-json\/wp\/v2\/product_tag?post=28359"}],"curies":[{"name":"wp","href":"https:\/\/api.w.org\/{rel}","templated":true}]}}