{"id":28501,"date":"2024-05-16T17:55:41","date_gmt":"2024-05-16T14:55:41","guid":{"rendered":"https:\/\/www.vempele.fi\/?post_type=product&#038;p=28501"},"modified":"2026-01-02T13:29:34","modified_gmt":"2026-01-02T11:29:34","slug":"framre-axelns-stodarm-hoger-reinhoch-tesla-modell-x","status":"publish","type":"product","link":"https:\/\/www.vempele.fi\/sv\/tuote\/etuakselin-ylatukivarsi-oikea-reinhoch-tesla-model-x\/","title":{"rendered":"Framaxelns \u00f6vre st\u00f6darm h\u00f6ger - REINHOCH - Tesla Model X"},"content":{"rendered":"<p>Framaxelns \u00f6vre st\u00f6darm, h\u00f6ger. Passar Tesla Model X<\/p>\n<ul>\n<li>Tillverkare: REINHOCH<\/li>\n<li>Tillverkarens OE-referensnummer: RH04-6055<\/li>\n<li>Teslas ursprungliga artikelnummer:\n<ul>\n<li>TESLA 1027327-00-D<\/li>\n<li>TESLA 1027327-00-E<\/li>\n<\/ul>\n<\/li>\n<li>L\u00e4mplighet:\n<ul>\n<li>Model X f\u00f6re 2021<\/li>\n<\/ul>\n<\/li>\n<li>Monteringspunkt: \u00f6vre st\u00f6darm, fram, h\u00f6ger<\/li>\n<\/ul>\n<p>&nbsp;<\/p>","protected":false},"excerpt":{"rendered":"<p>Framaxelns \u00f6vre st\u00f6darm, h\u00f6ger. Passar Tesla Model X f\u00f6re 2021<\/p>\n<p>Tillverkare: Reinhoch<\/p>","protected":false},"featured_media":28520,"comment_status":"open","ping_status":"closed","template":"","meta":[],"product_brand":[741],"product_cat":[153,474],"product_tag":[173,121,476,319],"class_list":{"0":"post-28501","1":"product","2":"type-product","3":"status-publish","4":"has-post-thumbnail","6":"product_brand-reinhoch","7":"product_cat-model-x","8":"product_cat-varaosat-model-x","9":"product_tag-model-x","10":"product_tag-tesla","11":"product_tag-tukivarsi","12":"product_tag-varaosat","14":"first","15":"outofstock","16":"taxable","17":"shipping-taxable","18":"purchasable","19":"product-type-simple"},"jetpack_sharing_enabled":true,"_links":{"self":[{"href":"https:\/\/www.vempele.fi\/sv\/wp-json\/wp\/v2\/product\/28501","targetHints":{"allow":["GET"]}}],"collection":[{"href":"https:\/\/www.vempele.fi\/sv\/wp-json\/wp\/v2\/product"}],"about":[{"href":"https:\/\/www.vempele.fi\/sv\/wp-json\/wp\/v2\/types\/product"}],"replies":[{"embeddable":true,"href":"https:\/\/www.vempele.fi\/sv\/wp-json\/wp\/v2\/comments?post=28501"}],"wp:featuredmedia":[{"embeddable":true,"href":"https:\/\/www.vempele.fi\/sv\/wp-json\/wp\/v2\/media\/28520"}],"wp:attachment":[{"href":"https:\/\/www.vempele.fi\/sv\/wp-json\/wp\/v2\/media?parent=28501"}],"wp:term":[{"taxonomy":"product_brand","embeddable":true,"href":"https:\/\/www.vempele.fi\/sv\/wp-json\/wp\/v2\/product_brand?post=28501"},{"taxonomy":"product_cat","embeddable":true,"href":"https:\/\/www.vempele.fi\/sv\/wp-json\/wp\/v2\/product_cat?post=28501"},{"taxonomy":"product_tag","embeddable":true,"href":"https:\/\/www.vempele.fi\/sv\/wp-json\/wp\/v2\/product_tag?post=28501"}],"curies":[{"name":"wp","href":"https:\/\/api.w.org\/{rel}","templated":true}]}}