{"id":28614,"date":"2024-05-22T10:09:17","date_gmt":"2024-05-22T07:09:17","guid":{"rendered":"https:\/\/www.vempele.fi\/?post_type=product&#038;p=28614"},"modified":"2026-03-04T17:45:00","modified_gmt":"2026-03-04T15:45:00","slug":"infallbart-taksolskydd-tesla-modell-y","status":"publish","type":"product","link":"https:\/\/www.vempele.fi\/sv\/tuote\/avattava-katon-aurinkosuoja-tesla-model-y\/","title":{"rendered":"\u00d6ppningsbart taksolskydd - Tesla Model Y"},"content":{"rendered":"<p>Snyggt taksolskydd f\u00f6r Tesla Model Y med tak\u00f6ppning i tv\u00e5 delar. Blockerar solen p\u00e5 sommaren och isolerar mot kylan p\u00e5 vintern. L\u00e4tt att \u00f6ppna framifr\u00e5n och bakifr\u00e5n fr\u00e5n baks\u00e4tet.<\/p>\n<p>Solskyddet levereras som ett enda stort stycke. Vi rekommenderar att du anv\u00e4nder tv\u00e5 par h\u00e4nder vid monteringen. F\u00e4ll ner frams\u00e4tenas ryggst\u00f6d. Ta bort hatthyllan fr\u00e5n bakluckan och f\u00e4ll ner baks\u00e4tena. Skjut hela solskyddet genom bakluckan. Skjut in de bakre fasta kl\u00e4mmorna under takf\u00f6nstrets list. Lyft sedan upp fronten och anv\u00e4nd den medf\u00f6ljande nyckeln f\u00f6r att skruva fast de fr\u00e4mre kl\u00e4mmorna under takf\u00f6nsterlisten. Du kan beh\u00f6va anv\u00e4nda det medf\u00f6ljande plastverktyget f\u00f6r att f\u00e5 kl\u00e4mmorna att glida smidigt under takf\u00f6nsterlisten. Avsluta installationen genom att placera skyddsstiften \u00f6ver h\u00e5len.<\/p>\n<p>F\u00e4stkl\u00e4mmorna s\u00e4tts in i bakrutans list och motsvarande kl\u00e4mmor p\u00e5 framsidan vrids in i listen med en nyckel.<\/p>\n<ul>\n<li>F\u00e4rg: Ljusbl\u00e5<\/li>\n<li>M\u00e5tt p\u00e5 f\u00f6rpackningen: 140 x 115 x 10 cm<\/li>\n<li>Paketets vikt: 7,00 kg<\/li>\n<li>L\u00e4mplighet:\n<ul>\n<li>Modell Y 2020 - 2024<\/li>\n<\/ul>\n<\/li>\n<\/ul>","protected":false},"excerpt":{"rendered":"<p>\u00d6ppningsbart taksolskydd f\u00f6r Tesla Model Y.  Skydda mot v\u00e4rmen och \u00f6ka din k\u00f6rkomfort!<\/p>","protected":false},"featured_media":28617,"comment_status":"open","ping_status":"closed","template":"","meta":[],"product_brand":[],"product_cat":[154,455,482,128],"product_tag":[198,759,121,203],"class_list":{"0":"post-28614","1":"product","2":"type-product","3":"status-publish","4":"has-post-thumbnail","6":"product_cat-model-y","7":"product_cat-my-tarvikkeet","8":"product_cat-tarvikkeet-sisapuolelle-model-y","9":"product_cat-tesla-tuotteet","10":"product_tag-aurinkosuoja","11":"product_tag-avattava","12":"product_tag-tesla","13":"product_tag-tesla-model-y","15":"first","16":"instock","17":"sale","18":"taxable","19":"shipping-taxable","20":"purchasable","21":"product-type-simple"},"jetpack_sharing_enabled":true,"_links":{"self":[{"href":"https:\/\/www.vempele.fi\/sv\/wp-json\/wp\/v2\/product\/28614","targetHints":{"allow":["GET"]}}],"collection":[{"href":"https:\/\/www.vempele.fi\/sv\/wp-json\/wp\/v2\/product"}],"about":[{"href":"https:\/\/www.vempele.fi\/sv\/wp-json\/wp\/v2\/types\/product"}],"replies":[{"embeddable":true,"href":"https:\/\/www.vempele.fi\/sv\/wp-json\/wp\/v2\/comments?post=28614"}],"wp:featuredmedia":[{"embeddable":true,"href":"https:\/\/www.vempele.fi\/sv\/wp-json\/wp\/v2\/media\/28617"}],"wp:attachment":[{"href":"https:\/\/www.vempele.fi\/sv\/wp-json\/wp\/v2\/media?parent=28614"}],"wp:term":[{"taxonomy":"product_brand","embeddable":true,"href":"https:\/\/www.vempele.fi\/sv\/wp-json\/wp\/v2\/product_brand?post=28614"},{"taxonomy":"product_cat","embeddable":true,"href":"https:\/\/www.vempele.fi\/sv\/wp-json\/wp\/v2\/product_cat?post=28614"},{"taxonomy":"product_tag","embeddable":true,"href":"https:\/\/www.vempele.fi\/sv\/wp-json\/wp\/v2\/product_tag?post=28614"}],"curies":[{"name":"wp","href":"https:\/\/api.w.org\/{rel}","templated":true}]}}