{"id":29430,"date":"2025-09-03T15:56:09","date_gmt":"2025-09-03T12:56:09","guid":{"rendered":"https:\/\/www.vempele.fi\/?post_type=product&#038;p=29430"},"modified":"2025-11-25T14:01:21","modified_gmt":"2025-11-25T12:01:21","slug":"motorwerk-ev-type2-37kw-laddare","status":"publish","type":"product","link":"https:\/\/www.vempele.fi\/sv\/tuote\/motorwerk-ev-type2-37kw-latauslaite\/","title":{"rendered":"Motorwerk EV Type2 3,7 kW laddare"},"content":{"rendered":"<p>Kompakt, portabel 3,7 kW laddstation f\u00f6r elbilar med Schuko-kontakt. Mycket enkel att drifts\u00e4tta eftersom den inte kr\u00e4ver n\u00e5gon fast installation. Ansluts direkt till v\u00e4gguttaget (16 A \/ 230 V). Liten och l\u00e4tt, s\u00e5 den \u00e4r enkel att ta med sig p\u00e5 aff\u00e4rsresor, till stugan osv. Observera att det kr\u00e4vs ett 16 A (s\u00e4krat) uttag f\u00f6r att den ska fungera.<\/p>\n<p><a href=\"https:\/\/www.vempele.fi\/wp-content\/uploads\/2025\/09\/Kayttoohje_Motorwerk_3_7kw_type2_5m_8m_FI_SV_EN.pdf\">Instruktioner f\u00f6r anv\u00e4ndning och installation.<\/a><\/p>\n<p><strong>Funktioner:<\/strong><\/p>\n<ul>\n<li>Laddningsstr\u00f6m: 8 A, 10 A, 13 A och 16 A, justerbar<\/li>\n<li>Laddningseffekt: 1,8-3,7 kW<\/li>\n<li>Laddningskontakt: typ 2<\/li>\n<li>V\u00e4gguttag: Schuko<\/li>\n<li>Kabell\u00e4ngd: 5 m eller 8 m<\/li>\n<li>Kabell\u00e4ngd mellan laddningsstation och v\u00e4gguttag: 90 cm<\/li>\n<li>Informativ display<\/li>\n<li>Timerfunktion f\u00f6r laddning<\/li>\n<li>F\u00f6rdr\u00f6jningsfunktion f\u00f6r laddning 1-10 h<\/li>\n<li>Typ A AC-\u00f6versp\u00e4nningsskydd + 6 mA DC-\u00f6versp\u00e4nningsskydd<\/li>\n<li>Skydd mot l\u00e4ckage, \u00f6versp\u00e4nning, undersp\u00e4nning, \u00f6verhettning och blixtnedslag<\/li>\n<li>Slitstark konstruktion i laddningsaggregatet<\/li>\n<li>Laddningsenhet IP65<\/li>\n<li>Laddningskontakt IP54<\/li>\n<li>Driftstemperatur: -30 - 50 \u00b0C<\/li>\n<li>CE-godk\u00e4nd<\/li>\n<li>Vikt: 2,1 kg<\/li>\n<li>Garanti: 24 m\u00e5nader<\/li>\n<\/ul>\n<p>Observera! Hush\u00e5llsuttag finns med s\u00e4kringar p\u00e5 10 A och 16 A. Vid laddning fr\u00e5n ett hush\u00e5llsuttag under flera timmar m\u00e5ste man se till att laddningsstr\u00f6mmen begr\u00e4nsas till 8 ampere. Ett vanligt hush\u00e5llsuttag klarar inte l\u00e5ngvarig laddning med 16 A. Det finns \u00e4ven hush\u00e5llsuttag (Super-suko) p\u00e5 marknaden som av tillverkaren \u00e4r konstruerade f\u00f6r att klara en kontinuerlig belastning p\u00e5 16 A. Dessa uttag kan laddas med en kontinuerlig str\u00f6m p\u00e5 16 A.<\/p>","protected":false},"excerpt":{"rendered":"<p>Motorwerk EV Type2 3,7 kW reseladdare \u00e4r l\u00e4tt att b\u00e4ra med sig och tar str\u00f6m fr\u00e5n ett vanligt uttag.<\/p>\n<ul>\n<li>Laddningsstr\u00f6m: 8 A, 10 A, 13 A och 16 A, justerbar<\/li>\n<li>Laddningseffekt: 1,8-3,7 kW<\/li>\n<li>Timerfunktion f\u00f6r laddning<\/li>\n<li>F\u00f6rdr\u00f6jningsfunktion f\u00f6r laddning 1-10 h<\/li>\n<\/ul>","protected":false},"featured_media":41975,"comment_status":"open","ping_status":"closed","template":"","meta":[],"product_brand":[821],"product_cat":[664],"product_tag":[671,675,676,822,677,678],"class_list":{"0":"post-29430","1":"product","2":"type-product","3":"status-publish","4":"has-post-thumbnail","6":"product_brand-motorwerk","7":"product_cat-laturit","8":"product_tag-16a","9":"product_tag-matkalaturi","10":"product_tag-mobiililaturi","11":"product_tag-motorwerk","12":"product_tag-schuko","13":"product_tag-type2","15":"first","16":"instock","17":"taxable","18":"shipping-taxable","19":"purchasable","20":"product-type-variable"},"jetpack_sharing_enabled":true,"_links":{"self":[{"href":"https:\/\/www.vempele.fi\/sv\/wp-json\/wp\/v2\/product\/29430","targetHints":{"allow":["GET"]}}],"collection":[{"href":"https:\/\/www.vempele.fi\/sv\/wp-json\/wp\/v2\/product"}],"about":[{"href":"https:\/\/www.vempele.fi\/sv\/wp-json\/wp\/v2\/types\/product"}],"replies":[{"embeddable":true,"href":"https:\/\/www.vempele.fi\/sv\/wp-json\/wp\/v2\/comments?post=29430"}],"wp:featuredmedia":[{"embeddable":true,"href":"https:\/\/www.vempele.fi\/sv\/wp-json\/wp\/v2\/media\/41975"}],"wp:attachment":[{"href":"https:\/\/www.vempele.fi\/sv\/wp-json\/wp\/v2\/media?parent=29430"}],"wp:term":[{"taxonomy":"product_brand","embeddable":true,"href":"https:\/\/www.vempele.fi\/sv\/wp-json\/wp\/v2\/product_brand?post=29430"},{"taxonomy":"product_cat","embeddable":true,"href":"https:\/\/www.vempele.fi\/sv\/wp-json\/wp\/v2\/product_cat?post=29430"},{"taxonomy":"product_tag","embeddable":true,"href":"https:\/\/www.vempele.fi\/sv\/wp-json\/wp\/v2\/product_tag?post=29430"}],"curies":[{"name":"wp","href":"https:\/\/api.w.org\/{rel}","templated":true}]}}