{"id":29435,"date":"2025-09-03T15:52:08","date_gmt":"2025-09-03T12:52:08","guid":{"rendered":"https:\/\/www.vempele.fi\/?post_type=product&#038;p=29435"},"modified":"2026-01-22T11:07:59","modified_gmt":"2026-01-22T09:07:59","slug":"motorwerk-ev-type2-11kw-laddare","status":"publish","type":"product","link":"https:\/\/www.vempele.fi\/sv\/tuote\/motorwerk-ev-type2-11kw-latauslaite\/","title":{"rendered":"Motorwerk EV Type2 11kW laddare"},"content":{"rendered":"<p>Motorwerk EV Type2 11kW laddare<\/p>\n<p>En kompakt, portabel laddningsstation f\u00f6r elbilar med 11 kW effekt f\u00f6r att ladda bilen \u00f6ver natten. Mycket enkel att anv\u00e4nda eftersom den inte kr\u00e4ver n\u00e5gon fast installation. Ansluts direkt till ett eluttag (CEE 3x16A \/ 400V). Liten och l\u00e4tt, s\u00e5 den \u00e4r enkel att ta med sig p\u00e5 aff\u00e4rsresor, till stugan osv.<\/p>\n<p><a href=\"https:\/\/www.vempele.fi\/wp-content\/uploads\/2025\/09\/Kayttoohje_Motorwerk_11kw_type2_5m_8m_10m_FI_SV_EN.pdf\">Instruktioner f\u00f6r anv\u00e4ndning och installation<\/a><\/p>\n<p><strong>Funktioner:<\/strong><\/p>\n<ul>\n<li>Laddningsstr\u00f6m: 8 A, 10 A, 13 A och 16 A, justerbar<\/li>\n<li>Laddningseffekt: 5,5 kW-11 kW<\/li>\n<li>Laddningskontakt: typ 2<\/li>\n<li>V\u00e4gguttag: CEE<\/li>\n<li>Kabell\u00e4ngd: 5m, 8m eller 10m<\/li>\n<li>Informativ display<\/li>\n<li>Timerfunktion f\u00f6r laddning<\/li>\n<li>F\u00f6rdr\u00f6jningsfunktion f\u00f6r laddning 1-10 h<\/li>\n<li>Typ A AC-\u00f6versp\u00e4nningsskydd + DC-\u00f6versp\u00e4nningsskydd<\/li>\n<li>Skydd mot l\u00e4ckage, \u00f6versp\u00e4nning, undersp\u00e4nning, \u00f6verhettning och blixtnedslag<\/li>\n<li>Slitstark konstruktion i laddningsaggregatet<\/li>\n<li>Laddningsenhet IP65<\/li>\n<li>Laddningskontakt IP54<\/li>\n<li>Driftstemperatur: -30 - 50 \u00b0C<\/li>\n<li>CE-godk\u00e4nd<\/li>\n<li>Garanti: 24 m\u00e5nader<\/li>\n<\/ul>","protected":false},"excerpt":{"rendered":"<p>Motorwerk EV Type2 11kW laddare<\/p>\n<ul>\n<li>Laddningsstr\u00f6m: 8 A, 10 A, 13 A och 16 A, justerbar<\/li>\n<li>Laddningseffekt: 5,5 kW-11 kW<\/li>\n<li>Kabell\u00e4ngd: 5m, 8m eller 10m<\/li>\n<li>Timerfunktion f\u00f6r laddning<\/li>\n<li>F\u00f6rdr\u00f6jningsfunktion f\u00f6r laddning 1-10 h<\/li>\n<\/ul>","protected":false},"featured_media":41982,"comment_status":"open","ping_status":"closed","template":"","meta":[],"product_brand":[821],"product_cat":[664],"product_tag":[671,673,675,676,678,679],"class_list":{"0":"post-29435","1":"product","2":"type-product","3":"status-publish","4":"has-post-thumbnail","6":"product_brand-motorwerk","7":"product_cat-laturit","8":"product_tag-16a","9":"product_tag-3-vaihe","10":"product_tag-matkalaturi","11":"product_tag-mobiililaturi","12":"product_tag-type2","13":"product_tag-voimavirta","15":"first","16":"instock","17":"taxable","18":"shipping-taxable","19":"purchasable","20":"product-type-variable"},"jetpack_sharing_enabled":true,"_links":{"self":[{"href":"https:\/\/www.vempele.fi\/sv\/wp-json\/wp\/v2\/product\/29435","targetHints":{"allow":["GET"]}}],"collection":[{"href":"https:\/\/www.vempele.fi\/sv\/wp-json\/wp\/v2\/product"}],"about":[{"href":"https:\/\/www.vempele.fi\/sv\/wp-json\/wp\/v2\/types\/product"}],"replies":[{"embeddable":true,"href":"https:\/\/www.vempele.fi\/sv\/wp-json\/wp\/v2\/comments?post=29435"}],"wp:featuredmedia":[{"embeddable":true,"href":"https:\/\/www.vempele.fi\/sv\/wp-json\/wp\/v2\/media\/41982"}],"wp:attachment":[{"href":"https:\/\/www.vempele.fi\/sv\/wp-json\/wp\/v2\/media?parent=29435"}],"wp:term":[{"taxonomy":"product_brand","embeddable":true,"href":"https:\/\/www.vempele.fi\/sv\/wp-json\/wp\/v2\/product_brand?post=29435"},{"taxonomy":"product_cat","embeddable":true,"href":"https:\/\/www.vempele.fi\/sv\/wp-json\/wp\/v2\/product_cat?post=29435"},{"taxonomy":"product_tag","embeddable":true,"href":"https:\/\/www.vempele.fi\/sv\/wp-json\/wp\/v2\/product_tag?post=29435"}],"curies":[{"name":"wp","href":"https:\/\/api.w.org\/{rel}","templated":true}]}}