{"id":30778,"date":"2024-08-27T12:57:11","date_gmt":"2024-08-27T09:57:11","guid":{"rendered":"https:\/\/www.vempele.fi\/?post_type=product&#038;p=30778"},"modified":"2026-04-08T13:23:13","modified_gmt":"2026-04-08T10:23:13","slug":"hepa-filter-motorutrymme-denckermann-modell-x","status":"publish","type":"product","link":"https:\/\/www.vempele.fi\/sv\/tuote\/hepa-suodatin-moottoritila-denckermann-model-x\/","title":{"rendered":"HEPA-filter, motorl\u00e4ge - Denckermann - Model X"},"content":{"rendered":"<p>Tillverkare: denckermann<\/p>\n<p>Tillverkarens produktnummer: M111012K<\/p>\n<p>L\u00e4mplighet:<\/p>\n<ul>\n<li style=\"list-style-type: none;\">\n<ul>\n<li>Model X med HEPA-filter i motorrummet. Kontrollera l\u00e4mpligheten.<\/li>\n<\/ul>\n<\/li>\n<\/ul>\n<p>OEM-produktnummer som tillhandah\u00e5lls av tillverkaren:<\/p>\n<ul>\n<li>1045566-00-H SK1<\/li>\n<li>1045566-00-G SK1<\/li>\n<\/ul>\n<p>M\u00e5tt och vikt:<\/p>\n<ul>\n<li>1022 x 318 x 31 mm<\/li>\n<li>n. 1,3 kg<\/li>\n<\/ul>","protected":false},"excerpt":{"rendered":"<p>HEPA-filter fr\u00e5n Denckermann. L\u00e4mplig f\u00f6r fordon med ett separat HEPA-filter i motorrummet.<\/p>","protected":false},"featured_media":30779,"comment_status":"open","ping_status":"closed","template":"","meta":[],"product_brand":[744],"product_cat":[153,486,474],"product_tag":[202,173,511,121,319],"class_list":{"0":"post-30778","1":"product","2":"type-product","3":"status-publish","4":"has-post-thumbnail","6":"product_brand-denckermann","7":"product_cat-model-x","8":"product_cat-tarvikkeet-ulkopuolelle-model-x","9":"product_cat-varaosat-model-x","10":"product_tag-hepa","11":"product_tag-model-x","12":"product_tag-suodatin","13":"product_tag-tesla","14":"product_tag-varaosat","16":"first","17":"instock","18":"taxable","19":"shipping-taxable","20":"purchasable","21":"product-type-simple"},"jetpack_sharing_enabled":true,"_links":{"self":[{"href":"https:\/\/www.vempele.fi\/sv\/wp-json\/wp\/v2\/product\/30778","targetHints":{"allow":["GET"]}}],"collection":[{"href":"https:\/\/www.vempele.fi\/sv\/wp-json\/wp\/v2\/product"}],"about":[{"href":"https:\/\/www.vempele.fi\/sv\/wp-json\/wp\/v2\/types\/product"}],"replies":[{"embeddable":true,"href":"https:\/\/www.vempele.fi\/sv\/wp-json\/wp\/v2\/comments?post=30778"}],"wp:featuredmedia":[{"embeddable":true,"href":"https:\/\/www.vempele.fi\/sv\/wp-json\/wp\/v2\/media\/30779"}],"wp:attachment":[{"href":"https:\/\/www.vempele.fi\/sv\/wp-json\/wp\/v2\/media?parent=30778"}],"wp:term":[{"taxonomy":"product_brand","embeddable":true,"href":"https:\/\/www.vempele.fi\/sv\/wp-json\/wp\/v2\/product_brand?post=30778"},{"taxonomy":"product_cat","embeddable":true,"href":"https:\/\/www.vempele.fi\/sv\/wp-json\/wp\/v2\/product_cat?post=30778"},{"taxonomy":"product_tag","embeddable":true,"href":"https:\/\/www.vempele.fi\/sv\/wp-json\/wp\/v2\/product_tag?post=30778"}],"curies":[{"name":"wp","href":"https:\/\/api.w.org\/{rel}","templated":true}]}}