{"id":30780,"date":"2024-08-27T13:11:32","date_gmt":"2024-08-27T10:11:32","guid":{"rendered":"https:\/\/www.vempele.fi\/?post_type=product&#038;p=30780"},"modified":"2026-04-17T09:21:30","modified_gmt":"2026-04-17T06:21:30","slug":"hepa-filter-motorutrymme-denckermann-modell-s","status":"publish","type":"product","link":"https:\/\/www.vempele.fi\/sv\/tuote\/hepa-suodatin-moottoritila-denckermann-model-s\/","title":{"rendered":"HEPA-filter, motorl\u00e4ge - Denckermann - Modell S"},"content":{"rendered":"<p>Tillverkare: denckermann<\/p>\n<p>Tillverkarens produktnummer: M111013K<\/p>\n<p>L\u00e4mplighet:<\/p>\n<ul>\n<li style=\"list-style-type: none;\">\n<ul>\n<li>Model S med HEPA-filter i motorrummet. Kontrollera l\u00e4mplighet.<\/li>\n<\/ul>\n<\/li>\n<\/ul>\n<p>M\u00e5tt och vikt:<\/p>\n<ul>\n<li>699 x 361 x 20 mm<\/li>\n<li>n. 1 kg<\/li>\n<\/ul>","protected":false},"excerpt":{"rendered":"<p>HEPA-filter fr\u00e5n Denckermann. L\u00e4mplig f\u00f6r fordon med ett separat HEPA-filter i motorrummet.<\/p>","protected":false},"featured_media":30781,"comment_status":"open","ping_status":"closed","template":"","meta":[],"product_brand":[744],"product_cat":[152,484,473],"product_tag":[202,172,511,121,319],"class_list":{"0":"post-30780","1":"product","2":"type-product","3":"status-publish","4":"has-post-thumbnail","6":"product_brand-denckermann","7":"product_cat-model-s","8":"product_cat-tarvikkeet-ulkopuolelle-model-s","9":"product_cat-varaosat-model-s","10":"product_tag-hepa","11":"product_tag-model-s","12":"product_tag-suodatin","13":"product_tag-tesla","14":"product_tag-varaosat","16":"first","17":"instock","18":"taxable","19":"shipping-taxable","20":"purchasable","21":"product-type-simple"},"jetpack_sharing_enabled":true,"_links":{"self":[{"href":"https:\/\/www.vempele.fi\/sv\/wp-json\/wp\/v2\/product\/30780","targetHints":{"allow":["GET"]}}],"collection":[{"href":"https:\/\/www.vempele.fi\/sv\/wp-json\/wp\/v2\/product"}],"about":[{"href":"https:\/\/www.vempele.fi\/sv\/wp-json\/wp\/v2\/types\/product"}],"replies":[{"embeddable":true,"href":"https:\/\/www.vempele.fi\/sv\/wp-json\/wp\/v2\/comments?post=30780"}],"wp:featuredmedia":[{"embeddable":true,"href":"https:\/\/www.vempele.fi\/sv\/wp-json\/wp\/v2\/media\/30781"}],"wp:attachment":[{"href":"https:\/\/www.vempele.fi\/sv\/wp-json\/wp\/v2\/media?parent=30780"}],"wp:term":[{"taxonomy":"product_brand","embeddable":true,"href":"https:\/\/www.vempele.fi\/sv\/wp-json\/wp\/v2\/product_brand?post=30780"},{"taxonomy":"product_cat","embeddable":true,"href":"https:\/\/www.vempele.fi\/sv\/wp-json\/wp\/v2\/product_cat?post=30780"},{"taxonomy":"product_tag","embeddable":true,"href":"https:\/\/www.vempele.fi\/sv\/wp-json\/wp\/v2\/product_tag?post=30780"}],"curies":[{"name":"wp","href":"https:\/\/api.w.org\/{rel}","templated":true}]}}