{"id":30786,"date":"2024-08-27T13:41:32","date_gmt":"2024-08-27T10:41:32","guid":{"rendered":"https:\/\/www.vempele.fi\/?post_type=product&#038;p=30786"},"modified":"2026-04-07T10:45:09","modified_gmt":"2026-04-07T07:45:09","slug":"antisladdsystem-fram-vanster-meyle-hd-tesla-modell-3-y","status":"publish","type":"product","link":"https:\/\/www.vempele.fi\/sv\/tuote\/kallistuksen-vaimennin-etummainen-vasen-meyle-hd-tesla-model-3-y\/","title":{"rendered":"Stabilisator, fram, v\u00e4nster - MEYLE HD - Tesla Model 3 \/ Y"},"content":{"rendered":"<ul>\n<li>Tillverkare: MEYLE HD<\/li>\n<li>L\u00e4mplighet:\n<ul>\n<li>Model 3 Pre-Refresh vm. 2019 - 2021<\/li>\n<li>Modell 3 Uppdatering vm. 2021 - 2023<\/li>\n<li>Modell Y<\/li>\n<\/ul>\n<\/li>\n<li>Tillverkarens produktnummer: MSL1115HD - 70-16 060 0008\/HD<\/li>\n<li>Tesla reservdelsnummer som tillhandah\u00e5lls av tillverkaren\n<ul>\n<li>1188391-00-B<\/li>\n<li>1044391-00-C<\/li>\n<li>1044391-00-D<\/li>\n<\/ul>\n<\/li>\n<li>Monteringspunkt: framaxel, v\u00e4nster sida<\/li>\n<\/ul>\n<p>&nbsp;<\/p>","protected":false},"excerpt":{"rendered":"<p>Antirullst\u00e5ng f\u00f6r v\u00e4nster framaxel (dog bone)<\/p>","protected":false},"featured_media":30787,"comment_status":"open","ping_status":"closed","template":"","meta":[],"product_brand":[739],"product_cat":[151,154,471,472],"product_tag":[575,635,634,156,271,121,319],"class_list":{"0":"post-30786","1":"product","2":"type-product","3":"status-publish","4":"has-post-thumbnail","6":"product_brand-meyle","7":"product_cat-model-3","8":"product_cat-model-y","9":"product_cat-model-3-varaosat","10":"product_cat-varaosat-model-y","11":"product_tag-etuakseli","12":"product_tag-kallistuksenvakaaja","13":"product_tag-koiranluu","14":"product_tag-model-3","15":"product_tag-model-y","16":"product_tag-tesla","17":"product_tag-varaosat","19":"first","20":"instock","21":"taxable","22":"shipping-taxable","23":"purchasable","24":"product-type-simple"},"jetpack_sharing_enabled":true,"_links":{"self":[{"href":"https:\/\/www.vempele.fi\/sv\/wp-json\/wp\/v2\/product\/30786","targetHints":{"allow":["GET"]}}],"collection":[{"href":"https:\/\/www.vempele.fi\/sv\/wp-json\/wp\/v2\/product"}],"about":[{"href":"https:\/\/www.vempele.fi\/sv\/wp-json\/wp\/v2\/types\/product"}],"replies":[{"embeddable":true,"href":"https:\/\/www.vempele.fi\/sv\/wp-json\/wp\/v2\/comments?post=30786"}],"wp:featuredmedia":[{"embeddable":true,"href":"https:\/\/www.vempele.fi\/sv\/wp-json\/wp\/v2\/media\/30787"}],"wp:attachment":[{"href":"https:\/\/www.vempele.fi\/sv\/wp-json\/wp\/v2\/media?parent=30786"}],"wp:term":[{"taxonomy":"product_brand","embeddable":true,"href":"https:\/\/www.vempele.fi\/sv\/wp-json\/wp\/v2\/product_brand?post=30786"},{"taxonomy":"product_cat","embeddable":true,"href":"https:\/\/www.vempele.fi\/sv\/wp-json\/wp\/v2\/product_cat?post=30786"},{"taxonomy":"product_tag","embeddable":true,"href":"https:\/\/www.vempele.fi\/sv\/wp-json\/wp\/v2\/product_tag?post=30786"}],"curies":[{"name":"wp","href":"https:\/\/api.w.org\/{rel}","templated":true}]}}