{"id":30954,"date":"2024-09-05T13:37:07","date_gmt":"2024-09-05T10:37:07","guid":{"rendered":"https:\/\/www.vempele.fi\/?post_type=product&#038;p=30954"},"modified":"2026-03-18T00:02:54","modified_gmt":"2026-03-17T22:02:54","slug":"bakspoiler-tesla-modell-3-highland","status":"publish","type":"product","link":"https:\/\/www.vempele.fi\/sv\/tuote\/takaspoileri-tesla-model-3-highland\/","title":{"rendered":"Ryggs\u00e4ck spoiler - Tesla Model 3 Highland"},"content":{"rendered":"<ul>\n<li>F\u00e4rgalternativ: matt svart och matt kolfiberfinish<\/li>\n<li>L\u00e4mplighet:\n<ul>\n<li>Modell 3 H\u00f6glandet 2024 -&gt;<\/li>\n<\/ul>\n<\/li>\n<li>Material: ABS-plast<\/li>\n<li>Vikt: ca 300 g<\/li>\n<li>Produktm\u00e5tt p\u00e5 den bredaste punkten: 122 x 5,5 x 2,1 cm<\/li>\n<\/ul>","protected":false},"excerpt":{"rendered":"<p>Snygg bakspoiler f\u00f6r Tesla Model 3 Highland. Finns i matt svart och matt kolfiber. Spoilern \u00e4r tillverkad av ABS-plast.<\/p>\n<p>Inuti bakspoilern finns det full\u00e4ngds f\u00e4stband f\u00f6r att f\u00e4sta den p\u00e5 bilen. Var noga med att reng\u00f6ra f\u00e4stpunkten s\u00e5 bra som m\u00f6jligt och montera banden i varmt v\u00e4der eller i ett garage.<\/p>","protected":false},"featured_media":30957,"comment_status":"open","ping_status":"closed","template":"","meta":[],"product_brand":[],"product_cat":[151,452,481,128],"product_tag":[83,587,550,156,551,448,121],"class_list":{"0":"post-30954","1":"product","2":"type-product","3":"status-publish","4":"has-post-thumbnail","6":"product_cat-model-3","7":"product_cat-m3-tarvikkeet","8":"product_cat-tarvikkeet-ulkopuolelle-model-3","9":"product_cat-tesla-tuotteet","10":"product_tag-autotarvikkeet","11":"product_tag-highland","12":"product_tag-lippa","13":"product_tag-model-3","14":"product_tag-spoileri","15":"product_tag-takaspoileri","16":"product_tag-tesla","18":"first","19":"instock","20":"taxable","21":"shipping-taxable","22":"purchasable","23":"product-type-variable"},"jetpack_sharing_enabled":true,"_links":{"self":[{"href":"https:\/\/www.vempele.fi\/sv\/wp-json\/wp\/v2\/product\/30954","targetHints":{"allow":["GET"]}}],"collection":[{"href":"https:\/\/www.vempele.fi\/sv\/wp-json\/wp\/v2\/product"}],"about":[{"href":"https:\/\/www.vempele.fi\/sv\/wp-json\/wp\/v2\/types\/product"}],"replies":[{"embeddable":true,"href":"https:\/\/www.vempele.fi\/sv\/wp-json\/wp\/v2\/comments?post=30954"}],"wp:featuredmedia":[{"embeddable":true,"href":"https:\/\/www.vempele.fi\/sv\/wp-json\/wp\/v2\/media\/30957"}],"wp:attachment":[{"href":"https:\/\/www.vempele.fi\/sv\/wp-json\/wp\/v2\/media?parent=30954"}],"wp:term":[{"taxonomy":"product_brand","embeddable":true,"href":"https:\/\/www.vempele.fi\/sv\/wp-json\/wp\/v2\/product_brand?post=30954"},{"taxonomy":"product_cat","embeddable":true,"href":"https:\/\/www.vempele.fi\/sv\/wp-json\/wp\/v2\/product_cat?post=30954"},{"taxonomy":"product_tag","embeddable":true,"href":"https:\/\/www.vempele.fi\/sv\/wp-json\/wp\/v2\/product_tag?post=30954"}],"curies":[{"name":"wp","href":"https:\/\/api.w.org\/{rel}","templated":true}]}}