{"id":31031,"date":"2024-09-10T13:14:42","date_gmt":"2024-09-10T10:14:42","guid":{"rendered":"https:\/\/www.vempele.fi\/?post_type=product&#038;p=31031"},"modified":"2024-09-10T13:52:31","modified_gmt":"2024-09-10T10:52:31","slug":"nokian-dack-hakkapeliitta-10-ev-245-45r19-102t-xl-tl-modell-s","status":"publish","type":"product","link":"https:\/\/www.vempele.fi\/sv\/tuote\/nokian-tyres-hakkapeliitta-10-ev-245-45r19-102t-xl-tl-model-s\/","title":{"rendered":"Nokian D\u00e4ck Hakkapeliitta 10 EV 245\/45R19 102T XL TL - Modell S"},"content":{"rendered":"<p>1 st 245\/45R19 Nokian D\u00e4ck Hakkapeliitta 10 EV 102T XL TL Dubbd\u00e4ck<\/p>\n<ul>\n<li class=\"single-product__section-title\">EU:s d\u00e4ckm\u00e4rkning<\/li>\n<li>Typ: dubbd\u00e4ck<\/li>\n<li>Tum: 19<\/li>\n<li>Bredd: 245<\/li>\n<li>Profil: 45<\/li>\n<li class=\"single-product__section-title\">Hastighetskategori: 190 km\/tim (T)<\/li>\n<li class=\"single-product__section-title\">Lastkapacitet: 850 kg (102)<\/li>\n<\/ul>\n<p><iframe loading=\"lazy\" title=\"Nokian Hakkapeliitta 10 EV: K\u00f6rkomfort och milj\u00f6v\u00e4nlighet\" width=\"980\" height=\"551\" src=\"https:\/\/www.youtube.com\/embed\/7v4Ic5thZbw?feature=oembed\" frameborder=\"0\" allow=\"accelerometer; autoplay; clipboard-write; encrypted-media; gyroscope; picture-in-picture; web-share\" referrerpolicy=\"strict-origin-when-cross-origin\" allowfullscreen><\/iframe><\/p>","protected":false},"excerpt":{"rendered":"<p class=\"single-product__title\">245\/45R19 Nokian D\u00e4ck Hakkapeliitta 10 EV 102T XL TL Dubbd\u00e4ck<\/p>\n<p>Dubbd\u00e4ck. Rekommenderas s\u00e4rskilt f\u00f6r Tesla Model S.<\/p>\n<p><strong>N\u00e4sta generations s\u00e4kerhet<\/strong><\/p>\n<p>Nokias Hakkapeliitta 10 EV ger sinnesfrid under den nordiska vintern. Det h\u00e4r dubbd\u00e4cket \u00e4r utformat f\u00f6r elbilar och hybrider och kombinerar milj\u00f6v\u00e4nlighet, k\u00f6rkomfort och \u00f6verl\u00e4gset grepp p\u00e5 sn\u00f6 och is. Nokian Hakkapeliitta 10 EV anv\u00e4nder Nokian Tyres dubbelpinnsteknik, med mittpinnar f\u00f6r f\u00f6rb\u00e4ttrat grepp vid acceleration och bromsning och axelpinnar f\u00f6r maximalt grepp i kurvor och filbyten. F\u00f6r b\u00e4sta m\u00f6jliga k\u00f6rkomfort har Nokian Hakkapeliitta 10 EV ett nytt ytm\u00f6nster f\u00f6r stabilitet och sn\u00f6grepp samt optimal stiftplacering f\u00f6r en j\u00e4mn och behaglig ljudmilj\u00f6.<\/p>\n<p>- Extrem s\u00e4kerhet - \u00f6verl\u00e4gset grepp p\u00e5 is och sn\u00f6<br \/>\n- SilentDrive\u2122-teknik - extremt tyst ljudniv\u00e5<br \/>\n- L\u00e4ngre r\u00e4ckvidd, utm\u00e4rkt stabilitet<\/p>\n<p>Tyst d\u00e4ckljud \u00e4r en s\u00e4rskilt viktig faktor f\u00f6r k\u00f6rkomforten i elbilar, eftersom elbilar \u00e4r tysta. Det exceptionellt tysta ljudet fr\u00e5n nya Nokia Hakkapeliitta 10 EV m\u00f6jligg\u00f6rs av att ett akustiskt skumlager har lagts p\u00e5 d\u00e4ckets inneryta. Den nya SilentDrive\u2122-tekniken d\u00e4mpar st\u00f6rande ljudtoppar, vilket resulterar i ett tystare d\u00e4ckljud, mindre buller i kup\u00e9n och en bekv\u00e4mare k\u00f6rning.<\/p>\n<p><strong>Ett ytm\u00f6nster som s\u00e4kerst\u00e4ller stabilitet och kontroll i alla v\u00e4derf\u00f6rh\u00e5llanden<\/strong><\/p>\n<p>Nokian Hakkapeliitta 10 EV:s kraftigt laminerade slitbanem\u00f6nster s\u00e4kerst\u00e4ller stabila och m\u00e5ngsidiga prestanda under varierande v\u00e4derf\u00f6rh\u00e5llanden p\u00e5 is, sn\u00f6 och texturerade v\u00e4gar. Den stabilitet som det kraftigt laminerade slitbanem\u00f6nstret ger \u00f6kar ocks\u00e5 k\u00f6rs\u00e4kerheten vid filbyten p\u00e5 sn\u00f6iga eller slaskiga v\u00e4gar. D\u00e4ckets styva mittparti g\u00f6r k\u00f6rresponsen mycket exakt p\u00e5 barmark samtidigt som det ger utm\u00e4rkta vinteregenskaper. Den solida konstruktionen av Nokia Hakkapeliitta 10 EV g\u00f6r d\u00e4cket extremt stabilt och slitbanan \u00e4r utformad f\u00f6r att klara h\u00f6g vridbelastning och tunga d\u00e4ckbelastningar.<\/p>\n<p><strong>Ansvarsfull s\u00e4kerhet<\/strong><\/p>\n<p>Fr\u00e5n milda vinterdagar till minusgrader, Nokias nya Hakkapeliitta 10 EV-bel\u00e4ggning f\u00f6rblir flexibel. Ett l\u00e4ttrullande ytm\u00f6nster och en uppfinningsrik anv\u00e4ndning av r\u00e5material g\u00f6r Nokian Hakkapeliitta 10 EV till ett mer ansvarsfullt val f\u00f6r f\u00f6rare. Nokian Hakkapeliitta 10 EV har l\u00e5gt rullmotst\u00e5nd, vilket ger br\u00e4nslebesparingar och minskar skadliga utsl\u00e4pp under k\u00f6rning. Nokian Hakkapeliitta 10 EV \u00f6kar driftradien f\u00f6r en elbil tack vare sin aerodynamiska, tunt r\u00e4fflade sidov\u00e4gg, medan d\u00e4ckets uppfinningsrika anv\u00e4ndning av r\u00e5material och l\u00e4tta rullm\u00f6nster g\u00f6r Nokian Hakkapeliitta 10 EV till ett mer ansvarsfullt val f\u00f6r bilister.<\/p>\n<p><strong>Tyst dubbd\u00e4ck f\u00f6r elbilar och hybrider<\/strong><\/p>\n<p>Nokian Hakkapeliitta 10 EV \u00e4r perfekt f\u00f6r moderna elbilar. Med SilentDrive\u2122-teknik har Nokian Hakkapeliitta 10 EV en j\u00e4mn och behaglig ljudmilj\u00f6 f\u00f6r en bekv\u00e4m k\u00f6rning, och dubbarna \u00e4r optimalt placerade f\u00f6r att minimera st\u00f6rande ljudv\u00e5gor och f\u00f6rhindra att d\u00e4ckbuller \u00e4ventyrar k\u00f6rkomforten.<\/p>\n<p><strong>Obs!<\/strong><br \/>\nNokia-d\u00e4cken kommer direkt fr\u00e5n leverant\u00f6ren till oss, vanligtvis dagen efter att best\u00e4llningen har gjorts.<br \/>\nLagersaldon uppdateras inte automatiskt, s\u00e5 vi kommer att kontakta dig omedelbart om d\u00e4cket av n\u00e5gon anledning inte finns tillg\u00e4ngligt omedelbart.<\/p>","protected":false},"featured_media":12575,"comment_status":"open","ping_status":"closed","template":"","meta":[],"product_brand":[],"product_cat":[152,371,128],"product_tag":[301,172,394,299,300,121,321],"class_list":{"0":"post-31031","1":"product","2":"type-product","3":"status-publish","4":"has-post-thumbnail","6":"product_cat-model-s","7":"product_cat-renkaat","8":"product_cat-tesla-tuotteet","9":"product_tag-autonrenkaat","10":"product_tag-model-s","11":"product_tag-nokian-renkaat","12":"product_tag-rengas","13":"product_tag-renkaat","14":"product_tag-tesla","15":"product_tag-vanteet","16":"product_shipping_class-nouto","18":"first","19":"instock","20":"taxable","21":"shipping-taxable","22":"purchasable","23":"product-type-simple"},"jetpack_sharing_enabled":true,"_links":{"self":[{"href":"https:\/\/www.vempele.fi\/sv\/wp-json\/wp\/v2\/product\/31031","targetHints":{"allow":["GET"]}}],"collection":[{"href":"https:\/\/www.vempele.fi\/sv\/wp-json\/wp\/v2\/product"}],"about":[{"href":"https:\/\/www.vempele.fi\/sv\/wp-json\/wp\/v2\/types\/product"}],"replies":[{"embeddable":true,"href":"https:\/\/www.vempele.fi\/sv\/wp-json\/wp\/v2\/comments?post=31031"}],"wp:featuredmedia":[{"embeddable":true,"href":"https:\/\/www.vempele.fi\/sv\/wp-json\/wp\/v2\/media\/12575"}],"wp:attachment":[{"href":"https:\/\/www.vempele.fi\/sv\/wp-json\/wp\/v2\/media?parent=31031"}],"wp:term":[{"taxonomy":"product_brand","embeddable":true,"href":"https:\/\/www.vempele.fi\/sv\/wp-json\/wp\/v2\/product_brand?post=31031"},{"taxonomy":"product_cat","embeddable":true,"href":"https:\/\/www.vempele.fi\/sv\/wp-json\/wp\/v2\/product_cat?post=31031"},{"taxonomy":"product_tag","embeddable":true,"href":"https:\/\/www.vempele.fi\/sv\/wp-json\/wp\/v2\/product_tag?post=31031"}],"curies":[{"name":"wp","href":"https:\/\/api.w.org\/{rel}","templated":true}]}}