{"id":31032,"date":"2024-09-10T13:26:17","date_gmt":"2024-09-10T10:26:17","guid":{"rendered":"https:\/\/www.vempele.fi\/?post_type=product&#038;p=31032"},"modified":"2024-09-10T13:52:21","modified_gmt":"2024-09-10T10:52:21","slug":"nokian-dack-hakkapeliitta-10-245-45r19-102t-xl-tl-modell-s","status":"publish","type":"product","link":"https:\/\/www.vempele.fi\/sv\/tuote\/nokian-tyres-hakkapeliitta-10-245-45r19-102t-xl-tl-model-s\/","title":{"rendered":"Nokian D\u00e4ck Hakkapeliitta 10 245\/45R19 102T XL TL - Modell S"},"content":{"rendered":"<p>1 st 245\/45R19 Nokian D\u00e4ck Hakkapeliitta 10 102T XL TL Dubbd\u00e4ck<\/p>\n<ul>\n<li class=\"single-product__section-title\">EU:s d\u00e4ckm\u00e4rkning<\/li>\n<li>Typ: dubbd\u00e4ck<\/li>\n<li>Tum: 19<\/li>\n<li>Bredd: 245<\/li>\n<li>Profil: 45<\/li>\n<li class=\"single-product__section-title\">Hastighetskategori: 190 km\/tim (T)<\/li>\n<li class=\"single-product__section-title\">Lastkapacitet: 850 kg (102)<\/li>\n<\/ul>","protected":false},"excerpt":{"rendered":"<p class=\"single-product__title\">245\/45R19 Nokian D\u00e4ck Hakkapeliitta 10 102T XL TL Dubbd\u00e4ck<\/p>\n<p>Dubbd\u00e4ck. Rekommenderas s\u00e4rskilt f\u00f6r Tesla Model S.<\/p>\n<p><strong>N\u00e4sta generations s\u00e4kerhet<\/strong><\/p>\n<p>Hakkapeliitta 10 dubbd\u00e4ck fr\u00e5n Nokia Tyres ger sinnesfrid under den nordiska vintern. Detta n\u00e4sta generations vinterd\u00e4ck kombinerar milj\u00f6v\u00e4nlighet, k\u00f6rkomfort och \u00f6verl\u00e4gset grepp p\u00e5 sn\u00f6 och is. Nokian Tyres Hakkapeliitta 10 anv\u00e4nder Nokian Tyres dubbelpinnsteknik, med mittpinnar f\u00f6r f\u00f6rb\u00e4ttrat grepp vid acceleration och bromsning och axelpinnar f\u00f6r maximalt grepp i kurvor och filbyten.F\u00f6r b\u00e4sta m\u00f6jliga k\u00f6rkomfort har Nokian Tyres Hakkapeliitta 10 ett nytt greppm\u00f6nster f\u00f6r stabilitet och sn\u00f6grepp, och optimal stiftplacering f\u00f6r en j\u00e4mn och behaglig ljudmilj\u00f6.<\/p>\n<p><strong>Obs!<\/strong><br \/>\nNokia-d\u00e4cken kommer direkt fr\u00e5n leverant\u00f6ren till oss, vanligtvis dagen efter att best\u00e4llningen har gjorts.<br \/>\nLagersaldon uppdateras inte automatiskt, s\u00e5 vi kommer att kontakta dig omedelbart om d\u00e4cket av n\u00e5gon anledning inte finns tillg\u00e4ngligt omedelbart.<\/p>","protected":false},"featured_media":12575,"comment_status":"open","ping_status":"closed","template":"","meta":[],"product_brand":[],"product_cat":[152,371,128],"product_tag":[301,172,394,299,300,121,321],"class_list":{"0":"post-31032","1":"product","2":"type-product","3":"status-publish","4":"has-post-thumbnail","6":"product_cat-model-s","7":"product_cat-renkaat","8":"product_cat-tesla-tuotteet","9":"product_tag-autonrenkaat","10":"product_tag-model-s","11":"product_tag-nokian-renkaat","12":"product_tag-rengas","13":"product_tag-renkaat","14":"product_tag-tesla","15":"product_tag-vanteet","16":"product_shipping_class-nouto","18":"first","19":"instock","20":"taxable","21":"shipping-taxable","22":"purchasable","23":"product-type-simple"},"jetpack_sharing_enabled":true,"_links":{"self":[{"href":"https:\/\/www.vempele.fi\/sv\/wp-json\/wp\/v2\/product\/31032","targetHints":{"allow":["GET"]}}],"collection":[{"href":"https:\/\/www.vempele.fi\/sv\/wp-json\/wp\/v2\/product"}],"about":[{"href":"https:\/\/www.vempele.fi\/sv\/wp-json\/wp\/v2\/types\/product"}],"replies":[{"embeddable":true,"href":"https:\/\/www.vempele.fi\/sv\/wp-json\/wp\/v2\/comments?post=31032"}],"wp:featuredmedia":[{"embeddable":true,"href":"https:\/\/www.vempele.fi\/sv\/wp-json\/wp\/v2\/media\/12575"}],"wp:attachment":[{"href":"https:\/\/www.vempele.fi\/sv\/wp-json\/wp\/v2\/media?parent=31032"}],"wp:term":[{"taxonomy":"product_brand","embeddable":true,"href":"https:\/\/www.vempele.fi\/sv\/wp-json\/wp\/v2\/product_brand?post=31032"},{"taxonomy":"product_cat","embeddable":true,"href":"https:\/\/www.vempele.fi\/sv\/wp-json\/wp\/v2\/product_cat?post=31032"},{"taxonomy":"product_tag","embeddable":true,"href":"https:\/\/www.vempele.fi\/sv\/wp-json\/wp\/v2\/product_tag?post=31032"}],"curies":[{"name":"wp","href":"https:\/\/api.w.org\/{rel}","templated":true}]}}