{"id":31039,"date":"2024-09-10T18:18:26","date_gmt":"2024-09-10T15:18:26","guid":{"rendered":"https:\/\/www.vempele.fi\/?post_type=product&#038;p=31039"},"modified":"2024-09-19T17:33:48","modified_gmt":"2024-09-19T14:33:48","slug":"monaco-gp6-19-friktionsdacksats-tesla-modell-y","status":"publish","type":"product","link":"https:\/\/www.vempele.fi\/sv\/tuote\/monaco-gp6-19-kitkarengaspaketti-tesla-model-y\/","title":{"rendered":"Monaco GP6 19\u2033 Friction-d\u00e4ckpaket - Tesla Model Y"},"content":{"rendered":"<p>Monaco GP6 \u00e4r en direktmonterad cool f\u00e4lg till din Tesla!<\/p>\n<p>D\u00e4ckpaketet levereras direkt hem till dig i en monteringsf\u00e4rdig f\u00f6rpackning.<br \/>\nLagersaldot f\u00f6r denna produkt uppdateras inte automatiskt, s\u00e5 om d\u00e4cket av n\u00e5gon anledning inte finns tillg\u00e4ngligt kommer vi att kontakta dig omedelbart, eller s\u00e5 kan du kontrollera tillg\u00e4ngligheten i f\u00f6rv\u00e4g. <\/p>\n<p>Leveranstiden f\u00f6r ett d\u00e4ckpaket \u00e4r ca 1-2 veckor fr\u00e5n best\u00e4llning.<\/p>\n<ul>\n<li>F\u00e4lgar: Monaco GP6\n<ul>\n<li>Storlek: 19\u2033<\/li>\n<li>Bredd: 8,5\u2033<\/li>\n<li>ET: 40<\/li>\n<li>Jako: 5\u00d7114,3<\/li>\n<li>Centrumh\u00e5l: 64,1 mm<\/li>\n<li>Vikt: 14,9Kg<\/li>\n<li>Lastkapacitet: 900 kg<\/li>\n<li>Tryckgivare: Huf BT<\/li>\n<\/ul>\n<\/li>\n<\/ul>\n<p>F\u00f6r mer information om d\u00e4ckalternativ, klicka h\u00e4r:<\/p>\n<details>\n<summary><b> Brigdestone - Blizzak 6 XL 255\/45WR19 <\/b><\/summary>\n<ul>\n<li>Lastkapacitet: 104 <\/li>\n<li>Symbol f\u00f6r hastighetskategori: W (270 km\/h)\n<li>D\u00e4ckklass: C1<\/li>\n<\/ul>\n<p><img decoding=\"async\" src=\"https:\/\/www.vempele.fi\/wp-content\/uploads\/2024\/09\/bridgestone_blizzak_6_255_45r19.png\" alt=\"\" \/>\n<\/p>\n<\/details>\n<p>&nbsp;<\/p>\n<details>\n<summary><b> Hankook - IOn Icept EV 255\/45VR19 XL <\/b><\/summary>\n<ul>\n<li>Lastkapacitet: 104 <\/li>\n<li>Symbol f\u00f6r hastighetskategori: V (240 km\/h)\n<li>D\u00e4ckklass: C1<\/li>\n<\/ul>\n<p><img decoding=\"async\" src=\"https:\/\/www.vempele.fi\/wp-content\/uploads\/2024\/09\/hankook_ion_icept_ev_255_45_19.png\" alt=\"\" \/>\n<\/p>\n<\/details>\n<p>&nbsp;<\/p>\n<details>\n<summary><b> Goodyear - Ultragrip Performance+ SCT 255\/45VR19 <\/b><\/summary>\n<ul>\n<li>Lastkapacitet: 104 <\/li>\n<li>Skylt f\u00f6r hastighetskategori: Y (&gt;300km\/h)\n<li>D\u00e4ckklass: C1<\/li>\n<\/ul>\n<p><img decoding=\"async\" src=\"https:\/\/www.vempele.fi\/wp-content\/uploads\/2024\/09\/goodyear_ultragrip_performance_plus_sct_255_45vr19.png\" alt=\"\" \/>\n<\/p>\n<\/details>\n<p>&nbsp;<\/p>\n<details>\n<summary><b> Michelin - X-Ice Snow 4 XL 255\/45HR19 <\/b><\/summary>\n<ul>\n<li>Lastkapacitet: 104 <\/li>\n<li>Skylt f\u00f6r hastighetskategori: H (210 km\/h)\n<li>D\u00e4ckklass: C1<\/li>\n<\/ul>\n<p><img decoding=\"async\" src=\"https:\/\/www.vempele.fi\/wp-content\/uploads\/2024\/09\/michelin_x_ice_snow_255_45hr19.png\" alt=\"\" \/>\n<\/p>\n<\/details>\n<p>&nbsp;<\/p>","protected":false},"excerpt":{"rendered":"<p>Ett f\u00e4rdigt paket som \u00e4r l\u00e4tt att v\u00e4lja och som passar dina behov!<\/p>\n<p>Du kan enkelt v\u00e4lja mellan en rad olika d\u00e4ckalternativ och f\u00e4lgf\u00e4rger f\u00f6r att hitta den som passar dig b\u00e4st.<\/p>\n<p>Monaco GP6 passar direkt till Tesla, s\u00e5 inga adapterringar beh\u00f6vs. F\u00f6r mer information om d\u00e4ck och f\u00e4lgar, se l\u00e4ngst ned p\u00e5 denna sida. <\/p>\n<p>P\u00e5 Model Y levereras d\u00e4ck-till-f\u00e4lg-paketen med Huf BT TPMS-sensorer installerade.<\/p>","protected":false},"featured_media":26727,"comment_status":"open","ping_status":"closed","template":"","meta":[],"product_brand":[],"product_cat":[154,593],"product_tag":[694,271,591,300,302,121,592,321],"class_list":{"0":"post-31039","1":"product","2":"type-product","3":"status-publish","4":"has-post-thumbnail","6":"product_cat-model-y","7":"product_cat-rengaspaketit","8":"product_tag-kitkarenkaat","9":"product_tag-model-y","10":"product_tag-rengaspaketti","11":"product_tag-renkaat","12":"product_tag-talvirenkaat","13":"product_tag-tesla","14":"product_tag-vannepaketti","15":"product_tag-vanteet","17":"first","18":"instock","19":"taxable","20":"shipping-taxable","21":"purchasable","22":"product-type-variable"},"jetpack_sharing_enabled":true,"_links":{"self":[{"href":"https:\/\/www.vempele.fi\/sv\/wp-json\/wp\/v2\/product\/31039","targetHints":{"allow":["GET"]}}],"collection":[{"href":"https:\/\/www.vempele.fi\/sv\/wp-json\/wp\/v2\/product"}],"about":[{"href":"https:\/\/www.vempele.fi\/sv\/wp-json\/wp\/v2\/types\/product"}],"replies":[{"embeddable":true,"href":"https:\/\/www.vempele.fi\/sv\/wp-json\/wp\/v2\/comments?post=31039"}],"wp:featuredmedia":[{"embeddable":true,"href":"https:\/\/www.vempele.fi\/sv\/wp-json\/wp\/v2\/media\/26727"}],"wp:attachment":[{"href":"https:\/\/www.vempele.fi\/sv\/wp-json\/wp\/v2\/media?parent=31039"}],"wp:term":[{"taxonomy":"product_brand","embeddable":true,"href":"https:\/\/www.vempele.fi\/sv\/wp-json\/wp\/v2\/product_brand?post=31039"},{"taxonomy":"product_cat","embeddable":true,"href":"https:\/\/www.vempele.fi\/sv\/wp-json\/wp\/v2\/product_cat?post=31039"},{"taxonomy":"product_tag","embeddable":true,"href":"https:\/\/www.vempele.fi\/sv\/wp-json\/wp\/v2\/product_tag?post=31039"}],"curies":[{"name":"wp","href":"https:\/\/api.w.org\/{rel}","templated":true}]}}