{"id":31103,"date":"2024-09-10T18:38:01","date_gmt":"2024-09-10T15:38:01","guid":{"rendered":"https:\/\/www.vempele.fi\/?post_type=product&#038;p=31103"},"modified":"2024-09-15T13:42:08","modified_gmt":"2024-09-15T10:42:08","slug":"monaco-gp6-18-friktionsdack-set-tesla-model-3","status":"publish","type":"product","link":"https:\/\/www.vempele.fi\/sv\/tuote\/monaco-gp6-18-kitkarengaspaketti-tesla-model-3\/","title":{"rendered":"Monaco GP6 18\u2033 Kit D\u00e4ckpaket - Tesla Model 3"},"content":{"rendered":"<p>Monaco GP6 \u00e4r en direktmonterad cool f\u00e4lg till din Tesla!<\/p>\n<p>D\u00e4ckpaketet levereras direkt hem till dig i en monteringsf\u00e4rdig f\u00f6rpackning.<br \/>\nLagersaldot f\u00f6r denna produkt uppdateras inte automatiskt, s\u00e5 om d\u00e4cket av n\u00e5gon anledning inte finns tillg\u00e4ngligt kommer vi att kontakta dig omedelbart, eller s\u00e5 kan du kontrollera tillg\u00e4ngligheten i f\u00f6rv\u00e4g. <\/p>\n<p>Leveranstiden f\u00f6r ett d\u00e4ckpaket \u00e4r ca 1-2 veckor fr\u00e5n best\u00e4llning.<\/p>\n<ul>\n<li>F\u00e4lgar: Monaco GP6\n<ul>\n<li>Storlek: 18\u2033<\/li>\n<li>Bredd: 8\u2033<\/li>\n<li>ET: 38<\/li>\n<li>Jako: 5\u00d7114,3<\/li>\n<li>Centrumh\u00e5l: 64,1 mm<\/li>\n<li>Vikt: 12,9 kg<\/li>\n<li>Lastkapacitet: 720 kg<\/li>\n<\/ul>\n<\/li>\n<\/ul>\n<p>F\u00f6r mer information om d\u00e4ckalternativ, klicka h\u00e4r:<\/p>\n<details>\n<summary><b> Linglong - Green Max Winter UHP <\/b><\/summary>\n<ul>\n<li>Belastningsindex: 98 <\/li>\n<li>Symbol f\u00f6r hastighetskategori: V (240 km\/h)\n<li>D\u00e4ckklass: C1<\/li>\n<\/ul>\n<p><img decoding=\"async\" src=\"https:\/\/www.vempele.fi\/wp-content\/uploads\/2024\/09\/Lingong_green_max_winter_uhp_235_45R18.png\" alt=\"\" \/>\n<\/p>\n<\/details>\n<p>&nbsp;<\/p>\n<details>\n<summary><b> Viking - Wintech XL FR <\/b><\/summary>\n<ul>\n<li>Belastningsindex: 98 <\/li>\n<li>Symbol f\u00f6r hastighetskategori: V (240 km\/h)\n<li>D\u00e4ckklass: C1<\/li>\n<\/ul>\n<p><img decoding=\"async\" src=\"https:\/\/www.vempele.fi\/wp-content\/uploads\/2024\/09\/viking_wintech_xl_235_45R18.png\" alt=\"\" \/>\n<\/p>\n<\/details>\n<p>&nbsp;<\/p>\n<details>\n<summary><b> Bridgestone - Blizzak 6 XL <\/b><\/summary>\n<ul>\n<li>Belastningsindex: 98 <\/li>\n<li>Symbol f\u00f6r hastighetskategori: V (240 km\/h)\n<li>D\u00e4ckklass: C1<\/li>\n<\/ul>\n<p><img decoding=\"async\" src=\"https:\/\/www.vempele.fi\/wp-content\/uploads\/2024\/09\/bridgestone_blizzak_6_235_45R18_xl.png\" alt=\"\" \/>\n<\/p>\n<\/details>\n<p>&nbsp;<\/p>\n<p>&nbsp;<\/p>","protected":false},"excerpt":{"rendered":"<p>Ett f\u00e4rdigt paket som \u00e4r l\u00e4tt att v\u00e4lja och som passar dina behov!<\/p>\n<p>Du kan enkelt v\u00e4lja mellan en rad olika d\u00e4ckalternativ och f\u00e4lgf\u00e4rger f\u00f6r att hitta den som passar dig b\u00e4st.<\/p>\n<p>Monaco GP6 passar direkt till Tesla, s\u00e5 inga adapterringar beh\u00f6vs. F\u00f6r mer information om d\u00e4ck och f\u00e4lgar, se l\u00e4ngst ned p\u00e5 denna sida. <\/p>\n<p><strong>Vilka sensorer ska jag v\u00e4lja?<\/strong><br \/>\nF\u00f6r sensorer g\u00e4ller som regel att 10\/2020 och fram\u00e5t \u00e4r Bluetooth-sensorer och \u00e4ldre 433Mhz-sensorer. Om bilen \u00e4r tillverkad n\u00e4ra detta datum \u00e4r det dock v\u00e4rt att kontrollera vilka sensorer som \u00e4r monterade.<br \/>\nF\u00f6r 433Mhz-sensorer ber vi dig ocks\u00e5 att l\u00e4gga till bilens tillverkningsdatum, t.ex. 05\/2019, i orderinformationen.<\/p>","protected":false},"featured_media":26727,"comment_status":"open","ping_status":"closed","template":"","meta":[],"product_brand":[],"product_cat":[593],"product_tag":[694,156,591,300,302,121,592,321],"class_list":{"0":"post-31103","1":"product","2":"type-product","3":"status-publish","4":"has-post-thumbnail","6":"product_cat-rengaspaketit","7":"product_tag-kitkarenkaat","8":"product_tag-model-3","9":"product_tag-rengaspaketti","10":"product_tag-renkaat","11":"product_tag-talvirenkaat","12":"product_tag-tesla","13":"product_tag-vannepaketti","14":"product_tag-vanteet","16":"first","17":"instock","18":"taxable","19":"shipping-taxable","20":"purchasable","21":"product-type-variable"},"jetpack_sharing_enabled":true,"_links":{"self":[{"href":"https:\/\/www.vempele.fi\/sv\/wp-json\/wp\/v2\/product\/31103","targetHints":{"allow":["GET"]}}],"collection":[{"href":"https:\/\/www.vempele.fi\/sv\/wp-json\/wp\/v2\/product"}],"about":[{"href":"https:\/\/www.vempele.fi\/sv\/wp-json\/wp\/v2\/types\/product"}],"replies":[{"embeddable":true,"href":"https:\/\/www.vempele.fi\/sv\/wp-json\/wp\/v2\/comments?post=31103"}],"wp:featuredmedia":[{"embeddable":true,"href":"https:\/\/www.vempele.fi\/sv\/wp-json\/wp\/v2\/media\/26727"}],"wp:attachment":[{"href":"https:\/\/www.vempele.fi\/sv\/wp-json\/wp\/v2\/media?parent=31103"}],"wp:term":[{"taxonomy":"product_brand","embeddable":true,"href":"https:\/\/www.vempele.fi\/sv\/wp-json\/wp\/v2\/product_brand?post=31103"},{"taxonomy":"product_cat","embeddable":true,"href":"https:\/\/www.vempele.fi\/sv\/wp-json\/wp\/v2\/product_cat?post=31103"},{"taxonomy":"product_tag","embeddable":true,"href":"https:\/\/www.vempele.fi\/sv\/wp-json\/wp\/v2\/product_tag?post=31103"}],"curies":[{"name":"wp","href":"https:\/\/api.w.org\/{rel}","templated":true}]}}