{"id":31931,"date":"2024-10-04T00:00:00","date_gmt":"2024-10-03T21:00:00","guid":{"rendered":"https:\/\/www.vempele.fi\/fi\/?post_type=product&#038;p=31931"},"modified":"2026-04-01T14:51:08","modified_gmt":"2026-04-01T11:51:08","slug":"linglong-greenmax-vintergrepp-2-255-45r19-104t-tesla-modell-y","status":"publish","type":"product","link":"https:\/\/www.vempele.fi\/sv\/tuote\/linglong-greenmax-winter-grip-2-255-45r19-104t-tesla-model-y\/","title":{"rendered":"Linglong GreenMax Winter Grip 2 255\/45R19 104T - Tesla Model Y"},"content":{"rendered":"<p>1 Linglong GreenMax Winter Grip 2 255\/45-19 104T<\/p>\n<ul>\n<li>EU:s d\u00e4ckm\u00e4rkning<\/li>\n<li>Typ: dubbd\u00e4ck<\/li>\n<li>Tum: 19<\/li>\n<li>Bredd: 255<\/li>\n<li>Profil: 45<\/li>\n<li>Hastighetskategori: T<\/li>\n<li>Lastkapacitetsklass: 104<\/li>\n<li>D\u00e4ckklassificering: C1<\/li>\n<li>Br\u00e4nsleekonomi: <\/li>\n<li>Underh\u00e5ll av v\u00e5tutrymmen: <\/li>\n<li>Klassificering av ljud fr\u00e5n ratten:\u00a0 <\/li>\n<\/ul>\n<p>D\u00e4cken levereras direkt fr\u00e5n partnerns lager.<\/p>\n<p><img decoding=\"async\" src=\"\" width=\"300\" \/><\/p>\n<p>Produktinformation h\u00e4mtad fr\u00e5n en partner.<\/p>","protected":false},"excerpt":{"rendered":"<p>GreenMax Winter Grip 2 - sj\u00e4lvf\u00f6rtroende och grepp<br \/>\ntill den nordliga vintern<br \/>\n&#13;<br \/>\nGreenMax Winter Grip 2 \u00e4r prisv\u00e4rd och har h\u00f6g prestanda<br \/>\nett dubbd\u00e4ck som \u00e4r s\u00e4rskilt utformat f\u00f6r kr\u00e4vande nordiska f\u00f6rh\u00e5llanden<br \/>\nf\u00f6r vinterf\u00f6rh\u00e5llanden.  D\u00e4ckets moderna slitbanem\u00f6nster i kombination med effektiv dubbd\u00e4ckning<br \/>\nf\u00f6r utm\u00e4rkt grepp p\u00e5 is och sn\u00f6 samt stabila k\u00f6regenskaper<br \/>\np\u00e5 varierande v\u00e4gar.<br \/>\n&#13;<br \/>\nViktiga egenskaper:<br \/>\n&#13;<br \/>\n&#13;<br \/>\n Effektiv<br \/>\n     dubbarna ger s\u00e4kert grepp p\u00e5 isiga v\u00e4gar<br \/>\n Djup<br \/>\n     sp\u00e5ren och den optimerade lamelleringen f\u00f6rb\u00e4ttrar sn\u00f6upptaget och f\u00f6rhindrar att sn\u00f6s\u00f6rja transporteras<br \/>\n Tyst<br \/>\n     och en behaglig k\u00f6rupplevelse j\u00e4mf\u00f6rt med m\u00e5nga liknande budgetbilar.<br \/>\n     p\u00e5 d\u00e4ck<br \/>\n H\u00e5llbar<br \/>\n     gummiblandningen beh\u00e5ller sin flexibilitet i kalla temperaturer, vilket f\u00f6rb\u00e4ttrar<br \/>\n     s\u00e4kerhet<br \/>\n&#13;<br \/>\n&#13;<br \/>\nGreenMax Winter Grip 2 \u00e4r ett utm\u00e4rkt val f\u00f6r dig som<br \/>\ndu letar efter ett p\u00e5litligt dubbd\u00e4ck till ett \u00f6verkomligt pris utan kompromisser<br \/>\ns\u00e4kerhet p\u00e5 vintern.  D\u00e4cket \u00e4r idealiskt f\u00f6r personbilar och sm\u00e5<br \/>\nSUV:ar, och dess prestanda har testats under tuffa f\u00f6rh\u00e5llanden.<br \/>\n&#13;<br \/>\nFinns i en rad olika storlekar - hitta r\u00e4tt storlek f\u00f6r din bil<br \/>\nnu! <\/p>\n<p> D\u00e4cken levereras direkt fr\u00e5n partnerns lager.<\/p>","protected":false},"featured_media":31932,"comment_status":"open","ping_status":"open","template":"","meta":[],"product_brand":[],"product_cat":[371],"product_tag":[714,632,271,713,121],"class_list":{"0":"post-31931","1":"product","2":"type-product","3":"status-publish","4":"has-post-thumbnail","6":"product_cat-renkaat","7":"product_tag-greenmax-winter-grip-2","8":"product_tag-linglong","9":"product_tag-model-y","10":"product_tag-nastarengas","11":"product_tag-tesla","13":"first","14":"instock","15":"taxable","16":"shipping-taxable","17":"purchasable","18":"product-type-simple"},"jetpack_sharing_enabled":true,"_links":{"self":[{"href":"https:\/\/www.vempele.fi\/sv\/wp-json\/wp\/v2\/product\/31931","targetHints":{"allow":["GET"]}}],"collection":[{"href":"https:\/\/www.vempele.fi\/sv\/wp-json\/wp\/v2\/product"}],"about":[{"href":"https:\/\/www.vempele.fi\/sv\/wp-json\/wp\/v2\/types\/product"}],"replies":[{"embeddable":true,"href":"https:\/\/www.vempele.fi\/sv\/wp-json\/wp\/v2\/comments?post=31931"}],"wp:featuredmedia":[{"embeddable":true,"href":"https:\/\/www.vempele.fi\/sv\/wp-json\/wp\/v2\/media\/31932"}],"wp:attachment":[{"href":"https:\/\/www.vempele.fi\/sv\/wp-json\/wp\/v2\/media?parent=31931"}],"wp:term":[{"taxonomy":"product_brand","embeddable":true,"href":"https:\/\/www.vempele.fi\/sv\/wp-json\/wp\/v2\/product_brand?post=31931"},{"taxonomy":"product_cat","embeddable":true,"href":"https:\/\/www.vempele.fi\/sv\/wp-json\/wp\/v2\/product_cat?post=31931"},{"taxonomy":"product_tag","embeddable":true,"href":"https:\/\/www.vempele.fi\/sv\/wp-json\/wp\/v2\/product_tag?post=31931"}],"curies":[{"name":"wp","href":"https:\/\/api.w.org\/{rel}","templated":true}]}}