{"id":31933,"date":"2024-10-03T00:00:00","date_gmt":"2024-10-02T21:00:00","guid":{"rendered":"https:\/\/www.vempele.fi\/fi\/?post_type=product&#038;p=31933"},"modified":"2026-04-19T02:51:37","modified_gmt":"2026-04-18T23:51:37","slug":"contio-bearpaw-245-45r19-102w-tesla-modell-s","status":"publish","type":"product","link":"https:\/\/www.vempele.fi\/sv\/tuote\/kontio-bearpaw-245-45r19-102w-tesla-model-s\/","title":{"rendered":"Kontio BearPaw 245\/45R19 102W - Tesla Model S"},"content":{"rendered":"<p>1 st Kontio BearPaw 245\/45-19 102W<\/p>\n<ul>\n<li>EU:s d\u00e4ckm\u00e4rkning<\/li>\n<li>Typ: sommard\u00e4ck<\/li>\n<li>Tum: 19<\/li>\n<li>Bredd: 245<\/li>\n<li>Profil: 45<\/li>\n<li>Hastighetskategori: W<\/li>\n<li>Lastkapacitetsklass: 102<\/li>\n<li>D\u00e4ckklassificering: C1<\/li>\n<li>Br\u00e4nsleekonomi: C<\/li>\n<li>V\u00e5t underh\u00e5ll: B<\/li>\n<li>Ljudniv\u00e5 och intensitet i hytten: B - 71dB<\/li>\n<\/ul>\n<p>&nbsp;<\/p>\n<p>D\u00e4cken levereras direkt fr\u00e5n partnerns lager.<\/p>\n<p><img decoding=\"async\" src=\"https:\/\/www.vempele.fi\/wp-content\/uploads\/2024\/10\/Label_1059737.svg\" width=\"300\" \/><\/p>\n<p>D\u00e4ckinformation h\u00e4mtad fr\u00e5n en partner.<\/p>","protected":false},"excerpt":{"rendered":"<p>Kontio premium sommard\u00e4ckKontio premium sommard\u00e4ck \u00e4r utformade f\u00f6r den finska bilisten p\u00e5 v\u00e4garna i norr.  Kontio premium sommard\u00e4ck \u00e4r tysta och p\u00e5litliga.  Som \u00e4rliga finl\u00e4ndare sj\u00e4lva.<br \/>\n\u00a0&#13;<br \/>\n\u00a0&#13;<br \/>\n\u00a0&#13;<br \/>\n\u00a0 <\/p>\n<p> D\u00e4cken levereras direkt fr\u00e5n partnerns lager.<\/p>","protected":false},"featured_media":31935,"comment_status":"open","ping_status":"open","template":"","meta":[],"product_brand":[],"product_cat":[371],"product_tag":[615,696,614,172,121],"class_list":{"0":"post-31933","1":"product","2":"type-product","3":"status-publish","4":"has-post-thumbnail","6":"product_cat-renkaat","7":"product_tag-bearpaw","8":"product_tag-kesarengas","9":"product_tag-kontio","10":"product_tag-model-s","11":"product_tag-tesla","13":"first","14":"instock","15":"taxable","16":"shipping-taxable","17":"purchasable","18":"product-type-simple"},"jetpack_sharing_enabled":true,"_links":{"self":[{"href":"https:\/\/www.vempele.fi\/sv\/wp-json\/wp\/v2\/product\/31933","targetHints":{"allow":["GET"]}}],"collection":[{"href":"https:\/\/www.vempele.fi\/sv\/wp-json\/wp\/v2\/product"}],"about":[{"href":"https:\/\/www.vempele.fi\/sv\/wp-json\/wp\/v2\/types\/product"}],"replies":[{"embeddable":true,"href":"https:\/\/www.vempele.fi\/sv\/wp-json\/wp\/v2\/comments?post=31933"}],"wp:featuredmedia":[{"embeddable":true,"href":"https:\/\/www.vempele.fi\/sv\/wp-json\/wp\/v2\/media\/31935"}],"wp:attachment":[{"href":"https:\/\/www.vempele.fi\/sv\/wp-json\/wp\/v2\/media?parent=31933"}],"wp:term":[{"taxonomy":"product_brand","embeddable":true,"href":"https:\/\/www.vempele.fi\/sv\/wp-json\/wp\/v2\/product_brand?post=31933"},{"taxonomy":"product_cat","embeddable":true,"href":"https:\/\/www.vempele.fi\/sv\/wp-json\/wp\/v2\/product_cat?post=31933"},{"taxonomy":"product_tag","embeddable":true,"href":"https:\/\/www.vempele.fi\/sv\/wp-json\/wp\/v2\/product_tag?post=31933"}],"curies":[{"name":"wp","href":"https:\/\/api.w.org\/{rel}","templated":true}]}}