{"id":31937,"date":"2024-10-03T00:00:00","date_gmt":"2024-10-02T21:00:00","guid":{"rendered":"https:\/\/www.vempele.fi\/fi\/?post_type=product&#038;p=31937"},"modified":"2026-04-24T07:51:09","modified_gmt":"2026-04-24T04:51:09","slug":"linglong-greenmax-vintergrepp-suv-275-45r20-110t-tesla-modell-x","status":"publish","type":"product","link":"https:\/\/www.vempele.fi\/sv\/tuote\/linglong-greenmax-winter-grip-suv-275-45r20-110t-tesla-model-x\/","title":{"rendered":"Linglong GreenMax Winter Grip SUV 275\/45R20 110T - Tesla Model X"},"content":{"rendered":"<p>1 Linglong GreenMax Winter Grip SUV 275\/45-20 110T<\/p>\n<ul>\n<li>EU:s d\u00e4ckm\u00e4rkning<\/li>\n<li>Typ: friktionsring<\/li>\n<li>Tum: 20<\/li>\n<li>Bredd: 275<\/li>\n<li>Profil: 45<\/li>\n<li>Hastighetskategori: T<\/li>\n<li>Lastkapacitetsklass: 110<\/li>\n<li>Klassificering av d\u00e4ck: <\/li>\n<li>Br\u00e4nsleekonomi: <\/li>\n<li>Underh\u00e5ll av v\u00e5tutrymmen: <\/li>\n<li>Klassificering av ljud fr\u00e5n ratten:\u00a0 <\/li>\n<\/ul>\n<p>&nbsp;<\/p>\n<p>D\u00e4cken levereras direkt fr\u00e5n partnerns lager.<\/p>\n<p><img decoding=\"async\" src=\"\" width=\"300\" \/><\/p>\n<p>D\u00e4ckinformation h\u00e4mtad fr\u00e5n en partner.<\/p>","protected":false},"excerpt":{"rendered":"<p>Finska dubbd\u00e4cket Linglong GreenMax Winter Grip<br \/>\n&#13;<br \/>\nTestat och utvecklat i Ivalo.  Linglongs nya dubbd\u00e4ck GreenMax Winter Grip har utvecklats speciellt f\u00f6r de kr\u00e4vande vinterf\u00f6rh\u00e5llandena i Finland.  D\u00e4cket har utvecklats och testats flera g\u00e5nger p\u00e5 Finlands mest v\u00e4lrenommerade testanl\u00e4ggning f\u00f6r vinterd\u00e4ck, Ivalo Test World.  Genom att testa flera olika gummiblandningar och konstruktioner under verkliga nordiska vinterf\u00f6rh\u00e5llanden har man skapat ett vinterd\u00e4ck som \u00e4r perfekt anpassat till den finska vintern.<br \/>\nDubbade med finska Tikka-stift.  Linglong GreenMax Winter Grip \u00e4r f\u00f6rsedd med inhemska Tikka- dubbar f\u00f6r b\u00e4sta m\u00f6jliga grepp p\u00e5 is.  Tikka har varit kvalitetsledande inom dubbtillverkning \u00e4nda sedan f\u00f6retaget utvecklade v\u00e4rldens f\u00f6rsta d\u00e4ckdubbar p\u00e5 1950-talet.<br \/>\nTillverkad med finska A-Technology automatmaskiner.  Den stabila kvaliteten p\u00e5 dubbarna garanteras av fabriksbultning med de b\u00e4sta helautomatiska A-Technology-maskinerna p\u00e5 marknaden.<br \/>\nUtm\u00e4rkta testresultat<br \/>\nVid utvecklingen av Linglong GreenMax Winter Grip, den nuvarande marknadsledaren och testvinnaren i de flesta j\u00e4mf\u00f6relser, valdes Nokias Hakkapeliitta 7 och Hankook Winter I*Pike som referensd\u00e4ck.  M\u00e5let var att skapa ett d\u00e4ck som prestandam\u00e4ssigt skulle ligga n\u00e5gonstans mellan dessa tv\u00e5 d\u00e4ck och som skulle ge b\u00e4st valuta f\u00f6r pengarna av de tre d\u00e4cken.<br \/>\nD\u00e4cktesterna utf\u00f6rdes av v\u00e4rldens ledande testanl\u00e4ggning f\u00f6r vinterd\u00e4ck, Test World i Ivalo, Finland.  Test World \u00e4r v\u00e4lk\u00e4nt i Finland f\u00f6r bland annat sina d\u00e4cktester Tekniikan Welt.  Testerna visade att Linglong klarade sig mycket bra i en tuff j\u00e4mf\u00f6relsegrupp.  I testerna unders\u00f6ktes d\u00e4ckets bromsprestanda p\u00e5 sn\u00f6, is, v\u00e5tt och torrt underlag.  Linglong kom p\u00e5 andra plats eller b\u00e4ttre under alla f\u00f6rh\u00e5llanden och slog Hankook p\u00e5 tre av fyra underlag och Nokia p\u00e5 tv\u00e5 av fyra.  Sammantaget kan Linglong till och med betraktas som det b\u00e4sta d\u00e4cket i referensgruppen, och n\u00e4r man tar h\u00e4nsyn till det mycket l\u00e4gre priset p\u00e5 Linglong \u00e4r Linglongs pris\/prestandaf\u00f6rh\u00e5llande \u00f6verl\u00e4gset konkurrenternas.<br \/>\nLita p\u00e5 den finska expertisen inom vinterd\u00e4ck och v\u00e4lj det s\u00e4kra Linglong GreenMax Winter Grip!<br \/>\n&#13;<br \/>\nLinglong \u00e4r allm\u00e4nt ansedd som den kinesiska d\u00e4cktillverkaren av h\u00f6gsta kvalitet.  Det \u00e4r framf\u00f6r allt de spektakul\u00e4ra test- och f\u00f6rs\u00e4ljningsframg\u00e5ngarna f\u00f6r Linglongs flaggskeppsprodukt, GreenMax-d\u00e4ckfamiljen, som har skapat ett starkt varum\u00e4rkesrykte i hela Europa.  Linglong har seglat upp p\u00e5 f\u00f6rsta plats p\u00e5 den finska d\u00e4cklistan tack vare utm\u00e4rkt kundn\u00f6jdhet och marknadens b\u00e4sta valuta f\u00f6r pengarna. <\/p>\n<p>D\u00e4cken levereras direkt fr\u00e5n partnerns lager.<\/p>","protected":false},"featured_media":31938,"comment_status":"open","ping_status":"open","template":"","meta":[],"product_brand":[],"product_cat":[371],"product_tag":[715,704,632,173,121],"class_list":{"0":"post-31937","1":"product","2":"type-product","3":"status-publish","4":"has-post-thumbnail","6":"product_cat-renkaat","7":"product_tag-greenmax-winter-grip-suv","8":"product_tag-kitkarengas","9":"product_tag-linglong","10":"product_tag-model-x","11":"product_tag-tesla","13":"first","14":"instock","15":"taxable","16":"shipping-taxable","17":"purchasable","18":"product-type-simple"},"jetpack_sharing_enabled":true,"_links":{"self":[{"href":"https:\/\/www.vempele.fi\/sv\/wp-json\/wp\/v2\/product\/31937","targetHints":{"allow":["GET"]}}],"collection":[{"href":"https:\/\/www.vempele.fi\/sv\/wp-json\/wp\/v2\/product"}],"about":[{"href":"https:\/\/www.vempele.fi\/sv\/wp-json\/wp\/v2\/types\/product"}],"replies":[{"embeddable":true,"href":"https:\/\/www.vempele.fi\/sv\/wp-json\/wp\/v2\/comments?post=31937"}],"wp:featuredmedia":[{"embeddable":true,"href":"https:\/\/www.vempele.fi\/sv\/wp-json\/wp\/v2\/media\/31938"}],"wp:attachment":[{"href":"https:\/\/www.vempele.fi\/sv\/wp-json\/wp\/v2\/media?parent=31937"}],"wp:term":[{"taxonomy":"product_brand","embeddable":true,"href":"https:\/\/www.vempele.fi\/sv\/wp-json\/wp\/v2\/product_brand?post=31937"},{"taxonomy":"product_cat","embeddable":true,"href":"https:\/\/www.vempele.fi\/sv\/wp-json\/wp\/v2\/product_cat?post=31937"},{"taxonomy":"product_tag","embeddable":true,"href":"https:\/\/www.vempele.fi\/sv\/wp-json\/wp\/v2\/product_tag?post=31937"}],"curies":[{"name":"wp","href":"https:\/\/api.w.org\/{rel}","templated":true}]}}