{"id":32095,"date":"2024-10-11T13:23:32","date_gmt":"2024-10-11T10:23:32","guid":{"rendered":"https:\/\/www.vempele.fi\/?post_type=product&#038;p=32095"},"modified":"2026-03-03T11:41:52","modified_gmt":"2026-03-03T09:41:52","slug":"framre-axelns-nedre-stodarm-parla-polypro-tesla-modell-3","status":"publish","type":"product","link":"https:\/\/www.vempele.fi\/sv\/tuote\/etuakselin-alatukivarren-hela-polypro-tesla-model-3\/","title":{"rendered":"Vulst f\u00f6r fr\u00e4mre axelns nedre styrarm - PolyPro - Tesla Model 3"},"content":{"rendered":"<ul>\n<li>Tillverkare:PolyPro<\/li>\n<li>Tillverkarens produktnummer: PP-1854<\/li>\n<li>L\u00e4mplighet:\n<ul>\n<li>Model 3 Pre-Refresh vm. 2019 - 2021<\/li>\n<li>Modell 3 Uppdatering vm. 2021 - 2023<\/li>\n<\/ul>\n<\/li>\n<li>OE-produktnummer som tillhandah\u00e5lls av tillverkaren:\n<ul>\n<li>1044341-00-C<\/li>\n<\/ul>\n<\/li>\n<li>Tillverkningsland: Ukraina<\/li>\n<\/ul>\n<p>&nbsp;<\/p>","protected":false},"excerpt":{"rendered":"<p>Utbytbar fl\u00e4ns i polyuretan. Passar Tesla modell 3 fr\u00e4mre nedre st\u00f6darm.<\/p>\n<p>St\u00f6tf\u00e5ngare av polyuretan \u00e4r det b\u00e4sta valet f\u00f6r bilens underrede eftersom de erbjuder \u00f6verl\u00e4gsen h\u00e5llbarhet, styvhet och prestanda j\u00e4mf\u00f6rt med traditionella st\u00f6tf\u00e5ngare av gummi. De minskar flexen i bilens chassi, f\u00f6rb\u00e4ttrar styrprecisionen och ger en stabilare k\u00f6rk\u00e4nsla. Dessutom \u00e4r polyuretan mer motst\u00e5ndskraftigt mot temperaturv\u00e4xlingar, oljor och kemikalier.<\/p>","protected":false},"featured_media":32096,"comment_status":"open","ping_status":"closed","template":"","meta":[],"product_brand":[786],"product_cat":[151,471],"product_tag":[576,156,716,717,121,476,319],"class_list":{"0":"post-32095","1":"product","2":"type-product","3":"status-publish","4":"has-post-thumbnail","6":"product_brand-polypro","7":"product_cat-model-3","8":"product_cat-model-3-varaosat","9":"product_tag-hela","10":"product_tag-model-3","11":"product_tag-polypro","12":"product_tag-polyuretaani","13":"product_tag-tesla","14":"product_tag-tukivarsi","15":"product_tag-varaosat","17":"first","18":"instock","19":"taxable","20":"shipping-taxable","21":"purchasable","22":"product-type-simple"},"jetpack_sharing_enabled":true,"_links":{"self":[{"href":"https:\/\/www.vempele.fi\/sv\/wp-json\/wp\/v2\/product\/32095","targetHints":{"allow":["GET"]}}],"collection":[{"href":"https:\/\/www.vempele.fi\/sv\/wp-json\/wp\/v2\/product"}],"about":[{"href":"https:\/\/www.vempele.fi\/sv\/wp-json\/wp\/v2\/types\/product"}],"replies":[{"embeddable":true,"href":"https:\/\/www.vempele.fi\/sv\/wp-json\/wp\/v2\/comments?post=32095"}],"wp:featuredmedia":[{"embeddable":true,"href":"https:\/\/www.vempele.fi\/sv\/wp-json\/wp\/v2\/media\/32096"}],"wp:attachment":[{"href":"https:\/\/www.vempele.fi\/sv\/wp-json\/wp\/v2\/media?parent=32095"}],"wp:term":[{"taxonomy":"product_brand","embeddable":true,"href":"https:\/\/www.vempele.fi\/sv\/wp-json\/wp\/v2\/product_brand?post=32095"},{"taxonomy":"product_cat","embeddable":true,"href":"https:\/\/www.vempele.fi\/sv\/wp-json\/wp\/v2\/product_cat?post=32095"},{"taxonomy":"product_tag","embeddable":true,"href":"https:\/\/www.vempele.fi\/sv\/wp-json\/wp\/v2\/product_tag?post=32095"}],"curies":[{"name":"wp","href":"https:\/\/api.w.org\/{rel}","templated":true}]}}