{"id":32099,"date":"2024-10-11T13:45:58","date_gmt":"2024-10-11T10:45:58","guid":{"rendered":"https:\/\/www.vempele.fi\/?post_type=product&#038;p=32099"},"modified":"2026-04-03T21:48:04","modified_gmt":"2026-04-03T18:48:04","slug":"bakaxelns-ovre-stodarm-framre-flans-polypro-tesla-modell-3","status":"publish","type":"product","link":"https:\/\/www.vempele.fi\/sv\/tuote\/taka-akselin-ylapuolinen-tukivarsi-etummainen-hela-polypro-tesla-model-3\/","title":{"rendered":"Bakaxelns \u00f6vre st\u00f6darm, fram, fl\u00e4ns - PolyPro- Tesla Model 3"},"content":{"rendered":"<ul>\n<li>Tillverkare:PolyPro<\/li>\n<li>Tillverkarens produktnummer: PP-2024<\/li>\n<li>L\u00e4mplighet:\n<ul>\n<li>Model 3 Pre-Refresh vm. 2019 - 2021<\/li>\n<li>Modell 3 Uppdatering vm. 2021 - 2023<\/li>\n<\/ul>\n<\/li>\n<li>OE reservdelsnummer som tillhandah\u00e5lls av tillverkaren:\n<ul>\n<li>1044427-00-C<\/li>\n<li>1044421-00-G<\/li>\n<\/ul>\n<\/li>\n<li>Monteringspunkt: bakaxel, fl\u00e4ns<\/li>\n<li>Tillverkningsland: Ukraina<\/li>\n<\/ul>\n<p>&nbsp;<\/p>","protected":false},"excerpt":{"rendered":"<p>Fl\u00e4ns av polyuretan f\u00f6r bakaxelns fr\u00e4mre \u00f6vre st\u00f6darm. Passar \u00e4ven f\u00f6r axelaxel.<\/p>\n<p>St\u00f6tf\u00e5ngare av polyuretan \u00e4r det b\u00e4sta valet f\u00f6r bilens underrede eftersom de erbjuder \u00f6verl\u00e4gsen h\u00e5llbarhet, styvhet och prestanda j\u00e4mf\u00f6rt med traditionella st\u00f6tf\u00e5ngare av gummi. De minskar flexen i bilens chassi, f\u00f6rb\u00e4ttrar styrprecisionen och ger en stabilare k\u00f6rk\u00e4nsla. Dessutom \u00e4r polyuretan mer motst\u00e5ndskraftigt mot temperaturv\u00e4xlingar, oljor och kemikalier.<\/p>","protected":false},"featured_media":32100,"comment_status":"open","ping_status":"closed","template":"","meta":[],"product_brand":[786],"product_cat":[151,471],"product_tag":[574,156,716,717,577,121,476,319],"class_list":{"0":"post-32099","1":"product","2":"type-product","3":"status-publish","4":"has-post-thumbnail","6":"product_brand-polypro","7":"product_cat-model-3","8":"product_cat-model-3-varaosat","9":"product_tag-alatukivarsi","10":"product_tag-model-3","11":"product_tag-polypro","12":"product_tag-polyuretaani","13":"product_tag-taka-akseli","14":"product_tag-tesla","15":"product_tag-tukivarsi","16":"product_tag-varaosat","18":"first","19":"outofstock","20":"taxable","21":"shipping-taxable","22":"purchasable","23":"product-type-simple"},"jetpack_sharing_enabled":true,"_links":{"self":[{"href":"https:\/\/www.vempele.fi\/sv\/wp-json\/wp\/v2\/product\/32099","targetHints":{"allow":["GET"]}}],"collection":[{"href":"https:\/\/www.vempele.fi\/sv\/wp-json\/wp\/v2\/product"}],"about":[{"href":"https:\/\/www.vempele.fi\/sv\/wp-json\/wp\/v2\/types\/product"}],"replies":[{"embeddable":true,"href":"https:\/\/www.vempele.fi\/sv\/wp-json\/wp\/v2\/comments?post=32099"}],"wp:featuredmedia":[{"embeddable":true,"href":"https:\/\/www.vempele.fi\/sv\/wp-json\/wp\/v2\/media\/32100"}],"wp:attachment":[{"href":"https:\/\/www.vempele.fi\/sv\/wp-json\/wp\/v2\/media?parent=32099"}],"wp:term":[{"taxonomy":"product_brand","embeddable":true,"href":"https:\/\/www.vempele.fi\/sv\/wp-json\/wp\/v2\/product_brand?post=32099"},{"taxonomy":"product_cat","embeddable":true,"href":"https:\/\/www.vempele.fi\/sv\/wp-json\/wp\/v2\/product_cat?post=32099"},{"taxonomy":"product_tag","embeddable":true,"href":"https:\/\/www.vempele.fi\/sv\/wp-json\/wp\/v2\/product_tag?post=32099"}],"curies":[{"name":"wp","href":"https:\/\/api.w.org\/{rel}","templated":true}]}}