{"id":32638,"date":"2024-11-01T13:15:29","date_gmt":"2024-11-01T11:15:29","guid":{"rendered":"https:\/\/www.vempele.fi\/?post_type=product&#038;p=32638"},"modified":"2025-10-05T12:55:31","modified_gmt":"2025-10-05T09:55:31","slug":"telefonhallare-tesla-modell-3-y-2","status":"publish","type":"product","link":"https:\/\/www.vempele.fi\/sv\/tuote\/puhelinteline-tesla-model-3-y-2\/","title":{"rendered":"Telefonst\u00e4ll - Tesla Model 3 \/ Y"},"content":{"rendered":"<p>Telefonst\u00e4ll - Tesla Model 3 \/ Y.<\/p>\n<p>En bra funktion f\u00f6r att h\u00e5lla telefonen synlig n\u00e4r du k\u00f6r i horisontellt l\u00e4ge.<\/p>\n<p>Produkten kan placeras antingen bakom ratten eller var som helst i instrumentbr\u00e4dans luftintags\u00f6ppning!<\/p>\n<p>\u00d6vrig information<\/p>\n<ul>\n<li>F\u00e4rg: Svart<\/li>\n<li>L\u00e4mplighet:\n<ul>\n<li>Modell Y 2020 - 2024<\/li>\n<li>Model 3 Pre-Refresh vm. 2019 - 2021<\/li>\n<li>Modell 3 Uppdatering vm. 2021 - 2023<\/li>\n<\/ul>\n<\/li>\n<li>Material: silikon<\/li>\n<\/ul>","protected":false},"excerpt":{"rendered":"<p>Telefonstativet \u00e4r speciellt utformat f\u00f6r Tesla Model 3 \/ Y-modeller. Passar de flesta telefoner, \u00e4ven med skal! (max. 1,4cm tjocka). Vaggan har \u00e4ven justerbara f\u00f6tter f\u00f6r att f\u00e5 telefonen i en bra vinkel och stadigt fastsatt.<\/p>","protected":false},"featured_media":32639,"comment_status":"open","ping_status":"closed","template":"","meta":[],"product_brand":[],"product_cat":[151,154,452,455,480,482,128],"product_tag":[314,313,237,156,271,516,121],"class_list":{"0":"post-32638","1":"product","2":"type-product","3":"status-publish","4":"has-post-thumbnail","6":"product_cat-model-3","7":"product_cat-model-y","8":"product_cat-m3-tarvikkeet","9":"product_cat-my-tarvikkeet","10":"product_cat-tarvikkeet-sisapuolelle-model-3","11":"product_cat-tarvikkeet-sisapuolelle-model-y","12":"product_cat-tesla-tuotteet","13":"product_tag-kannykkapidike","14":"product_tag-kannykkateline","15":"product_tag-keskikonsoli","16":"product_tag-model-3","17":"product_tag-model-y","18":"product_tag-puhelinteline","19":"product_tag-tesla","21":"first","22":"outofstock","23":"taxable","24":"shipping-taxable","25":"purchasable","26":"product-type-simple"},"jetpack_sharing_enabled":true,"_links":{"self":[{"href":"https:\/\/www.vempele.fi\/sv\/wp-json\/wp\/v2\/product\/32638","targetHints":{"allow":["GET"]}}],"collection":[{"href":"https:\/\/www.vempele.fi\/sv\/wp-json\/wp\/v2\/product"}],"about":[{"href":"https:\/\/www.vempele.fi\/sv\/wp-json\/wp\/v2\/types\/product"}],"replies":[{"embeddable":true,"href":"https:\/\/www.vempele.fi\/sv\/wp-json\/wp\/v2\/comments?post=32638"}],"wp:featuredmedia":[{"embeddable":true,"href":"https:\/\/www.vempele.fi\/sv\/wp-json\/wp\/v2\/media\/32639"}],"wp:attachment":[{"href":"https:\/\/www.vempele.fi\/sv\/wp-json\/wp\/v2\/media?parent=32638"}],"wp:term":[{"taxonomy":"product_brand","embeddable":true,"href":"https:\/\/www.vempele.fi\/sv\/wp-json\/wp\/v2\/product_brand?post=32638"},{"taxonomy":"product_cat","embeddable":true,"href":"https:\/\/www.vempele.fi\/sv\/wp-json\/wp\/v2\/product_cat?post=32638"},{"taxonomy":"product_tag","embeddable":true,"href":"https:\/\/www.vempele.fi\/sv\/wp-json\/wp\/v2\/product_tag?post=32638"}],"curies":[{"name":"wp","href":"https:\/\/api.w.org\/{rel}","templated":true}]}}