{"id":32750,"date":"2024-11-05T10:30:57","date_gmt":"2024-11-05T08:30:57","guid":{"rendered":"https:\/\/www.vempele.fi\/?post_type=product&#038;p=32750"},"modified":"2026-04-15T14:41:39","modified_gmt":"2026-04-15T11:41:39","slug":"dacktrycksensor-autel-mx-sensor-ble-bluetooth-tpms","status":"publish","type":"product","link":"https:\/\/www.vempele.fi\/sv\/tuote\/rengaspaineanturi-autel-mx-sensor-ble-bluetooth-tpms\/","title":{"rendered":"D\u00e4cktrycksgivare - Autel MX-Sensor BLE Bluetooth TPMS"},"content":{"rendered":"<p>Information om produkten:<\/p>\n<ul>\n<li>F\u00e4rg: Svart eller silver<\/li>\n<li>Tillverkare: autel<\/li>\n<li>Modell: BLE-A001<\/li>\n<li>Funktioner: automatiskt system som aktivt \u00f6vervakar d\u00e4cktemperatur och lufttryck<\/li>\n<li>Teknik: Bluetooth BLE<\/li>\n<li>L\u00e4mplighet:\n<ul>\n<li>Tesla modell 3: 10\/2020-&gt;<\/li>\n<li>Tesla Model S: 6\/2021-&gt;<\/li>\n<li>Tesla Model X: 10\/2022-&gt;<\/li>\n<li>Tesla modell Y: 10\/2020-&gt;<\/li>\n<\/ul>\n<\/li>\n<\/ul>\n<p><strong>Kontrollera separat om din bil har BLE-sensorer.<\/strong><\/p>\n<p>F\u00f6rpackningen inneh\u00e5ller en Autel Bluetooth ringtryckssensor.<\/p>\n<p>&nbsp;<\/p>","protected":false},"excerpt":{"rendered":"<p>Bluetooth-ringtryckssensor som ers\u00e4tter Tesla OEM-sensorer.<\/p>\n<p>N\u00e4r de nya sensorerna \u00e4r p\u00e5 plats ska du v\u00e4lja alternativet f\u00e4lgbyte i programvaran. Bilen kommer d\u00e5 automatiskt att uppt\u00e4cka de nya sensorerna efter bara n\u00e5gra hundra meters k\u00f6rning.<\/p>\n<p>R\u00e4tt d\u00e4cktryck \u00f6kar s\u00e4kerheten p\u00e5 v\u00e4gen. Det f\u00f6rb\u00e4ttrar ocks\u00e5 k\u00f6rk\u00e4nslan och minskar slitaget.<\/p>\n<p>F\u00f6rpackningen inneh\u00e5ller en sensor f\u00f6r ett d\u00e4ck.<\/p>","protected":false},"featured_media":32755,"comment_status":"open","ping_status":"closed","template":"","meta":[],"product_brand":[],"product_cat":[151,152,153,128,456],"product_tag":[82,83,496,131,156,172,173,271,536,121],"class_list":{"0":"post-32750","1":"product","2":"type-product","3":"status-publish","4":"has-post-thumbnail","6":"product_cat-model-3","7":"product_cat-model-s","8":"product_cat-model-x","9":"product_cat-tesla-tuotteet","10":"product_cat-vannetarvikkeet","11":"product_tag-autel","12":"product_tag-autotarvikkeet","13":"product_tag-ble","14":"product_tag-bluetooth","15":"product_tag-model-3","16":"product_tag-model-s","17":"product_tag-model-x","18":"product_tag-model-y","19":"product_tag-rengaspaineanturi","20":"product_tag-tesla","22":"first","23":"instock","24":"taxable","25":"shipping-taxable","26":"purchasable","27":"product-type-variable"},"jetpack_sharing_enabled":true,"_links":{"self":[{"href":"https:\/\/www.vempele.fi\/sv\/wp-json\/wp\/v2\/product\/32750","targetHints":{"allow":["GET"]}}],"collection":[{"href":"https:\/\/www.vempele.fi\/sv\/wp-json\/wp\/v2\/product"}],"about":[{"href":"https:\/\/www.vempele.fi\/sv\/wp-json\/wp\/v2\/types\/product"}],"replies":[{"embeddable":true,"href":"https:\/\/www.vempele.fi\/sv\/wp-json\/wp\/v2\/comments?post=32750"}],"wp:featuredmedia":[{"embeddable":true,"href":"https:\/\/www.vempele.fi\/sv\/wp-json\/wp\/v2\/media\/32755"}],"wp:attachment":[{"href":"https:\/\/www.vempele.fi\/sv\/wp-json\/wp\/v2\/media?parent=32750"}],"wp:term":[{"taxonomy":"product_brand","embeddable":true,"href":"https:\/\/www.vempele.fi\/sv\/wp-json\/wp\/v2\/product_brand?post=32750"},{"taxonomy":"product_cat","embeddable":true,"href":"https:\/\/www.vempele.fi\/sv\/wp-json\/wp\/v2\/product_cat?post=32750"},{"taxonomy":"product_tag","embeddable":true,"href":"https:\/\/www.vempele.fi\/sv\/wp-json\/wp\/v2\/product_tag?post=32750"}],"curies":[{"name":"wp","href":"https:\/\/api.w.org\/{rel}","templated":true}]}}