{"id":3279,"date":"2019-12-10T09:26:37","date_gmt":"2019-12-10T07:26:37","guid":{"rendered":"https:\/\/www.vempele.fi\/?post_type=product&#038;p=3279"},"modified":"2026-04-10T11:55:55","modified_gmt":"2026-04-10T08:55:55","slug":"dacktrycksgivare-autel-tpms-mx-433mhz","status":"publish","type":"product","link":"https:\/\/www.vempele.fi\/sv\/tuote\/rengaspaine-anturi-autel-tpms-mx-433mhz\/","title":{"rendered":"D\u00e4cktrycksgivare - Autel MX-Sensor 433MHz TPMS"},"content":{"rendered":"<p>D\u00e4cktrycksgivare - Autel TPMS MX-Sensor 433MHz<\/p>\n<table style=\"height: 815px;\" border=\"0\" width=\"581\">\n<tbody>\n<tr class=\"downl_h2\">\n<td class=\"spec_name downl_bg\">Batteriets livsl\u00e4ngd<\/td>\n<td width=\"2\"><\/td>\n<td class=\"spec_down downl_bg\">\u22655 \u00e5r<\/td>\n<\/tr>\n<tr class=\"downl_h2\">\n<td class=\"spec_name\">Driftstemperatur<\/td>\n<td width=\"2\"><\/td>\n<td class=\"spec_down\">-40\u00b0C - +125\u00b0C<\/td>\n<\/tr>\n<tr class=\"downl_h2\">\n<td class=\"spec_name downl_bg\">F\u00f6rvaringstemperatur<\/td>\n<td width=\"2\"><\/td>\n<td class=\"spec_down downl_bg\">-40\u00b0C - +150\u00b0C<\/td>\n<\/tr>\n<tr class=\"downl_h2\">\n<td class=\"spec_name\">Fuktbest\u00e4ndighet<\/td>\n<td width=\"2\"><\/td>\n<td class=\"spec_down\">90 %<\/td>\n<\/tr>\n<tr class=\"downl_h2\">\n<td class=\"spec_name downl_bg\">Frekvens f\u00f6r drift<\/td>\n<td width=\"2\"><\/td>\n<td class=\"spec_down downl_bg\">433 MHz<\/td>\n<\/tr>\n<tr class=\"downl_h2\">\n<td class=\"spec_name\">Omr\u00e5de f\u00f6r tryck\u00f6vervakning<\/td>\n<td width=\"2\"><\/td>\n<td class=\"spec_down\">0 - 800 kpa<\/td>\n<\/tr>\n<tr class=\"downl_h2\">\n<td class=\"spec_name downl_bg\">Noggrannhet vid tryckavl\u00e4sning<\/td>\n<td width=\"2\"><\/td>\n<td class=\"spec_down downl_bg\">\u00b110 kpa<\/td>\n<\/tr>\n<tr class=\"downl_h2\">\n<td class=\"spec_name\">Noggrannhet vid temperaturavl\u00e4sning<\/td>\n<td width=\"2\"><\/td>\n<td class=\"spec_down\">\u00b15\u00b0C<\/td>\n<\/tr>\n<tr class=\"downl_h2\">\n<td class=\"spec_name downl_bg\">G-sensorns avl\u00e4sningsnoggrannhet<\/td>\n<td width=\"2\"><\/td>\n<td class=\"spec_down downl_bg\">\u00b115 %<\/td>\n<\/tr>\n<tr class=\"downl_h2\">\n<td class=\"spec_name\">Kraft\u00f6verf\u00f6ring<\/td>\n<td width=\"2\"><\/td>\n<td class=\"spec_down\">5-8 dBm<\/td>\n<\/tr>\n<tr class=\"downl_h2\">\n<td class=\"spec_name downl_bg\">Batteri<\/td>\n<td width=\"2\"><\/td>\n<td class=\"spec_down downl_bg\">3.0 V<\/td>\n<\/tr>\n<tr class=\"downl_h2\">\n<td class=\"spec_name\">M\u00e5tt (bredd x h\u00f6jd x djup)<\/td>\n<td width=\"2\"><\/td>\n<td class=\"spec_down\">55,1*29,4*21,8 mm (fastsp\u00e4nningssensor)<br \/>\n54,2*29,4*19,1 mm (snap-in-sensor)<\/td>\n<\/tr>\n<tr class=\"downl_h2\">\n<td class=\"spec_name downl_bg\">Vikt (utan ventil)<\/td>\n<td width=\"2\"><\/td>\n<td class=\"spec_down downl_bg\">18,5 g (fastsp\u00e4nningssensor)<br \/>\n15,6 g (snap-in-sensor)<\/td>\n<\/tr>\n<\/tbody>\n<\/table>\n<p>Mer information om Autelin <a href=\"https:\/\/www.maxitpms.com\/\" target=\"_blank\" rel=\"noopener noreferrer\">webbplats<\/a>.<\/p>","protected":false},"excerpt":{"rendered":"<p><strong>Obs! Kontrollera kompatibiliteten med din bil <a href=\"https:\/\/maxitpms.com\/get-coverage\/\" target=\"_blank\" rel=\"noopener\">fr\u00e5n tillverkarens webbplats<\/a>.<\/strong><\/p>\n<p>Testad och bepr\u00f6vad f\u00f6r att passa s\u00e4rskilt Tesla (Model S\/3\/X)! Vissa Model 3 VM2021-modeller \u00e4r redan utrustade med den <a href=\"https:\/\/www.vempele.fi\/sv\/product-2\/dacktrycksensor-autel-mx-sensor-ble-bluetooth-tpms\/\" target=\"_blank\" rel=\"noopener\">Bluetooth-sensorer<\/a>, och med dessa modeller fungerar inte 433Mhz-sensorer. Om din bil \u00e4r en 2021-modell, kontrollera med Tesla f\u00f6r att se om din bil har Bluetooth-sensorer.<\/p>\n<ul>\n<li><strong>Allm\u00e4n modell. Kodas per bilm\u00e4rke p\u00e5 kundens beg\u00e4ran<\/strong><\/li>\n<li>Signalstyrka, robusthet och funktionalitet i niv\u00e5 med OE-sensorer<\/li>\n<li>T\u00e5l tuffa v\u00e4derf\u00f6rh\u00e5llanden<\/li>\n<li>Metall<\/li>\n<li>Snabbt och enkelt att s\u00e4tta p\u00e5 plats<\/li>\n<li>Sensorn kan \u00e4ven programmeras n\u00e4r d\u00e4cket st\u00e5r stilla<\/li>\n<\/ul>\n<p><strong>N\u00e4r du har kontrollerat att produkten \u00e4r kompatibel med din bilmodell, v\u00e4nligen skriv i kommentarrutan n\u00e4r du g\u00f6r din best\u00e4llning: <\/strong><\/p>\n<ul>\n<li><strong>Bilmodell<\/strong><\/li>\n<li><strong>Bilens tillverknings\u00e5r och tillverkningsm\u00e5nad<\/strong><\/li>\n<\/ul>\n<p><strong>T.ex. Tesla Model 3 - 3\/2019.<\/strong><\/p>\n<p>Detta hj\u00e4lper dig att p\u00e5skynda leveransen av ditt paket.<\/p>","protected":false},"featured_media":24042,"comment_status":"open","ping_status":"closed","template":"","meta":[],"product_brand":[],"product_cat":[151,152,153,128,456],"product_tag":[82,83,121,120,122,123],"class_list":{"0":"post-3279","1":"product","2":"type-product","3":"status-publish","4":"has-post-thumbnail","6":"product_cat-model-3","7":"product_cat-model-s","8":"product_cat-model-x","9":"product_cat-tesla-tuotteet","10":"product_cat-vannetarvikkeet","11":"product_tag-autel","12":"product_tag-autotarvikkeet","13":"product_tag-tesla","14":"product_tag-tesla-model-3","15":"product_tag-tesla-model-s","16":"product_tag-tesla-model-x","18":"first","19":"instock","20":"taxable","21":"shipping-taxable","22":"purchasable","23":"product-type-variable"},"jetpack_sharing_enabled":true,"_links":{"self":[{"href":"https:\/\/www.vempele.fi\/sv\/wp-json\/wp\/v2\/product\/3279","targetHints":{"allow":["GET"]}}],"collection":[{"href":"https:\/\/www.vempele.fi\/sv\/wp-json\/wp\/v2\/product"}],"about":[{"href":"https:\/\/www.vempele.fi\/sv\/wp-json\/wp\/v2\/types\/product"}],"replies":[{"embeddable":true,"href":"https:\/\/www.vempele.fi\/sv\/wp-json\/wp\/v2\/comments?post=3279"}],"wp:featuredmedia":[{"embeddable":true,"href":"https:\/\/www.vempele.fi\/sv\/wp-json\/wp\/v2\/media\/24042"}],"wp:attachment":[{"href":"https:\/\/www.vempele.fi\/sv\/wp-json\/wp\/v2\/media?parent=3279"}],"wp:term":[{"taxonomy":"product_brand","embeddable":true,"href":"https:\/\/www.vempele.fi\/sv\/wp-json\/wp\/v2\/product_brand?post=3279"},{"taxonomy":"product_cat","embeddable":true,"href":"https:\/\/www.vempele.fi\/sv\/wp-json\/wp\/v2\/product_cat?post=3279"},{"taxonomy":"product_tag","embeddable":true,"href":"https:\/\/www.vempele.fi\/sv\/wp-json\/wp\/v2\/product_tag?post=3279"}],"curies":[{"name":"wp","href":"https:\/\/api.w.org\/{rel}","templated":true}]}}