{"id":32963,"date":"2024-10-04T00:00:00","date_gmt":"2024-10-03T21:00:00","guid":{"rendered":"https:\/\/www.vempele.fi\/tuote\/nankang-ice-2-nordic-235-55r18-104t-tesla-model-y\/"},"modified":"2026-04-17T00:51:11","modified_gmt":"2026-04-16T21:51:11","slug":"nankang-ice-2-nordic-235-55r18-104t-tesla-modell-y","status":"publish","type":"product","link":"https:\/\/www.vempele.fi\/sv\/tuote\/nankang-ice-2-nordic-235-55r18-104t-tesla-model-y\/","title":{"rendered":"Nankang ICE-2 Nordic 235\/55R18 104T - Tesla Model Y"},"content":{"rendered":"<p>1 upps\u00e4ttning Nankang ICE-2 Nordic 235\/55-18 104T<\/p>\n<ul>\n<li>EU:s d\u00e4ckm\u00e4rkning<\/li>\n<li>Typ: friktionsring<\/li>\n<li>Tum: 18<\/li>\n<li>Bredd: 235<\/li>\n<li>Profil: 55<\/li>\n<li>Hastighetskategori: T<\/li>\n<li>Lastkapacitetsklass: 104<\/li>\n<li>Klassificering av d\u00e4ck: <\/li>\n<li>Br\u00e4nsleekonomi: <\/li>\n<li>Underh\u00e5ll av v\u00e5tutrymmen: <\/li>\n<li>Klassificering av ljud fr\u00e5n ratten:\u00a0 <\/li>\n<\/ul>\n<p>&nbsp;<\/p>\n<p>D\u00e4cken levereras direkt fr\u00e5n partnerns lager.<\/p>\n<p><img decoding=\"async\" src=\"https:\/\/www.vempele.fi\/wp-content\/uploads\/2024\/11\/Label_444553.svg\" width=\"300\" \/><\/p>\n<p>D\u00e4ckinformation h\u00e4mtad fr\u00e5n en partner.<\/p>","protected":false},"excerpt":{"rendered":"<p>ICE-2 \u00e4r Nankangs nya friktionsd\u00e4ck, som \u00e4r \u00e4nnu b\u00e4ttre \u00e4n den popul\u00e4ra f\u00f6reg\u00e5ngaren ICE-1.  ICE-2 har \u00e4nnu b\u00e4ttre isgreppsprestanda \u00e4n ICE-1, vilket \u00e4r mycket uppskattat av kunderna.  Nankang har lagt all sin kunskap om modern d\u00e4ckteknik i det nya ICE-2.  Resultatet \u00e4r ett friktionsd\u00e4ck som \u00e4r extremt s\u00e4kert och anpassat till den h\u00f6gsta niv\u00e5n av k\u00f6rkomfort.<br \/>\n\u00a0&#13;<br \/>\nICE-2 har testats p\u00e5 Test Worlds testbana i Ivalo under nordiska vinterf\u00f6rh\u00e5llanden.  Ett antal olika nordiska d\u00e4ckblandningar anv\u00e4ndes i testet tills resultatet blev det b\u00e4sta m\u00f6jliga.  ICE-2 konkurrerar med de mest v\u00e4lk\u00e4nda topprodukterna p\u00e5 marknaden i allt utom pris.  ICE-2 \u00e4r ett friktionsd\u00e4ck i toppklass som du definitivt b\u00f6r uppleva sj\u00e4lv.<br \/>\n&#13;<br \/>\nTaiwanbaserade Nankang \u00e4r en av Asiens \u00e4ldsta och mest traditionella d\u00e4cktillverkare, med kunskap och teknik i framkant inom sitt omr\u00e5de.  Nankang har stor erfarenhet av att tillverka vinterd\u00e4ck avsedda f\u00f6r de nordiska l\u00e4nderna, och kvaliteten p\u00e5 Nankangs vinterd\u00e4ck har ocks\u00e5 mottagits v\u00e4l av d\u00e4ckorganisationen. <\/p>\n<p>D\u00e4cken levereras direkt fr\u00e5n partnerns lager.<\/p>","protected":false},"featured_media":32965,"comment_status":"open","ping_status":"open","template":"","meta":[],"product_brand":[],"product_cat":[371],"product_tag":[723,704,271,707,121],"class_list":{"0":"post-32963","1":"product","2":"type-product","3":"status-publish","4":"has-post-thumbnail","6":"product_cat-renkaat","7":"product_tag-ice-2-nordic","8":"product_tag-kitkarengas","9":"product_tag-model-y","10":"product_tag-nankang","11":"product_tag-tesla","13":"first","14":"instock","15":"taxable","16":"shipping-taxable","17":"purchasable","18":"product-type-simple"},"jetpack_sharing_enabled":true,"_links":{"self":[{"href":"https:\/\/www.vempele.fi\/sv\/wp-json\/wp\/v2\/product\/32963","targetHints":{"allow":["GET"]}}],"collection":[{"href":"https:\/\/www.vempele.fi\/sv\/wp-json\/wp\/v2\/product"}],"about":[{"href":"https:\/\/www.vempele.fi\/sv\/wp-json\/wp\/v2\/types\/product"}],"replies":[{"embeddable":true,"href":"https:\/\/www.vempele.fi\/sv\/wp-json\/wp\/v2\/comments?post=32963"}],"wp:featuredmedia":[{"embeddable":true,"href":"https:\/\/www.vempele.fi\/sv\/wp-json\/wp\/v2\/media\/32965"}],"wp:attachment":[{"href":"https:\/\/www.vempele.fi\/sv\/wp-json\/wp\/v2\/media?parent=32963"}],"wp:term":[{"taxonomy":"product_brand","embeddable":true,"href":"https:\/\/www.vempele.fi\/sv\/wp-json\/wp\/v2\/product_brand?post=32963"},{"taxonomy":"product_cat","embeddable":true,"href":"https:\/\/www.vempele.fi\/sv\/wp-json\/wp\/v2\/product_cat?post=32963"},{"taxonomy":"product_tag","embeddable":true,"href":"https:\/\/www.vempele.fi\/sv\/wp-json\/wp\/v2\/product_tag?post=32963"}],"curies":[{"name":"wp","href":"https:\/\/api.w.org\/{rel}","templated":true}]}}