{"id":32969,"date":"2024-10-04T00:00:00","date_gmt":"2024-10-03T21:00:00","guid":{"rendered":"https:\/\/www.vempele.fi\/tuote\/nankang-ws-1-nordic-255-40r20-101q-tesla-model-y\/"},"modified":"2026-04-02T00:51:10","modified_gmt":"2026-04-01T21:51:10","slug":"nankang-ws-1-nordic-255-40r20-101q-tesla-modell-y","status":"publish","type":"product","link":"https:\/\/www.vempele.fi\/sv\/tuote\/nankang-ws-1-nordic-255-40r20-101q-tesla-model-y\/","title":{"rendered":"Nankang WS-1 Nordic 255\/40R20 101Q - Tesla Model Y"},"content":{"rendered":"<p>1 Nankang WS-1 Nordic 255\/40-20 101Q<\/p>\n<ul>\n<li>EU:s d\u00e4ckm\u00e4rkning<\/li>\n<li>Typ: friktionsring<\/li>\n<li>Tum: 20<\/li>\n<li>Bredd: 255<\/li>\n<li>Profil: 40<\/li>\n<li>Hastighetskategori: Q<\/li>\n<li>Lastklass: 101<\/li>\n<li>Klassificering av d\u00e4ck: <\/li>\n<li>Br\u00e4nsleekonomi: <\/li>\n<li>Underh\u00e5ll av v\u00e5tutrymmen: <\/li>\n<li>Klassificering av ljud fr\u00e5n ratten:\u00a0 <\/li>\n<\/ul>\n<p>&nbsp;<\/p>\n<p>D\u00e4cken levereras direkt fr\u00e5n partnerns lager.<\/p>\n<p><img decoding=\"async\" src=\"https:\/\/www.vempele.fi\/wp-content\/uploads\/2024\/11\/Label_465032.svg\" width=\"300\" \/><\/p>\n<p>D\u00e4ckinformation h\u00e4mtad fr\u00e5n en partner.<\/p>","protected":false},"excerpt":{"rendered":"<p>Nankang WS-1 Nordic - ett p\u00e5litligt friktionsd\u00e4ck<br \/>\nF\u00f6r nordiska vintrar Nankang WS-1 Nordic \u00e4r ett friktionsd\u00e4ck i toppklass som \u00e4r<br \/>\nspeciellt utformad f\u00f6r de h\u00e5rda vinterf\u00f6rh\u00e5llandena i de nordiska l\u00e4nderna.  Dess<br \/>\navancerad gummiblandning och noggrant utformat slitbanem\u00f6nster ger<br \/>\nutm\u00e4rkt grepp p\u00e5 sn\u00f6 och is, vilket f\u00f6rb\u00e4ttrar k\u00f6rs\u00e4kerheten och fordonets<br \/>\nhantering i kallt v\u00e4der. Huvudsakliga egenskaper:<br \/>\n Speciellt f\u00f6rberedd<br \/>\n     Gummiblandning f\u00f6r maximalt grepp p\u00e5 isiga och sn\u00f6iga v\u00e4gar.<br \/>\n Stabilt<br \/>\n     och en f\u00f6ruts\u00e4gbar k\u00f6rk\u00e4nsla f\u00f6r \u00f6kad s\u00e4kerhet under alla f\u00f6rh\u00e5llanden<br \/>\n     under vinterf\u00f6rh\u00e5llanden.<br \/>\n Utformad f\u00f6r<br \/>\n     f\u00f6r en tyst och bekv\u00e4m k\u00f6rning, utan ljudet fr\u00e5n dubbar.<br \/>\nNankang WS-1 Nordic kombinerar sin tillverkares l\u00e5nga historia med<br \/>\nerfarenhet och den senaste d\u00e4cktekniken, vilket g\u00f6r den till ett utm\u00e4rkt val f\u00f6r<br \/>\nPersonbilar och SUV:ar som k\u00f6rs p\u00e5 vinterv\u00e4glag och i halt v\u00e4glag.<br \/>\nVillkor.<br \/>\n&#13;<br \/>\n&#13;<br \/>\n&#13;<br \/>\n&#13;<br \/>\n&#13;<br \/>\n&#13;<br \/>\n&#13;<br \/>\n&#13;<br \/>\n&#13;<br \/>\nV\u00e4lj Nankang WS-1 Nordic och k\u00f6r s\u00e4kert genom<br \/>\nden nordliga vintern. <\/p>\n<p>D\u00e4cken levereras direkt fr\u00e5n partnerns lager.<\/p>","protected":false},"featured_media":31930,"comment_status":"open","ping_status":"open","template":"","meta":[],"product_brand":[],"product_cat":[371],"product_tag":[704,271,707,121,712],"class_list":{"0":"post-32969","1":"product","2":"type-product","3":"status-publish","4":"has-post-thumbnail","6":"product_cat-renkaat","7":"product_tag-kitkarengas","8":"product_tag-model-y","9":"product_tag-nankang","10":"product_tag-tesla","11":"product_tag-ws-1-nordic","13":"first","14":"instock","15":"taxable","16":"shipping-taxable","17":"purchasable","18":"product-type-simple"},"jetpack_sharing_enabled":true,"_links":{"self":[{"href":"https:\/\/www.vempele.fi\/sv\/wp-json\/wp\/v2\/product\/32969","targetHints":{"allow":["GET"]}}],"collection":[{"href":"https:\/\/www.vempele.fi\/sv\/wp-json\/wp\/v2\/product"}],"about":[{"href":"https:\/\/www.vempele.fi\/sv\/wp-json\/wp\/v2\/types\/product"}],"replies":[{"embeddable":true,"href":"https:\/\/www.vempele.fi\/sv\/wp-json\/wp\/v2\/comments?post=32969"}],"wp:featuredmedia":[{"embeddable":true,"href":"https:\/\/www.vempele.fi\/sv\/wp-json\/wp\/v2\/media\/31930"}],"wp:attachment":[{"href":"https:\/\/www.vempele.fi\/sv\/wp-json\/wp\/v2\/media?parent=32969"}],"wp:term":[{"taxonomy":"product_brand","embeddable":true,"href":"https:\/\/www.vempele.fi\/sv\/wp-json\/wp\/v2\/product_brand?post=32969"},{"taxonomy":"product_cat","embeddable":true,"href":"https:\/\/www.vempele.fi\/sv\/wp-json\/wp\/v2\/product_cat?post=32969"},{"taxonomy":"product_tag","embeddable":true,"href":"https:\/\/www.vempele.fi\/sv\/wp-json\/wp\/v2\/product_tag?post=32969"}],"curies":[{"name":"wp","href":"https:\/\/api.w.org\/{rel}","templated":true}]}}