{"id":33213,"date":"2024-10-04T00:00:00","date_gmt":"2024-10-03T21:00:00","guid":{"rendered":"https:\/\/www.vempele.fi\/fi\/tuote\/goodride-snowmaster-sw608-245-45r19-102v-tesla-model-s\/"},"modified":"2026-05-06T08:51:12","modified_gmt":"2026-05-06T05:51:12","slug":"goodride-snowmaster-sw608-245-45r19-102v-tesla-modell-s","status":"publish","type":"product","link":"https:\/\/www.vempele.fi\/sv\/tuote\/goodride-snowmaster-sw608-245-45r19-102v-tesla-model-s\/","title":{"rendered":"Goodride SnowMaster SW608 245\/45R19 102V - Tesla Model S"},"content":{"rendered":"<p>1 upps\u00e4ttning Goodride SnowMaster SW608 245\/45-19 102V<\/p>\n<ul>\n<li>EU:s d\u00e4ckm\u00e4rkning<\/li>\n<li>Typ: friktionsring<\/li>\n<li>Tum: 19<\/li>\n<li>Bredd: 245<\/li>\n<li>Profil: 45<\/li>\n<li>Hastighetskategori: V<\/li>\n<li>Lastkapacitetsklass: 102<\/li>\n<li>D\u00e4ckklassificering: C1<\/li>\n<li>Br\u00e4nsleekonomi: C<\/li>\n<li>V\u00e5t underh\u00e5ll: C<\/li>\n<li>Klassning av rattljud: B<\/li>\n<\/ul>\n<p>&nbsp;<\/p>\n<p>D\u00e4cken levereras direkt fr\u00e5n partnerns lager.<\/p>\n<p><img decoding=\"async\" src=\"https:\/\/www.vempele.fi\/wp-content\/uploads\/2024\/11\/Label_459536.svg\" width=\"300\" \/><\/p>\n<p>D\u00e4ckinformation h\u00e4mtad fr\u00e5n en partner.<\/p>","protected":false},"excerpt":{"rendered":"<p>Goodride SnowMaster SW608 friktionsd\u00e4ck f\u00f6r den finska vintern.<br \/>\nD\u00e4ckets nya pilformade slitbanem\u00f6nster \u00e4r utformat f\u00f6r att ge b\u00e4sta m\u00f6jliga grepp p\u00e5 sn\u00f6 och is, samt en tyst och bekv\u00e4m k\u00f6rning.<br \/>\n&#13;<br \/>\nDet pilformade ytm\u00f6nstret avl\u00e4gsnar effektivt sn\u00f6, slask och vatten fr\u00e5n d\u00e4ckets undersida.<br \/>\nLamellernas optimerade placering maximerar d\u00e4ckets kontakt med v\u00e4gytan f\u00f6r utm\u00e4rkt grepp och man\u00f6vrerbarhet i vinterf\u00f6rh\u00e5llanden.<br \/>\nMaterialet \u00e4r speciellt utformat f\u00f6r vinterd\u00e4ck och f\u00f6rb\u00e4ttrar k\u00f6regenskaperna p\u00e5 vintern och h\u00e5ller d\u00e4cket mjukt \u00e4ven i h\u00e5rd frost.<br \/>\n&#13;<br \/>\nGoodride: garanterad kvalitet till r\u00e4tt pris.<br \/>\n&#13;<br \/>\nVi erbjuder ocks\u00e5 den unika Goodride Safety-f\u00f6rs\u00e4kringen.  \u00c4ven om du r\u00e5kar skada ett d\u00e4ck ers\u00e4tter vi det med Goodride Safety-f\u00f6rs\u00e4kringen.  F\u00f6r mer information om Goodride Safety-f\u00f6rs\u00e4kringen, bes\u00f6k http:\/\/www. goodride. fi\/goodride-safety <\/p>\n<p>D\u00e4cken levereras direkt fr\u00e5n partnerns lager.<\/p>","protected":false},"featured_media":33215,"comment_status":"open","ping_status":"open","template":"","meta":[],"product_brand":[],"product_cat":[371],"product_tag":[727,704,172,731,121],"class_list":{"0":"post-33213","1":"product","2":"type-product","3":"status-publish","4":"has-post-thumbnail","6":"product_cat-renkaat","7":"product_tag-goodride","8":"product_tag-kitkarengas","9":"product_tag-model-s","10":"product_tag-snowmaster-sw608","11":"product_tag-tesla","13":"first","14":"instock","15":"taxable","16":"shipping-taxable","17":"purchasable","18":"product-type-simple"},"jetpack_sharing_enabled":true,"_links":{"self":[{"href":"https:\/\/www.vempele.fi\/sv\/wp-json\/wp\/v2\/product\/33213","targetHints":{"allow":["GET"]}}],"collection":[{"href":"https:\/\/www.vempele.fi\/sv\/wp-json\/wp\/v2\/product"}],"about":[{"href":"https:\/\/www.vempele.fi\/sv\/wp-json\/wp\/v2\/types\/product"}],"replies":[{"embeddable":true,"href":"https:\/\/www.vempele.fi\/sv\/wp-json\/wp\/v2\/comments?post=33213"}],"wp:featuredmedia":[{"embeddable":true,"href":"https:\/\/www.vempele.fi\/sv\/wp-json\/wp\/v2\/media\/33215"}],"wp:attachment":[{"href":"https:\/\/www.vempele.fi\/sv\/wp-json\/wp\/v2\/media?parent=33213"}],"wp:term":[{"taxonomy":"product_brand","embeddable":true,"href":"https:\/\/www.vempele.fi\/sv\/wp-json\/wp\/v2\/product_brand?post=33213"},{"taxonomy":"product_cat","embeddable":true,"href":"https:\/\/www.vempele.fi\/sv\/wp-json\/wp\/v2\/product_cat?post=33213"},{"taxonomy":"product_tag","embeddable":true,"href":"https:\/\/www.vempele.fi\/sv\/wp-json\/wp\/v2\/product_tag?post=33213"}],"curies":[{"name":"wp","href":"https:\/\/api.w.org\/{rel}","templated":true}]}}