{"id":33282,"date":"2024-11-25T12:04:37","date_gmt":"2024-11-25T10:04:37","guid":{"rendered":"https:\/\/www.vempele.fi\/?post_type=product&#038;p=33282"},"modified":"2026-04-15T18:31:29","modified_gmt":"2026-04-15T15:31:29","slug":"vindrutetorkare-ridex-plus-tesla-model-3-y","status":"publish","type":"product","link":"https:\/\/www.vempele.fi\/sv\/tuote\/tuulilasinpyyhkijat-ridex-plus-tesla-model-3-y\/","title":{"rendered":"Vindrutetorkare RIDEX Plus - Tesla Model 3 \/ Y"},"content":{"rendered":"<p>Vindrutetorkare RIDEX Plus. L\u00e4tt att byta ut!<\/p>\n<p><b>F\u00f6r mer information:<\/b><\/p>\n<ul>\n<li>Tillverkare: RIDEX<\/li>\n<li>Modell: 298W0491P<\/li>\n<li>F\u00e4rg: Svart<\/li>\n<li>Kompatibilitet:\n<ul>\n<li>Model Y 2020 - 2024 (Kortare f\u00e4ste \u00e4r 1\u2033 kortare \u00e4n original)<\/li>\n<li>Modell 3 F\u00f6rnyad uppdatering 2019 - 2021<\/li>\n<li>Uppdatering av modell 3 2021 - 2023<\/li>\n<\/ul>\n<\/li>\n<\/ul>\n<p>&nbsp;<\/p>","protected":false},"excerpt":{"rendered":"<p>RIDEX Plus vindrutetorkare av h\u00f6g kvalitet f\u00f6r Tesla Model 3 och Y.<\/p>\n<p>N\u00e4r torkarbladet inte l\u00e4ngre avl\u00e4gsnar all fukt fr\u00e5n glaset \u00e4r det dags att byta ut det. Torkaren b\u00f6r reng\u00f6ra glaset helt klart i tre svep. Vi kan ers\u00e4tta dina gamla torkare med b\u00e5da vindrutetorkarna till ett bra pris!<\/p>\n<p>L\u00e4ngder:<br \/>\n650 mm \/ 26 \u2033<br \/>\n475 mm \/ 19 \u2033<\/p>","protected":false},"featured_media":33283,"comment_status":"open","ping_status":"closed","template":"","meta":[],"product_brand":[745],"product_cat":[151,154,452,455,481,483,128,471,472],"product_tag":[156,271,470,548,121],"class_list":{"0":"post-33282","1":"product","2":"type-product","3":"status-publish","4":"has-post-thumbnail","6":"product_brand-ridex","7":"product_cat-model-3","8":"product_cat-model-y","9":"product_cat-m3-tarvikkeet","10":"product_cat-my-tarvikkeet","11":"product_cat-tarvikkeet-ulkopuolelle-model-3","12":"product_cat-tarvikkeet-ulkopuolelle-model-y","13":"product_cat-tesla-tuotteet","14":"product_cat-model-3-varaosat","15":"product_cat-varaosat-model-y","16":"product_tag-model-3","17":"product_tag-model-y","18":"product_tag-pyyhkijansulat","19":"product_tag-sulat","20":"product_tag-tesla","22":"first","23":"instock","24":"taxable","25":"shipping-taxable","26":"purchasable","27":"product-type-simple"},"jetpack_sharing_enabled":true,"_links":{"self":[{"href":"https:\/\/www.vempele.fi\/sv\/wp-json\/wp\/v2\/product\/33282","targetHints":{"allow":["GET"]}}],"collection":[{"href":"https:\/\/www.vempele.fi\/sv\/wp-json\/wp\/v2\/product"}],"about":[{"href":"https:\/\/www.vempele.fi\/sv\/wp-json\/wp\/v2\/types\/product"}],"replies":[{"embeddable":true,"href":"https:\/\/www.vempele.fi\/sv\/wp-json\/wp\/v2\/comments?post=33282"}],"wp:featuredmedia":[{"embeddable":true,"href":"https:\/\/www.vempele.fi\/sv\/wp-json\/wp\/v2\/media\/33283"}],"wp:attachment":[{"href":"https:\/\/www.vempele.fi\/sv\/wp-json\/wp\/v2\/media?parent=33282"}],"wp:term":[{"taxonomy":"product_brand","embeddable":true,"href":"https:\/\/www.vempele.fi\/sv\/wp-json\/wp\/v2\/product_brand?post=33282"},{"taxonomy":"product_cat","embeddable":true,"href":"https:\/\/www.vempele.fi\/sv\/wp-json\/wp\/v2\/product_cat?post=33282"},{"taxonomy":"product_tag","embeddable":true,"href":"https:\/\/www.vempele.fi\/sv\/wp-json\/wp\/v2\/product_tag?post=33282"}],"curies":[{"name":"wp","href":"https:\/\/api.w.org\/{rel}","templated":true}]}}