{"id":33284,"date":"2024-11-25T12:14:23","date_gmt":"2024-11-25T10:14:23","guid":{"rendered":"https:\/\/www.vempele.fi\/?post_type=product&#038;p=33284"},"modified":"2026-04-16T21:07:59","modified_gmt":"2026-04-16T18:07:59","slug":"vindrutetorkare-ridex-tesla-modell-s","status":"publish","type":"product","link":"https:\/\/www.vempele.fi\/sv\/tuote\/tuulilasinpyyhkijat-ridex-tesla-model-s\/","title":{"rendered":"Vindrutetorkare RIDEX - Tesla Model S 2012 - 2021"},"content":{"rendered":"<p>L\u00e4tt att byta!<\/p>\n<p><b>F\u00f6r mer information:<\/b><\/p>\n<ul>\n<li>Tillverkare: RIDEX<\/li>\n<li>Modell: 298W0439<\/li>\n<li>F\u00e4rg: Svart<\/li>\n<li>Kompatibilitet:\n<ul>\n<li>Model S 2012 - 2021<\/li>\n<\/ul>\n<\/li>\n<\/ul>\n<p>&nbsp;<\/p>","protected":false},"excerpt":{"rendered":"<p>RIDEX vindrutetorkare av h\u00f6g kvalitet f\u00f6r Tesla Model S.<\/p>\n<p>N\u00e4r torkarbladet inte l\u00e4ngre avl\u00e4gsnar all fukt fr\u00e5n glaset \u00e4r det dags att byta ut det. Torkaren b\u00f6r reng\u00f6ra glaset helt klart i tre svep. Vi kan ers\u00e4tta dina gamla torkare med b\u00e5da vindrutetorkarna till ett bra pris!<\/p>\n<p>L\u00e4ngder:<br \/>\n680 mm<br \/>\n430 mm<\/p>","protected":false},"featured_media":33285,"comment_status":"open","ping_status":"closed","template":"","meta":[],"product_brand":[745],"product_cat":[152,453,484,128,473],"product_tag":[172,195,121,194],"class_list":{"0":"post-33284","1":"product","2":"type-product","3":"status-publish","4":"has-post-thumbnail","6":"product_brand-ridex","7":"product_cat-model-s","8":"product_cat-ms-tarvikkeet","9":"product_cat-tarvikkeet-ulkopuolelle-model-s","10":"product_cat-tesla-tuotteet","11":"product_cat-varaosat-model-s","12":"product_tag-model-s","13":"product_tag-pyyhkijat","14":"product_tag-tesla","15":"product_tag-tuulilasi","17":"first","18":"instock","19":"taxable","20":"shipping-taxable","21":"purchasable","22":"product-type-simple"},"jetpack_sharing_enabled":true,"_links":{"self":[{"href":"https:\/\/www.vempele.fi\/sv\/wp-json\/wp\/v2\/product\/33284","targetHints":{"allow":["GET"]}}],"collection":[{"href":"https:\/\/www.vempele.fi\/sv\/wp-json\/wp\/v2\/product"}],"about":[{"href":"https:\/\/www.vempele.fi\/sv\/wp-json\/wp\/v2\/types\/product"}],"replies":[{"embeddable":true,"href":"https:\/\/www.vempele.fi\/sv\/wp-json\/wp\/v2\/comments?post=33284"}],"wp:featuredmedia":[{"embeddable":true,"href":"https:\/\/www.vempele.fi\/sv\/wp-json\/wp\/v2\/media\/33285"}],"wp:attachment":[{"href":"https:\/\/www.vempele.fi\/sv\/wp-json\/wp\/v2\/media?parent=33284"}],"wp:term":[{"taxonomy":"product_brand","embeddable":true,"href":"https:\/\/www.vempele.fi\/sv\/wp-json\/wp\/v2\/product_brand?post=33284"},{"taxonomy":"product_cat","embeddable":true,"href":"https:\/\/www.vempele.fi\/sv\/wp-json\/wp\/v2\/product_cat?post=33284"},{"taxonomy":"product_tag","embeddable":true,"href":"https:\/\/www.vempele.fi\/sv\/wp-json\/wp\/v2\/product_tag?post=33284"}],"curies":[{"name":"wp","href":"https:\/\/api.w.org\/{rel}","templated":true}]}}