{"id":33306,"date":"2024-10-03T00:00:00","date_gmt":"2024-10-02T21:00:00","guid":{"rendered":"https:\/\/www.vempele.fi\/fi\/tuote\/linglong-sport-master-testisensaatio-235-40r19-96y-tesla-model-3\/"},"modified":"2026-04-19T06:51:09","modified_gmt":"2026-04-19T03:51:09","slug":"linglong-sport-master-test-sensation-235-40r19-96y-tesla-modell-3","status":"publish","type":"product","link":"https:\/\/www.vempele.fi\/sv\/tuote\/linglong-sport-master-testisensaatio-235-40r19-96y-tesla-model-3\/","title":{"rendered":"Linglong Sport Master TEST SESSION! 235\/40R19 96Y - Tesla Model 3"},"content":{"rendered":"<p>1 st Linglong Sport Master TEST REA! 235\/40-19 96Y<\/p>\n<ul>\n<li>EU:s d\u00e4ckm\u00e4rkning<\/li>\n<li>Typ: sommard\u00e4ck<\/li>\n<li>Tum: 19<\/li>\n<li>Bredd: 235<\/li>\n<li>Profil: 40<\/li>\n<li>Hastighetskategori: Y<\/li>\n<li>Lastkapacitetsklass: 96<\/li>\n<li>D\u00e4ckklassificering: C1<\/li>\n<li>Br\u00e4nsleekonomi: C<\/li>\n<li>Underh\u00e5ll av v\u00e5tutrymmen: A<\/li>\n<li>Klassificering och intensitet f\u00f6r kabinbuller: A - dB<\/li>\n<\/ul>\n<p>&nbsp;<\/p>\n<p>D\u00e4cken levereras direkt fr\u00e5n partnerns lager.<\/p>\n<p><img decoding=\"async\" src=\"https:\/\/www.vempele.fi\/wp-content\/uploads\/2024\/11\/Label_695364.svg\" width=\"300\" \/><\/p>\n<p>D\u00e4ckinformation h\u00e4mtad fr\u00e5n en partner.<\/p>","protected":false},"excerpt":{"rendered":"<p>Linglong Sport Master \u00e4r ett h\u00f6gkvalitativt sommard\u00e4ck som erbjuder utm\u00e4rkt grepp och prestanda till b\u00e4sta m\u00f6jliga valuta f\u00f6r pengarna.  SportMaster \u00e4r ett s\u00e4kert sommard\u00e4ck som du kan lita p\u00e5 i de varierande sommarf\u00f6rh\u00e5llandena i norr.  Ett h\u00f6gpresterande d\u00e4ck som tillverkas med den senaste d\u00e4cktekniken.  Ett sommard\u00e4ck i A-klass som dessutom ser snyggt ut. Linglong skrev historia - slog sina konkurrenter med flera meterI ett omfattande sommard\u00e4ckstest av den prestigefyllda tyska tidningen Auto Bild (3\/2026) skrev Linglong historia.  I testet j\u00e4mf\u00f6rdes 50 sommard\u00e4ck och resultatet var enast\u00e5ende:Linglong var det \u00f6verl\u00e4gset b\u00e4sta d\u00e4cket i testet n\u00e4r det g\u00e4ller v\u00e5tgreppLinglong var \u00f6verl\u00e4gset och slog tv\u00e5an med st\u00f6rre marginal \u00e4n tv\u00e5an bland de femton b\u00e4sta d\u00e4cken. V\u00e5tgreppet \u00e4r den viktigaste s\u00e4kerhetsegenskapen hos ett sommard\u00e4ck - och det var h\u00e4r Linglong dominerade konkurrensenLinglong Sport Master inte bara utm\u00e4rkte sig - det kom ut p\u00e5 topp.  Det \u00e4r en sann testvinnare. D\u00e4cket hade den kortaste bromsstr\u00e4ckan i testet p\u00e5 v\u00e5t asfalt och stannade p\u00e5 bara 25,2 meter fr\u00e5n 80 km\/h.  Linglong slog sina konkurrenter med flera meter, medan de andra t\u00e4vlade om centimetrarna. \u00a0 <\/p>\n<p> D\u00e4cken levereras direkt fr\u00e5n partnerns lager.<\/p>","protected":false},"featured_media":33023,"comment_status":"open","ping_status":"open","template":"","meta":[],"product_brand":[],"product_cat":[371],"product_tag":[696,632,156,729,121],"class_list":{"0":"post-33306","1":"product","2":"type-product","3":"status-publish","4":"has-post-thumbnail","6":"product_cat-renkaat","7":"product_tag-kesarengas","8":"product_tag-linglong","9":"product_tag-model-3","10":"product_tag-sport-master-testisensaatio","11":"product_tag-tesla","13":"first","14":"instock","15":"taxable","16":"shipping-taxable","17":"purchasable","18":"product-type-simple"},"jetpack_sharing_enabled":true,"_links":{"self":[{"href":"https:\/\/www.vempele.fi\/sv\/wp-json\/wp\/v2\/product\/33306","targetHints":{"allow":["GET"]}}],"collection":[{"href":"https:\/\/www.vempele.fi\/sv\/wp-json\/wp\/v2\/product"}],"about":[{"href":"https:\/\/www.vempele.fi\/sv\/wp-json\/wp\/v2\/types\/product"}],"replies":[{"embeddable":true,"href":"https:\/\/www.vempele.fi\/sv\/wp-json\/wp\/v2\/comments?post=33306"}],"wp:featuredmedia":[{"embeddable":true,"href":"https:\/\/www.vempele.fi\/sv\/wp-json\/wp\/v2\/media\/33023"}],"wp:attachment":[{"href":"https:\/\/www.vempele.fi\/sv\/wp-json\/wp\/v2\/media?parent=33306"}],"wp:term":[{"taxonomy":"product_brand","embeddable":true,"href":"https:\/\/www.vempele.fi\/sv\/wp-json\/wp\/v2\/product_brand?post=33306"},{"taxonomy":"product_cat","embeddable":true,"href":"https:\/\/www.vempele.fi\/sv\/wp-json\/wp\/v2\/product_cat?post=33306"},{"taxonomy":"product_tag","embeddable":true,"href":"https:\/\/www.vempele.fi\/sv\/wp-json\/wp\/v2\/product_tag?post=33306"}],"curies":[{"name":"wp","href":"https:\/\/api.w.org\/{rel}","templated":true}]}}