{"id":33319,"date":"2024-11-26T09:20:05","date_gmt":"2024-11-26T07:20:05","guid":{"rendered":"https:\/\/www.vempele.fi\/?post_type=product&#038;p=33319"},"modified":"2026-03-27T21:17:27","modified_gmt":"2026-03-27T19:17:27","slug":"framaxelns-nedre-stodarm-fram-hoger-sida-ridex-modell-s-x","status":"publish","type":"product","link":"https:\/\/www.vempele.fi\/sv\/tuote\/etuakselin-alatukivarsi-etummainen-oikea-puoli-ridex-model-s-x\/","title":{"rendered":"Framaxelns nedre st\u00f6darm, fram, h\u00f6ger sida - RIDEX - Model S \/ X"},"content":{"rendered":"<p>Tillverkare: RIDEX<\/p>\n<ul>\n<li>OE-nummer som tillhandah\u00e5lls av tillverkaren:\n<ul>\n<li>104157500A<\/li>\n<li>104157500B<\/li>\n<li>600666400C<\/li>\n<\/ul>\n<\/li>\n<li>Tillverkarens produktnummer:\n<ul>\n<li>273C2129<\/li>\n<\/ul>\n<\/li>\n<li>L\u00e4mplighet:\n<ul>\n<li>Modell S - 2012 - 2020<\/li>\n<li>Modell X - 2016 - 2020<\/li>\n<\/ul>\n<\/li>\n<li>Material: aluminium<\/li>\n<li>Vikt: ca 1,75 kg<\/li>\n<\/ul>","protected":false},"excerpt":{"rendered":"<p>Tillverkarens RIDEX fr\u00e4mre axel nedre st\u00f6darm, fram, h\u00f6ger sida f\u00f6r Tesla modell S och X modeller.<\/p>","protected":false},"featured_media":33320,"comment_status":"open","ping_status":"closed","template":"","meta":[],"product_brand":[745],"product_cat":[152,153,473,474],"product_tag":[172,173,121,476,319],"class_list":{"0":"post-33319","1":"product","2":"type-product","3":"status-publish","4":"has-post-thumbnail","6":"product_brand-ridex","7":"product_cat-model-s","8":"product_cat-model-x","9":"product_cat-varaosat-model-s","10":"product_cat-varaosat-model-x","11":"product_tag-model-s","12":"product_tag-model-x","13":"product_tag-tesla","14":"product_tag-tukivarsi","15":"product_tag-varaosat","17":"first","18":"instock","19":"taxable","20":"shipping-taxable","21":"purchasable","22":"product-type-simple"},"jetpack_sharing_enabled":true,"_links":{"self":[{"href":"https:\/\/www.vempele.fi\/sv\/wp-json\/wp\/v2\/product\/33319","targetHints":{"allow":["GET"]}}],"collection":[{"href":"https:\/\/www.vempele.fi\/sv\/wp-json\/wp\/v2\/product"}],"about":[{"href":"https:\/\/www.vempele.fi\/sv\/wp-json\/wp\/v2\/types\/product"}],"replies":[{"embeddable":true,"href":"https:\/\/www.vempele.fi\/sv\/wp-json\/wp\/v2\/comments?post=33319"}],"wp:featuredmedia":[{"embeddable":true,"href":"https:\/\/www.vempele.fi\/sv\/wp-json\/wp\/v2\/media\/33320"}],"wp:attachment":[{"href":"https:\/\/www.vempele.fi\/sv\/wp-json\/wp\/v2\/media?parent=33319"}],"wp:term":[{"taxonomy":"product_brand","embeddable":true,"href":"https:\/\/www.vempele.fi\/sv\/wp-json\/wp\/v2\/product_brand?post=33319"},{"taxonomy":"product_cat","embeddable":true,"href":"https:\/\/www.vempele.fi\/sv\/wp-json\/wp\/v2\/product_cat?post=33319"},{"taxonomy":"product_tag","embeddable":true,"href":"https:\/\/www.vempele.fi\/sv\/wp-json\/wp\/v2\/product_tag?post=33319"}],"curies":[{"name":"wp","href":"https:\/\/api.w.org\/{rel}","templated":true}]}}