{"id":34068,"date":"2024-12-27T20:28:18","date_gmt":"2024-12-27T18:28:18","guid":{"rendered":"https:\/\/www.vempele.fi\/?post_type=product&#038;p=34068"},"modified":"2026-03-24T13:56:54","modified_gmt":"2026-03-24T11:56:54","slug":"tesla-modell-s-luftfilter-ridex-pre-facelift","status":"publish","type":"product","link":"https:\/\/www.vempele.fi\/sv\/tuote\/tesla-model-s-ilmansuodatin-ridex-pre-facelift\/","title":{"rendered":"Luftfilter Ridex - Tesla Model S 2012-2016"},"content":{"rendered":"<p><strong>Information om produkten<\/strong><\/p>\n<p>Tesla Model S luftfilter med aktivt kol. Tillverkaren rekommenderar att man byter ut dem vartannat \u00e5r, men i Finland \u00e4r det b\u00e4st att byta ut dem varje \u00e5r. I min egen bil b\u00f6rjade lukten komma efter mindre \u00e4n ett \u00e5rs anv\u00e4ndning.<\/p>\n<ul>\n<li>Produktnamn: Luftfilter<\/li>\n<li>L\u00e4mplighet: f\u00f6r Tesla Model S (f\u00f6re facelift)<\/li>\n<li>Paketet inneh\u00e5ller: 1 st luftfilter<\/li>\n<li>Storlek: 15,6 x 24,6 x 3 cm (m\u00e5tt f\u00f6r ett luftfilter)<\/li>\n<li>Produktkod: 424I0482<\/li>\n<li>Tillverkare: ridex<\/li>\n<li>Namn: Tesla Model S - Pollenfilter<\/li>\n<\/ul>","protected":false},"excerpt":{"rendered":"<p>Reservdel f\u00f6r luftfilter f\u00f6r bil till Tesla Model S.<\/p>\n<p>F\u00f6rpackad i en plastp\u00e5se. F\u00f6rpackad med 1 luftfilter.<br \/>\n<strong><br \/>\nObs! Endast l\u00e4mplig f\u00f6r pre-facelift-modeller!<br \/>\n<\/strong><\/p>","protected":false},"featured_media":34069,"comment_status":"open","ping_status":"closed","template":"","meta":[],"product_brand":[745],"product_cat":[152,453,485,128,473],"product_tag":[83,196,204,121,122],"class_list":{"0":"post-34068","1":"product","2":"type-product","3":"status-publish","4":"has-post-thumbnail","6":"product_brand-ridex","7":"product_cat-model-s","8":"product_cat-ms-tarvikkeet","9":"product_cat-tarvikkeet-sisapuolelle-model-s","10":"product_cat-tesla-tuotteet","11":"product_cat-varaosat-model-s","12":"product_tag-autotarvikkeet","13":"product_tag-ilmansuodatin","14":"product_tag-raitisilmasuodatin","15":"product_tag-tesla","16":"product_tag-tesla-model-s","18":"first","19":"instock","20":"taxable","21":"shipping-taxable","22":"purchasable","23":"product-type-simple"},"jetpack_sharing_enabled":true,"_links":{"self":[{"href":"https:\/\/www.vempele.fi\/sv\/wp-json\/wp\/v2\/product\/34068","targetHints":{"allow":["GET"]}}],"collection":[{"href":"https:\/\/www.vempele.fi\/sv\/wp-json\/wp\/v2\/product"}],"about":[{"href":"https:\/\/www.vempele.fi\/sv\/wp-json\/wp\/v2\/types\/product"}],"replies":[{"embeddable":true,"href":"https:\/\/www.vempele.fi\/sv\/wp-json\/wp\/v2\/comments?post=34068"}],"wp:featuredmedia":[{"embeddable":true,"href":"https:\/\/www.vempele.fi\/sv\/wp-json\/wp\/v2\/media\/34069"}],"wp:attachment":[{"href":"https:\/\/www.vempele.fi\/sv\/wp-json\/wp\/v2\/media?parent=34068"}],"wp:term":[{"taxonomy":"product_brand","embeddable":true,"href":"https:\/\/www.vempele.fi\/sv\/wp-json\/wp\/v2\/product_brand?post=34068"},{"taxonomy":"product_cat","embeddable":true,"href":"https:\/\/www.vempele.fi\/sv\/wp-json\/wp\/v2\/product_cat?post=34068"},{"taxonomy":"product_tag","embeddable":true,"href":"https:\/\/www.vempele.fi\/sv\/wp-json\/wp\/v2\/product_tag?post=34068"}],"curies":[{"name":"wp","href":"https:\/\/api.w.org\/{rel}","templated":true}]}}