{"id":34126,"date":"2024-12-31T11:23:09","date_gmt":"2024-12-31T09:23:09","guid":{"rendered":"https:\/\/www.vempele.fi\/?post_type=product&#038;p=34126"},"modified":"2026-04-16T20:46:01","modified_gmt":"2026-04-16T17:46:01","slug":"tvarbalk-hela-febi-tesla-modell-3","status":"publish","type":"product","link":"https:\/\/www.vempele.fi\/sv\/tuote\/poikittaistukivarren-hela-febi-tesla-model-3\/","title":{"rendered":"Tv\u00e4rbalk Hela - FEBI - Tesla Model 3"},"content":{"rendered":"<ul>\n<li>Tillverkare: FEBI BILSTEIN<\/li>\n<li>Tillverkarens produktnummer: 181985<\/li>\n<li>L\u00e4mplighet:\n<ul>\n<li>Model 3 Pre-Refresh vm. 2019 - 2021<\/li>\n<li>Modell 3 Uppdatering vm. 2021 - 2023<\/li>\n<\/ul>\n<\/li>\n<li>OE-referensnummer som tillhandah\u00e5lls av tillverkaren:\n<ul>\n<li>1044341-00-C<\/li>\n<li>1044341-00-D<\/li>\n<\/ul>\n<\/li>\n<\/ul>\n<p>&nbsp;<\/p>","protected":false},"excerpt":{"rendered":"<p>Utbytbar fl\u00e4ns f\u00f6r framaxelns tv\u00e4rbalk.<\/p>\n<p>L\u00e4mplig f\u00f6r st\u00f6darm: 1044341-00-C, 1044341-00-D<\/p>","protected":false},"featured_media":34127,"comment_status":"open","ping_status":"closed","template":"","meta":[],"product_brand":[740],"product_cat":[151,471],"product_tag":[576,156,271,121,476,319],"class_list":{"0":"post-34126","1":"product","2":"type-product","3":"status-publish","4":"has-post-thumbnail","6":"product_brand-febi-bilstein","7":"product_cat-model-3","8":"product_cat-model-3-varaosat","9":"product_tag-hela","10":"product_tag-model-3","11":"product_tag-model-y","12":"product_tag-tesla","13":"product_tag-tukivarsi","14":"product_tag-varaosat","16":"first","17":"instock","18":"taxable","19":"shipping-taxable","20":"purchasable","21":"product-type-simple"},"jetpack_sharing_enabled":true,"_links":{"self":[{"href":"https:\/\/www.vempele.fi\/sv\/wp-json\/wp\/v2\/product\/34126","targetHints":{"allow":["GET"]}}],"collection":[{"href":"https:\/\/www.vempele.fi\/sv\/wp-json\/wp\/v2\/product"}],"about":[{"href":"https:\/\/www.vempele.fi\/sv\/wp-json\/wp\/v2\/types\/product"}],"replies":[{"embeddable":true,"href":"https:\/\/www.vempele.fi\/sv\/wp-json\/wp\/v2\/comments?post=34126"}],"wp:featuredmedia":[{"embeddable":true,"href":"https:\/\/www.vempele.fi\/sv\/wp-json\/wp\/v2\/media\/34127"}],"wp:attachment":[{"href":"https:\/\/www.vempele.fi\/sv\/wp-json\/wp\/v2\/media?parent=34126"}],"wp:term":[{"taxonomy":"product_brand","embeddable":true,"href":"https:\/\/www.vempele.fi\/sv\/wp-json\/wp\/v2\/product_brand?post=34126"},{"taxonomy":"product_cat","embeddable":true,"href":"https:\/\/www.vempele.fi\/sv\/wp-json\/wp\/v2\/product_cat?post=34126"},{"taxonomy":"product_tag","embeddable":true,"href":"https:\/\/www.vempele.fi\/sv\/wp-json\/wp\/v2\/product_tag?post=34126"}],"curies":[{"name":"wp","href":"https:\/\/api.w.org\/{rel}","templated":true}]}}