{"id":35102,"date":"2025-02-20T12:54:52","date_gmt":"2025-02-20T10:54:52","guid":{"rendered":"https:\/\/www.vempele.fi\/?post_type=product&#038;p=35102"},"modified":"2026-02-14T23:00:45","modified_gmt":"2026-02-14T21:00:45","slug":"batteridriven-campingpump-atom","status":"publish","type":"product","link":"https:\/\/www.vempele.fi\/sv\/tuote\/akkukayttoinen-retkipumppu-atom\/","title":{"rendered":"Batteridriven campingpump - Atom"},"content":{"rendered":"<p>Den batteridrivna, elektroniska campingpumpen \u00e4r en l\u00e4ttanv\u00e4nd och effektiv pump f\u00f6r camping eller hemmabruk. Den elektroniska pumpen \u00e4r l\u00e4mplig f\u00f6r att fylla och t\u00f6mma luftmadrasser, bollar, badmattor och leksaker. Den \u00e4r l\u00e4tt och kompakt och \u00e4r l\u00e4tt att b\u00e4ra med sig. Batteri p\u00e5 1200 mAh.<\/p>\n<ul>\n<li>Bredd 5 cm<\/li>\n<li>Djup 5 cm<\/li>\n<li>H\u00f6jd 7,5 cm<\/li>\n<li>Vikt 0,18 kg<\/li>\n<\/ul>","protected":false},"excerpt":{"rendered":"<p>Den batteridrivna, elektroniska campingpumpen \u00e4r en l\u00e4ttanv\u00e4nd och effektiv pump f\u00f6r att fylla luftmadrasser med mera.<\/p>\n<p>Detta fungerar bra f\u00f6r att fylla Teslas luftmadrass, eftersom laddningen sker via USB-C-kontakten. Vanliga cigarett\u00e4ndarpumpar kanske inte klarar av att hantera upp till 16 V sp\u00e4nning hos de nyare Teslas.<\/p>","protected":false},"featured_media":35103,"comment_status":"open","ping_status":"closed","template":"","meta":[],"product_brand":[],"product_cat":[15,154,452,455,480,482,374,128],"product_tag":[],"class_list":{"0":"post-35102","1":"product","2":"type-product","3":"status-publish","4":"has-post-thumbnail","6":"product_cat-kategorisoimaton","7":"product_cat-model-y","8":"product_cat-m3-tarvikkeet","9":"product_cat-my-tarvikkeet","10":"product_cat-tarvikkeet-sisapuolelle-model-3","11":"product_cat-tarvikkeet-sisapuolelle-model-y","12":"product_cat-tesla-tarvikkeet","13":"product_cat-tesla-tuotteet","15":"first","16":"instock","17":"taxable","18":"shipping-taxable","19":"purchasable","20":"product-type-simple"},"jetpack_sharing_enabled":true,"_links":{"self":[{"href":"https:\/\/www.vempele.fi\/sv\/wp-json\/wp\/v2\/product\/35102","targetHints":{"allow":["GET"]}}],"collection":[{"href":"https:\/\/www.vempele.fi\/sv\/wp-json\/wp\/v2\/product"}],"about":[{"href":"https:\/\/www.vempele.fi\/sv\/wp-json\/wp\/v2\/types\/product"}],"replies":[{"embeddable":true,"href":"https:\/\/www.vempele.fi\/sv\/wp-json\/wp\/v2\/comments?post=35102"}],"wp:featuredmedia":[{"embeddable":true,"href":"https:\/\/www.vempele.fi\/sv\/wp-json\/wp\/v2\/media\/35103"}],"wp:attachment":[{"href":"https:\/\/www.vempele.fi\/sv\/wp-json\/wp\/v2\/media?parent=35102"}],"wp:term":[{"taxonomy":"product_brand","embeddable":true,"href":"https:\/\/www.vempele.fi\/sv\/wp-json\/wp\/v2\/product_brand?post=35102"},{"taxonomy":"product_cat","embeddable":true,"href":"https:\/\/www.vempele.fi\/sv\/wp-json\/wp\/v2\/product_cat?post=35102"},{"taxonomy":"product_tag","embeddable":true,"href":"https:\/\/www.vempele.fi\/sv\/wp-json\/wp\/v2\/product_tag?post=35102"}],"curies":[{"name":"wp","href":"https:\/\/api.w.org\/{rel}","templated":true}]}}