{"id":35986,"date":"2024-10-03T00:00:00","date_gmt":"2024-10-02T21:00:00","guid":{"rendered":"https:\/\/www.vempele.fi\/fi\/tuote\/linglong-greenmax-winter-ice-i-15-nordic-suv-275-45r20-110t-tesla-model-x-2\/"},"modified":"2026-04-01T13:51:13","modified_gmt":"2026-04-01T10:51:13","slug":"linglong-greenmax-vinteris-i-15-nordic-suv-275-45r20-110t-tesla-modell-x-2","status":"publish","type":"product","link":"https:\/\/www.vempele.fi\/sv\/tuote\/linglong-greenmax-winter-ice-i-15-nordic-suv-275-45r20-110t-tesla-model-x-2\/","title":{"rendered":"Linglong GreenMax vinteris I-15 Nordic SUV 275\/45R20 110T - Tesla Model X"},"content":{"rendered":"<p>1 Linglong GreenMax Winter Ice I-15 Nordic SUV 275\/45-20 110T<\/p>\n<ul>\n<li>EU:s d\u00e4ckm\u00e4rkning<\/li>\n<li>Typ: friktionsring<\/li>\n<li>Tum: 20<\/li>\n<li>Bredd: 275<\/li>\n<li>Profil: 45<\/li>\n<li>Hastighetskategori: T<\/li>\n<li>Lastkapacitetsklass: 110<\/li>\n<li>Klassificering av d\u00e4ck: <\/li>\n<li>Br\u00e4nsleekonomi: <\/li>\n<li>Underh\u00e5ll av v\u00e5tutrymmen: <\/li>\n<li>Klassificering av ljud fr\u00e5n ratten:\u00a0 <\/li>\n<\/ul>\n<p>&nbsp;<\/p>\n<p>D\u00e4cken levereras direkt fr\u00e5n partnerns lager.<\/p>\n<p><img decoding=\"async\" src=\"\" width=\"300\" \/><\/p>\n<p>D\u00e4ckinformation h\u00e4mtad fr\u00e5n en partner.<\/p>","protected":false},"excerpt":{"rendered":"<p>Linglong GreenMax Winter Ice I-15 Nordic SUV - Nordiskt friktionsd\u00e4ck<br \/>\n\u00a0&#13;<br \/>\n\u00a0&#13;<br \/>\n&#13;<br \/>\nUtm\u00e4rkt v\u00e4gh\u00e5llning:GreenMax Winter Ice I-15 Nordic ger utm\u00e4rkt v\u00e4gh\u00e5llning under vinterf\u00f6rh\u00e5llanden.  Dess riktade slitbanem\u00f6nster \u00e4r utformat f\u00f6r att ge b\u00e4sta m\u00f6jliga grepp och k\u00f6regenskaper p\u00e5 hala v\u00e4gar.  L\u00e4ngsg\u00e5ende sp\u00e5r i slitbanem\u00f6nstret bidrar till att effektivt avl\u00e4gsna sn\u00f6 och slask, vilket \u00f6kar s\u00e4kerheten och f\u00f6rb\u00e4ttrar k\u00f6regenskaperna. Speciell nordisk gummiblandning:Detta friktionsd\u00e4ck \u00e4r utrustat med en ny speciell nordisk gummiblandning som ger ett unikt grepp under vinterf\u00f6rh\u00e5llanden.  D\u00e4ckets gummiblandning f\u00f6rblir mjuk och flexibel \u00e4ven under de kallaste och sv\u00e5raste v\u00e4derf\u00f6rh\u00e5llandena, vilket g\u00f6r att d\u00e4cket bibeh\u00e5ller sitt grepp och sina prestanda i kallt v\u00e4der. Linglong GreenMax Winter Ice I-15 Nordic \u00e4r det perfekta valet n\u00e4r du letar efter p\u00e5litliga vinterd\u00e4ck f\u00f6r nordiska vinterf\u00f6rh\u00e5llanden.  De ger utm\u00e4rkt grepp och k\u00f6regenskaper, hj\u00e4lper till att effektivt avl\u00e4gsna sn\u00f6 och slask och f\u00f6rblir flexibla i kalla v\u00e4derf\u00f6rh\u00e5llanden. V\u00e4lj Linglong GreenMax Winter Ice-15 Nordic och g\u00f6r din vinterk\u00f6rning s\u00e4krare och bekv\u00e4mare.<br \/>\n\u00a0 <\/p>\n<p>D\u00e4cken levereras direkt fr\u00e5n partnerns lager.<\/p>","protected":false},"featured_media":35985,"comment_status":"open","ping_status":"open","template":"","meta":[],"product_brand":[],"product_cat":[371],"product_tag":[711,704,632,173,121],"class_list":{"0":"post-35986","1":"product","2":"type-product","3":"status-publish","4":"has-post-thumbnail","6":"product_cat-renkaat","7":"product_tag-greenmax-winter-ice-i-15-nordic-suv","8":"product_tag-kitkarengas","9":"product_tag-linglong","10":"product_tag-model-x","11":"product_tag-tesla","13":"first","14":"instock","15":"taxable","16":"shipping-taxable","17":"purchasable","18":"product-type-simple"},"jetpack_sharing_enabled":true,"_links":{"self":[{"href":"https:\/\/www.vempele.fi\/sv\/wp-json\/wp\/v2\/product\/35986","targetHints":{"allow":["GET"]}}],"collection":[{"href":"https:\/\/www.vempele.fi\/sv\/wp-json\/wp\/v2\/product"}],"about":[{"href":"https:\/\/www.vempele.fi\/sv\/wp-json\/wp\/v2\/types\/product"}],"replies":[{"embeddable":true,"href":"https:\/\/www.vempele.fi\/sv\/wp-json\/wp\/v2\/comments?post=35986"}],"wp:featuredmedia":[{"embeddable":true,"href":"https:\/\/www.vempele.fi\/sv\/wp-json\/wp\/v2\/media\/35985"}],"wp:attachment":[{"href":"https:\/\/www.vempele.fi\/sv\/wp-json\/wp\/v2\/media?parent=35986"}],"wp:term":[{"taxonomy":"product_brand","embeddable":true,"href":"https:\/\/www.vempele.fi\/sv\/wp-json\/wp\/v2\/product_brand?post=35986"},{"taxonomy":"product_cat","embeddable":true,"href":"https:\/\/www.vempele.fi\/sv\/wp-json\/wp\/v2\/product_cat?post=35986"},{"taxonomy":"product_tag","embeddable":true,"href":"https:\/\/www.vempele.fi\/sv\/wp-json\/wp\/v2\/product_tag?post=35986"}],"curies":[{"name":"wp","href":"https:\/\/api.w.org\/{rel}","templated":true}]}}