{"id":36100,"date":"2025-04-04T12:30:31","date_gmt":"2025-04-04T09:30:31","guid":{"rendered":"https:\/\/www.vempele.fi\/?post_type=product&#038;p=36100"},"modified":"2026-04-16T20:07:37","modified_gmt":"2026-04-16T17:07:37","slug":"frezzer-reseskap-35l-12-24v-tesla-modell-y","status":"publish","type":"product","link":"https:\/\/www.vempele.fi\/sv\/tuote\/frezzer-matkajaakaappi-35l-12-24v-tesla-model-y\/","title":{"rendered":"Frezzer resekylsk\u00e5p 35L 12\/24V - Tesla Model Y"},"content":{"rendered":"<p>Kompressordriven 12\/24\/230 V 35-liters kyl och frys f\u00f6r Tesla Model Y Sub Trunk. H\u00f6geffektiv, kyler ner till -20\u00b0C med mycket l\u00e5g energif\u00f6rbrukning oavsett utomhustemperatur. Fj\u00e4rrstyrd via en l\u00e4ttanv\u00e4nd mobilapp.<\/p>\n<p>Enheten \u00e4r utformad f\u00f6r att h\u00e5lla maten vid optimal temperatur \u00e4ven under mycket varma f\u00f6rh\u00e5llanden (34 \u2103). Perfekt kompatibilitet med Tesla Y-modellens bagageutrymme (Sub trunk). Trefasigt skydd f\u00f6r bilbatteriet f\u00f6rhindrar att startbatteriet tar slut. Inf\u00e4llda handtag g\u00f6r det enkelt att lyfta kylsk\u00e5pet fr\u00e5n bagageutrymmet. Ett noggrant utformat ventilationssystem och separata EVA-kuddar mot bagageutrymmets bakre v\u00e4gg skyddar mot \u00f6verhettning. Den slagt\u00e5liga konstruktionen och det tysta k\u00f6rljudet (45 dB) \u00e4r kronan p\u00e5 verket.<\/p>\n<p><strong>Funktioner:<\/strong><\/p>\n<ul>\n<li>Kraftfull DC-inverterkompressor<\/li>\n<li>Fluorfri isolering med god v\u00e4rmelagring och l\u00e5g energif\u00f6rbrukning<\/li>\n<li>Snabb nedkylning till -20 \u00b0C<\/li>\n<li>Ett skyddssystem f\u00f6r bilbatterier som f\u00f6rhindrar att batteriet laddas ur<\/li>\n<li>Digital kontrollpanel f\u00f6r temperaturkontroll<\/li>\n<li>Enheten \u00e4r utrustad med Bluetooth-kapacitet. Gratis nedladdningsbar och l\u00e4ttanv\u00e4nd mobilapp som g\u00f6r att du kan \u00f6vervaka temperaturen i ditt kylsk\u00e5p och fj\u00e4rrstyra det med din smartphone.<\/li>\n<li>Led-armatur inuti kylsk\u00e5pet<\/li>\n<li>Avtagbart baslock f\u00f6r tv\u00e4tt<\/li>\n<\/ul>\n<p><strong>Tekniska specifikationer:<\/strong><\/p>\n<ul>\n<li>Ljudniv\u00e5: 45 dB<\/li>\n<li>Effekt: 60 W<\/li>\n<li>K\u00f6ldmedium: R134a<\/li>\n<li>Genomsnittlig str\u00f6mf\u00f6rbrukning under kylning (uppstart): 4-5 A (12 V)<\/li>\n<li>Genomsnittlig str\u00f6mf\u00f6rbrukning under underh\u00e5ll: 2-3 A (12 V)<\/li>\n<li>Nettovikt: 15 kg<\/li>\n<li>Garanti: 2 \u00e5r<\/li>\n<li>M\u00e5tt p\u00e5 f\u00f6rpackningen: 78,8 x 45,8 x 35,9 cm<\/li>\n<li>Produktm\u00e5tt: 86,5 x 53,5 x 42,6 cm<\/li>\n<li>Kompatibilitet\n<ul>\n<li>Tesla Model Y 2020 - 2024<\/li>\n<li>Tesla Model Y Juniper 2025 -&gt;<\/li>\n<\/ul>\n<\/li>\n<\/ul>\n<p><a href=\"https:\/\/www.vempele.fi\/wp-content\/uploads\/2025\/06\/6438014391885_kayttoohje_Frezzer_Tesla_Y_35_l_12_24V_230V_matkajaakaappi_FI_SV_EN.pdf\" target=\"_blank\" rel=\"noopener\">Anv\u00e4ndar- och installationshandbok<\/a><\/p>","protected":false},"excerpt":{"rendered":"<p>Kompressorkylsk\u00e5p. Perfekt kompatibilitet med Tesla Y-modellens bagageutrymme (Sub trunk).<\/p>\n<p>&nbsp;<\/p>","protected":false},"featured_media":36101,"comment_status":"open","ping_status":"closed","template":"","meta":[],"product_brand":[753],"product_cat":[154,455,482],"product_tag":[],"class_list":{"0":"post-36100","1":"product","2":"type-product","3":"status-publish","4":"has-post-thumbnail","6":"product_brand-frezzer","7":"product_cat-model-y","8":"product_cat-my-tarvikkeet","9":"product_cat-tarvikkeet-sisapuolelle-model-y","11":"first","12":"instock","13":"taxable","14":"shipping-taxable","15":"purchasable","16":"product-type-simple"},"jetpack_sharing_enabled":true,"_links":{"self":[{"href":"https:\/\/www.vempele.fi\/sv\/wp-json\/wp\/v2\/product\/36100","targetHints":{"allow":["GET"]}}],"collection":[{"href":"https:\/\/www.vempele.fi\/sv\/wp-json\/wp\/v2\/product"}],"about":[{"href":"https:\/\/www.vempele.fi\/sv\/wp-json\/wp\/v2\/types\/product"}],"replies":[{"embeddable":true,"href":"https:\/\/www.vempele.fi\/sv\/wp-json\/wp\/v2\/comments?post=36100"}],"wp:featuredmedia":[{"embeddable":true,"href":"https:\/\/www.vempele.fi\/sv\/wp-json\/wp\/v2\/media\/36101"}],"wp:attachment":[{"href":"https:\/\/www.vempele.fi\/sv\/wp-json\/wp\/v2\/media?parent=36100"}],"wp:term":[{"taxonomy":"product_brand","embeddable":true,"href":"https:\/\/www.vempele.fi\/sv\/wp-json\/wp\/v2\/product_brand?post=36100"},{"taxonomy":"product_cat","embeddable":true,"href":"https:\/\/www.vempele.fi\/sv\/wp-json\/wp\/v2\/product_cat?post=36100"},{"taxonomy":"product_tag","embeddable":true,"href":"https:\/\/www.vempele.fi\/sv\/wp-json\/wp\/v2\/product_tag?post=36100"}],"curies":[{"name":"wp","href":"https:\/\/api.w.org\/{rel}","templated":true}]}}