{"id":36352,"date":"2024-10-03T00:00:00","date_gmt":"2024-10-02T21:00:00","guid":{"rendered":"https:\/\/www.vempele.fi\/tuote\/nankang-ns-20-noble-sport-245-45r19-98y-tesla-model-s\/"},"modified":"2026-04-21T06:51:11","modified_gmt":"2026-04-21T03:51:11","slug":"nankang-ns-20-noble-sport-245-45r19-98y-tesla-modell-s","status":"publish","type":"product","link":"https:\/\/www.vempele.fi\/sv\/tuote\/nankang-ns-20-noble-sport-245-45r19-98y-tesla-model-s\/","title":{"rendered":"Nankang NS-20 Noble Sport 245\/45R19 98Y - Tesla Model S"},"content":{"rendered":"<p>1 upps\u00e4ttning Nankang NS-20 Noble Sport 245\/45-19 98Y<\/p>\n<ul>\n<li>EU:s d\u00e4ckm\u00e4rkning<\/li>\n<li>Typ: sommard\u00e4ck<\/li>\n<li>Tum: 19<\/li>\n<li>Bredd: 245<\/li>\n<li>Profil: 45<\/li>\n<li>Hastighetskategori: Y<\/li>\n<li>Belastningsklass: 98<\/li>\n<li>D\u00e4ckklassificering: C1<\/li>\n<li>Br\u00e4nsleekonomi: D<\/li>\n<li>Underh\u00e5ll av v\u00e5tutrymmen: A<\/li>\n<li>Ljudniv\u00e5 och intensitet i hytten: B - 71dB<\/li>\n<\/ul>\n<p>&nbsp;<\/p>\n<p>D\u00e4cken levereras direkt fr\u00e5n partnerns lager.<\/p>\n<p><img decoding=\"async\" src=\"https:\/\/www.vempele.fi\/wp-content\/uploads\/2025\/04\/Label_469019.svg\" width=\"300\" \/><\/p>\n<p>D\u00e4ckinformation h\u00e4mtad fr\u00e5n en partner.<\/p>","protected":false},"excerpt":{"rendered":"<p>Nankang NS-20 Ultra Sport \u00e4r ett sportigt bredbasd\u00e4ck f\u00f6r stora bilar, optimerat f\u00f6r att ge b\u00e4sta m\u00f6jliga grepp och k\u00f6rprestanda p\u00e5 b\u00e5de torr och v\u00e5t asfalt.<br \/>\n&#13;<br \/>\n4 breda l\u00e4ngsg\u00e5ende sp\u00e5r leder effektivt bort vatten, vilket f\u00f6rb\u00e4ttrar k\u00f6regenskaper och bromsstr\u00e4ckor i regn och f\u00f6rhindrar att vatten tr\u00e4nger in.<br \/>\nSmala l\u00e4ngsg\u00e5ende sp\u00e5r leder bort vatten och spelar ocks\u00e5 en viktig roll f\u00f6r att minimera d\u00e4ckslitaget.<br \/>\nSp\u00e5rm\u00f6nstret i d\u00e4ckets axelomr\u00e5de minskar d\u00e4ckljudet och axelstyvheten, vilket \u00f6kar k\u00f6rkomforten.<br \/>\nSmala tv\u00e4rg\u00e5ende sp\u00e5r minskar d\u00e4ckbullret effektivt.<br \/>\nDen nya h\u00f6gkvalitativa gummiblandningen med riklig kiseldioxidhalt ger b\u00e4sta m\u00f6jliga grepp under alla f\u00f6rh\u00e5llanden.<br \/>\n&#13;<br \/>\nTaiwanbaserade Nankang \u00e4r en av Asiens \u00e4ldsta och mest traditionella d\u00e4cktillverkare, med kunskap och teknik som ligger i framkant inom sitt omr\u00e5de.  Nankang har sedan l\u00e4nge satt kvaliteten p\u00e5 sina d\u00e4ck i f\u00f6rsta rummet, med principen att Nankangs d\u00e4ck inte bara uppfyller utan \u00f6vertr\u00e4ffar alla moderna krav.  Faktum \u00e4r att Nankang-d\u00e4ck t\u00e5l att j\u00e4mf\u00f6ras med d\u00e4ck fr\u00e5n alla andra tillverkare. <\/p>\n<p> D\u00e4cken levereras direkt fr\u00e5n partnerns lager.<\/p>","protected":false},"featured_media":36354,"comment_status":"open","ping_status":"open","template":"","meta":[],"product_brand":[],"product_cat":[371],"product_tag":[696,172,707,757,121],"class_list":{"0":"post-36352","1":"product","2":"type-product","3":"status-publish","4":"has-post-thumbnail","6":"product_cat-renkaat","7":"product_tag-kesarengas","8":"product_tag-model-s","9":"product_tag-nankang","10":"product_tag-ns-20-noble-sport","11":"product_tag-tesla","13":"first","14":"instock","15":"taxable","16":"shipping-taxable","17":"purchasable","18":"product-type-simple"},"jetpack_sharing_enabled":true,"_links":{"self":[{"href":"https:\/\/www.vempele.fi\/sv\/wp-json\/wp\/v2\/product\/36352","targetHints":{"allow":["GET"]}}],"collection":[{"href":"https:\/\/www.vempele.fi\/sv\/wp-json\/wp\/v2\/product"}],"about":[{"href":"https:\/\/www.vempele.fi\/sv\/wp-json\/wp\/v2\/types\/product"}],"replies":[{"embeddable":true,"href":"https:\/\/www.vempele.fi\/sv\/wp-json\/wp\/v2\/comments?post=36352"}],"wp:featuredmedia":[{"embeddable":true,"href":"https:\/\/www.vempele.fi\/sv\/wp-json\/wp\/v2\/media\/36354"}],"wp:attachment":[{"href":"https:\/\/www.vempele.fi\/sv\/wp-json\/wp\/v2\/media?parent=36352"}],"wp:term":[{"taxonomy":"product_brand","embeddable":true,"href":"https:\/\/www.vempele.fi\/sv\/wp-json\/wp\/v2\/product_brand?post=36352"},{"taxonomy":"product_cat","embeddable":true,"href":"https:\/\/www.vempele.fi\/sv\/wp-json\/wp\/v2\/product_cat?post=36352"},{"taxonomy":"product_tag","embeddable":true,"href":"https:\/\/www.vempele.fi\/sv\/wp-json\/wp\/v2\/product_tag?post=36352"}],"curies":[{"name":"wp","href":"https:\/\/api.w.org\/{rel}","templated":true}]}}