{"id":36355,"date":"2024-10-03T00:00:00","date_gmt":"2024-10-02T21:00:00","guid":{"rendered":"https:\/\/www.vempele.fi\/tuote\/nankang-sportnex-as-2-tm-ja-tuulilasi-testimenestys-245-35r21-96y-tesla-model-s\/"},"modified":"2026-04-18T08:51:12","modified_gmt":"2026-04-18T05:51:12","slug":"nankang-sportnex-as-2-tm-och-vindruta-testresultat-245-35r21-96y-tesla-modell-s","status":"publish","type":"product","link":"https:\/\/www.vempele.fi\/sv\/tuote\/nankang-sportnex-as-2-tm-ja-tuulilasi-testimenestys-245-35r21-96y-tesla-model-s\/","title":{"rendered":"Nankang Sportnex AS-2+ TM och vindrutetest test test 245\/35R21 96Y - Tesla Model S"},"content":{"rendered":"<p>1 st Nankang Sportnex AS-2+ TM och vindruta test test test test 245\/35-21 96Y<\/p>\n<ul>\n<li>EU:s d\u00e4ckm\u00e4rkning<\/li>\n<li>Typ: sommard\u00e4ck<\/li>\n<li>Tjocklek: 21<\/li>\n<li>Bredd: 245<\/li>\n<li>Profil: 35<\/li>\n<li>Hastighetskategori: Y<\/li>\n<li>Lastkapacitetsklass: 96<\/li>\n<li>Klassificering av d\u00e4ck: <\/li>\n<li>Br\u00e4nsleekonomi: <\/li>\n<li>Underh\u00e5ll av v\u00e5tutrymmen: <\/li>\n<li>Klassificering och intensitet f\u00f6r kabinbuller: - dB<\/li>\n<\/ul>\n<p>&nbsp;<\/p>\n<p>D\u00e4cken levereras direkt fr\u00e5n partnerns lager.<\/p>\n<p><img decoding=\"async\" src=\"\" width=\"300\" \/><\/p>\n<p>D\u00e4ckinformation h\u00e4mtad fr\u00e5n en partner.<\/p>","protected":false},"excerpt":{"rendered":"<p>Nankang Sportnex AS-2+ \u00e4r en riktig vinnare p\u00e5 vatten.  Fantastiska testresultat i b\u00e5de Windshield och Technology World visar att Nankang \u00e4r ett av de b\u00e4sta d\u00e4cken i v\u00e4rlden, men \u00e4nd\u00e5 till ett \u00f6verkomligt pris.<br \/>\n\u00a0&#13;<br \/>\nFj\u00e4rde plats och fantastiska 8,6 po\u00e4ng i Tuulilas stora sommard\u00e4cktest<br \/>\nNankang Sportnex AS-2+ kom p\u00e5 en utm\u00e4rkt fj\u00e4rde plats i ett d\u00e4cktest av Tuulilasi (Tuulilasi 3\/2017).  Nankang presterade s\u00e4rskilt bra i regnigt v\u00e4der.  Tuulilasi sa om Nankang.  I regn \u00e4r k\u00f6regenskaperna lovv\u00e4rt neutrala. \" Nankang presterade ocks\u00e5 genomg\u00e5ende bra inom andra omr\u00e5den och fick minst en \u00e5tta i varje m\u00e4tning.  Som ett resultat av denna konsekventa prestanda var maskinens po\u00e4ng bara en halv po\u00e4ng fr\u00e5n testvinsten.<br \/>\n\"Prisv\u00e4rda Nankang \u00f6verraskade med f\u00f6rb\u00e4ttrad prestanda\"<br \/>\nNankang var det klart billigaste d\u00e4cket i testet, vilket ocks\u00e5 Tuulilasi uppm\u00e4rksammade.  Tuulilasi rapporterade att Nankang var upp till 50 euro billigare \u00e4n det n\u00e4st billigaste d\u00e4cket i testet, och att det dyraste d\u00e4cket var hela 79% dyrare \u00e4n Nankang.  Trots detta kom Nankang p\u00e5 en utm\u00e4rkt fj\u00e4rdeplats i testet, bara en halv po\u00e4ng fr\u00e5n testsegern.  Det betydligt l\u00e4gre priset beaktades dock inte i po\u00e4ngs\u00e4ttningen.<br \/>\n\u00a0&#13;<br \/>\n&#13;<br \/>\nUtm\u00e4rkt framg\u00e5ng i Tekniikan Maailmans stora sommard\u00e4cktest<br \/>\nNankang Sportnex AS-2+ \u00e4r en riktig vinnare i sommard\u00e4cktestet i Tekniikan Maailman (8\/2016), som klarade sig mycket bra bland de mycket dyrare m\u00e4rkesd\u00e4cken.  I slutresultatet \u00e4r skillnaden mellan Nankang och Michelin endast 0,4 po\u00e4ng.  Nankang f\u00e5r 8,1 po\u00e4ng och Michelin 8,5 po\u00e4ng.  Skillnaden \u00e4r f\u00f6rsumbar.<br \/>\nResultatet \u00e4r en godbit f\u00f6r alla bilister som vill k\u00f6pa sommard\u00e4ck till ett l\u00e4gre pris och k\u00e4nna sig trygga med att de f\u00e5r s\u00e4kra d\u00e4ck.  Tekniikan Maailman-testet fokuserar fr\u00e4mst p\u00e5 sommard\u00e4ckens s\u00e4kerhet.  Nankang f\u00e5r s\u00e4rskilt ber\u00f6m f\u00f6r s\u00e4kerhetsaspekter som v\u00e5tgrepp och v\u00e4gh\u00e5llning p\u00e5 torrt underlag.<br \/>\nNankangs bromsning p\u00e5 v\u00e5tt underlag \u00e4r bra<br \/>\nNankangs bromsprestanda p\u00e5 v\u00e5tt underlag f\u00e5r betyget 9, medan Michelin till exempel f\u00e5r betyget 8. Nankang \u00e4r ocks\u00e5 b\u00e4ttre \u00e4n Michelin vid bromsning p\u00e5 torrt underlag.  I v\u00e4gh\u00e5llning p\u00e5 v\u00e5tt och torrt underlag f\u00e5r Nankang och Michelin samma po\u00e4ng.<br \/>\nUtm\u00e4rkt design garanterar ett s\u00e4kert resultat<br \/>\n&#13;<br \/>\n\u00a0&#13;<br \/>\nAS-2 Sportnex klarade sig ocks\u00e5 bra i tester som utf\u00f6rdes av det prestigefyllda T\u00dcV SUD.  I testet st\u00e4lls d\u00e4cket mot tre ledande d\u00e4ckm\u00e4rken och man j\u00e4mf\u00f6r bland annat grepp p\u00e5 torrt och v\u00e5tt underlag, k\u00f6rk\u00e4nsla, ljudniv\u00e5 och rullmotst\u00e5nd.<br \/>\nAS-2 Sportnex tilldelades T\u00dcV SUD:s kvalitetsm\u00e4rke efter ett mycket framg\u00e5ngsrikt test.<br \/>\nKolla in testrapporten h\u00e4r. \u00a0 <\/p>\n<p> D\u00e4cken levereras direkt fr\u00e5n partnerns lager.<\/p>","protected":false},"featured_media":36346,"comment_status":"open","ping_status":"open","template":"","meta":[],"product_brand":[],"product_cat":[371],"product_tag":[696,172,707,756,121],"class_list":{"0":"post-36355","1":"product","2":"type-product","3":"status-publish","4":"has-post-thumbnail","6":"product_cat-renkaat","7":"product_tag-kesarengas","8":"product_tag-model-s","9":"product_tag-nankang","10":"product_tag-sportnex-as-2-tm-ja-tuulilasi-testimenestys","11":"product_tag-tesla","13":"first","14":"instock","15":"taxable","16":"shipping-taxable","17":"purchasable","18":"product-type-simple"},"jetpack_sharing_enabled":true,"_links":{"self":[{"href":"https:\/\/www.vempele.fi\/sv\/wp-json\/wp\/v2\/product\/36355","targetHints":{"allow":["GET"]}}],"collection":[{"href":"https:\/\/www.vempele.fi\/sv\/wp-json\/wp\/v2\/product"}],"about":[{"href":"https:\/\/www.vempele.fi\/sv\/wp-json\/wp\/v2\/types\/product"}],"replies":[{"embeddable":true,"href":"https:\/\/www.vempele.fi\/sv\/wp-json\/wp\/v2\/comments?post=36355"}],"wp:featuredmedia":[{"embeddable":true,"href":"https:\/\/www.vempele.fi\/sv\/wp-json\/wp\/v2\/media\/36346"}],"wp:attachment":[{"href":"https:\/\/www.vempele.fi\/sv\/wp-json\/wp\/v2\/media?parent=36355"}],"wp:term":[{"taxonomy":"product_brand","embeddable":true,"href":"https:\/\/www.vempele.fi\/sv\/wp-json\/wp\/v2\/product_brand?post=36355"},{"taxonomy":"product_cat","embeddable":true,"href":"https:\/\/www.vempele.fi\/sv\/wp-json\/wp\/v2\/product_cat?post=36355"},{"taxonomy":"product_tag","embeddable":true,"href":"https:\/\/www.vempele.fi\/sv\/wp-json\/wp\/v2\/product_tag?post=36355"}],"curies":[{"name":"wp","href":"https:\/\/api.w.org\/{rel}","templated":true}]}}