{"id":36461,"date":"2024-10-03T00:00:00","date_gmt":"2024-10-02T21:00:00","guid":{"rendered":"https:\/\/www.vempele.fi\/fi\/tuote\/goodride-solmax-1-245-35r21-95y-tesla-model-s\/"},"modified":"2026-05-02T08:18:24","modified_gmt":"2026-05-02T05:18:24","slug":"goodride-solmax-1-245-35r21-95y-tesla-model-s","status":"publish","type":"product","link":"https:\/\/www.vempele.fi\/sv\/tuote\/goodride-solmax-1-245-35r21-95y-tesla-model-s\/","title":{"rendered":"Goodride SOLMAX 1 245\/35R21 95Y - Tesla Model S"},"content":{"rendered":"<p>1 enhet Goodride SOLMAX 1 245\/35-21 95Y<\/p>\n<ul>\n<li>EU:s d\u00e4ckm\u00e4rkning<\/li>\n<li>Typ: sommard\u00e4ck<\/li>\n<li>Tjocklek: 21<\/li>\n<li>Bredd: 245<\/li>\n<li>Profil: 35<\/li>\n<li>Hastighetskategori: Y<\/li>\n<li>Lastkapacitetsklass: 95<\/li>\n<li>D\u00e4ckklassificering: C1<\/li>\n<li>Br\u00e4nsleekonomi: C<\/li>\n<li>Underh\u00e5ll av v\u00e5tutrymmen: A<\/li>\n<li>Ljudniv\u00e5 och intensitet i hytten: B - 72dB<\/li>\n<\/ul>\n<p>&nbsp;<\/p>\n<p>D\u00e4cken levereras direkt fr\u00e5n partnerns lager.<\/p>\n<p><img decoding=\"async\" src=\"https:\/\/www.vempele.fi\/wp-content\/uploads\/2025\/04\/Label_1362145.svg\" width=\"300\" \/><\/p>\n<p>D\u00e4ckinformation h\u00e4mtad fr\u00e5n en partner.<\/p>","protected":false},"excerpt":{"rendered":"<p>\u00a0&#13;<br \/>\nHelt nya Goodride SOLMAX1 - klass A-grepp p\u00e5 v\u00e5tt underlag och avancerad teknik<br \/>\nKlass A-v\u00e5tgrepp i EU-tester f\u00f6r alla SOLMAX1-storlekar s\u00e4kerst\u00e4ller utm\u00e4rkt bromsprestanda p\u00e5 v\u00e5tt underlag.  V\u00e5tgrepp \u00e4r en viktig s\u00e4kerhetsfunktion, s\u00e4rskilt f\u00f6r sommard\u00e4ck - en funktion som Goodride har investerat mycket i f\u00f6r att utveckla SOLMAX1-s\u00e4kerheten.<br \/>\nGoodride SOLMAX1 ligger i framkant n\u00e4r det g\u00e4ller modern d\u00e4ckteknik.  D\u00e4cket representerar den senaste tekniken och det b\u00e4sta av det b\u00e4sta inom d\u00e4ckbranschen.  Det har ett antal smarta innovationer som f\u00f6rb\u00e4ttrar k\u00f6rbarheten, k\u00f6rkomforten och s\u00e4kerheten.  Dessutom blir br\u00e4nsleekonomin \u00e4nnu b\u00e4ttre.<br \/>\nTekniska och smarta innovationer inkluderar:<br \/>\n1. Avancerade volymd\u00e4mpare p\u00e5 d\u00e4ckets yta f\u00f6r en bekv\u00e4mare k\u00f6rupplevelse. 2.  Intelligent hybridsilanpatent som optimerar slitbanans gummiblandning f\u00f6r att effektivt absorbera v\u00e4gvibrationer och ytterligare f\u00f6rb\u00e4ttra k\u00f6rupplevelsen 3.  Patenterad nanometersteknik och m\u00f6nster med h\u00f6g m\u00e4ttnadsgrad g\u00f6r d\u00e4cket extremt slitstarkt och \u00f6kar d\u00e4rmed k\u00f6rstr\u00e4ckan.<br \/>\nGoodride SOLMAX1 \u00e4r ett utm\u00e4rkt val n\u00e4r du vill ha b\u00e4sta m\u00f6jliga valuta f\u00f6r pengarna i ett sommard\u00e4ck.<br \/>\nGoodride \u00e4r en av v\u00e4rldens st\u00f6rsta d\u00e4cktillverkare, med den senaste tekniken och de b\u00e4sta d\u00e4ckkonstrukt\u00f6rerna i branschen.<br \/>\nV\u00e4lj det helt nya Goodride SOLMAX1 f\u00f6r ett s\u00e4krare och b\u00e4ttre sommard\u00e4ck med klass A-v\u00e5tgrepp. <\/p>\n<p> D\u00e4cken levereras direkt fr\u00e5n partnerns lager.<\/p>","protected":false},"featured_media":36465,"comment_status":"open","ping_status":"open","template":"","meta":[],"product_brand":[],"product_cat":[371],"product_tag":[727,696,172,758,121],"class_list":{"0":"post-36461","1":"product","2":"type-product","3":"status-publish","4":"has-post-thumbnail","6":"product_cat-renkaat","7":"product_tag-goodride","8":"product_tag-kesarengas","9":"product_tag-model-s","10":"product_tag-solmax-1","11":"product_tag-tesla","13":"first","14":"instock","15":"taxable","16":"shipping-taxable","17":"purchasable","18":"product-type-simple"},"jetpack_sharing_enabled":true,"_links":{"self":[{"href":"https:\/\/www.vempele.fi\/sv\/wp-json\/wp\/v2\/product\/36461","targetHints":{"allow":["GET"]}}],"collection":[{"href":"https:\/\/www.vempele.fi\/sv\/wp-json\/wp\/v2\/product"}],"about":[{"href":"https:\/\/www.vempele.fi\/sv\/wp-json\/wp\/v2\/types\/product"}],"replies":[{"embeddable":true,"href":"https:\/\/www.vempele.fi\/sv\/wp-json\/wp\/v2\/comments?post=36461"}],"wp:featuredmedia":[{"embeddable":true,"href":"https:\/\/www.vempele.fi\/sv\/wp-json\/wp\/v2\/media\/36465"}],"wp:attachment":[{"href":"https:\/\/www.vempele.fi\/sv\/wp-json\/wp\/v2\/media?parent=36461"}],"wp:term":[{"taxonomy":"product_brand","embeddable":true,"href":"https:\/\/www.vempele.fi\/sv\/wp-json\/wp\/v2\/product_brand?post=36461"},{"taxonomy":"product_cat","embeddable":true,"href":"https:\/\/www.vempele.fi\/sv\/wp-json\/wp\/v2\/product_cat?post=36461"},{"taxonomy":"product_tag","embeddable":true,"href":"https:\/\/www.vempele.fi\/sv\/wp-json\/wp\/v2\/product_tag?post=36461"}],"curies":[{"name":"wp","href":"https:\/\/api.w.org\/{rel}","templated":true}]}}