{"id":37725,"date":"2024-10-03T00:00:00","date_gmt":"2024-10-02T21:00:00","guid":{"rendered":"https:\/\/www.vempele.fi\/fi\/tuote\/linglong-sport-master-e-sahkoautoihin-235-45r18-98v-tesla-model-3\/"},"modified":"2026-04-19T10:51:17","modified_gmt":"2026-04-19T07:51:17","slug":"linglong-sport-master-e-for-lastbilar-235-45r18-98v-tesla-model-3","status":"publish","type":"product","link":"https:\/\/www.vempele.fi\/sv\/tuote\/linglong-sport-master-e-sahkoautoihin-235-45r18-98v-tesla-model-3\/","title":{"rendered":"Linglong Sport Master e f\u00f6r elbilar- 235\/45R18 98V - Tesla Model 3"},"content":{"rendered":"<p>1 st Linglong Sport Master e f\u00f6r elbilar- 235\/45-18 98V<\/p>\n<ul>\n<li>EU:s d\u00e4ckm\u00e4rkning<\/li>\n<li>Typ: sommard\u00e4ck<\/li>\n<li>Tum: 18<\/li>\n<li>Bredd: 235<\/li>\n<li>Profil: 45<\/li>\n<li>Hastighetskategori: V<\/li>\n<li>Belastningsklass: 98<\/li>\n<li>D\u00e4ckklassificering: C1<\/li>\n<li>Br\u00e4nsleekonomi: A<\/li>\n<li>V\u00e5t underh\u00e5ll: B<\/li>\n<li>Ljudniv\u00e5 och intensitet i hytten: A - 69dB<\/li>\n<\/ul>\n<p>&nbsp;<\/p>\n<p>D\u00e4cken levereras direkt fr\u00e5n partnerns lager.<\/p>\n<p><img decoding=\"async\" src=\"https:\/\/www.vempele.fi\/wp-content\/uploads\/2024\/09\/Label_1906304.svg\" width=\"300\" \/><\/p>\n<p>D\u00e4ckinformation h\u00e4mtad fr\u00e5n en partner.<\/p>","protected":false},"excerpt":{"rendered":"<p>Det helt nya Linglong Sport Master e \u00e4r speciellt framtaget f\u00f6r elbilar.  Den erbjuder marknadens b\u00e4sta energif\u00f6rbrukning i klass A, den l\u00e4ngsta r\u00e4ckvidden i klass A, det tystaste ljudet i klass A och upp till 34% l\u00e4gre rullmotst\u00e5nd.  L\u00e5gt rullmotst\u00e5nd \u00e4r inte bara en siffra - f\u00f6rdelarna \u00e4r bland annat l\u00e4ngre k\u00f6rstr\u00e4ckor p\u00e5 en enda laddning, l\u00e4gre energikostnader och f\u00f6rb\u00e4ttrad milj\u00f6v\u00e4nlighet.<br \/>\nDen innovativa designen hos Sport Master e ger extrem tystnad och h\u00e5llbarhet f\u00f6r elfordonens kraftfulla prestanda.  I j\u00e4mf\u00f6relse var d\u00e4cket hela 5,13% tystare \u00e4n konkurrenterna.  Sport Master e ger en enkel och njutbar k\u00f6rupplevelse.  Det visar ocks\u00e5 prov p\u00e5 perfekt energioptimering f\u00f6r elbilarnas h\u00f6gre effektbehov \u00e4n vanligt. <\/p>\n<p> D\u00e4cken levereras direkt fr\u00e5n partnerns lager.<\/p>","protected":false},"featured_media":31813,"comment_status":"open","ping_status":"open","template":"","meta":[],"product_brand":[],"product_cat":[371],"product_tag":[696,632,156,763,121],"class_list":{"0":"post-37725","1":"product","2":"type-product","3":"status-publish","4":"has-post-thumbnail","6":"product_cat-renkaat","7":"product_tag-kesarengas","8":"product_tag-linglong","9":"product_tag-model-3","10":"product_tag-sport-master-e-sahkoautoihin","11":"product_tag-tesla","13":"first","14":"instock","15":"taxable","16":"shipping-taxable","17":"purchasable","18":"product-type-simple"},"jetpack_sharing_enabled":true,"_links":{"self":[{"href":"https:\/\/www.vempele.fi\/sv\/wp-json\/wp\/v2\/product\/37725","targetHints":{"allow":["GET"]}}],"collection":[{"href":"https:\/\/www.vempele.fi\/sv\/wp-json\/wp\/v2\/product"}],"about":[{"href":"https:\/\/www.vempele.fi\/sv\/wp-json\/wp\/v2\/types\/product"}],"replies":[{"embeddable":true,"href":"https:\/\/www.vempele.fi\/sv\/wp-json\/wp\/v2\/comments?post=37725"}],"wp:featuredmedia":[{"embeddable":true,"href":"https:\/\/www.vempele.fi\/sv\/wp-json\/wp\/v2\/media\/31813"}],"wp:attachment":[{"href":"https:\/\/www.vempele.fi\/sv\/wp-json\/wp\/v2\/media?parent=37725"}],"wp:term":[{"taxonomy":"product_brand","embeddable":true,"href":"https:\/\/www.vempele.fi\/sv\/wp-json\/wp\/v2\/product_brand?post=37725"},{"taxonomy":"product_cat","embeddable":true,"href":"https:\/\/www.vempele.fi\/sv\/wp-json\/wp\/v2\/product_cat?post=37725"},{"taxonomy":"product_tag","embeddable":true,"href":"https:\/\/www.vempele.fi\/sv\/wp-json\/wp\/v2\/product_tag?post=37725"}],"curies":[{"name":"wp","href":"https:\/\/api.w.org\/{rel}","templated":true}]}}