{"id":37954,"date":"2025-03-01T00:00:00","date_gmt":"2025-02-28T22:00:00","guid":{"rendered":"https:\/\/www.vempele.fi\/?post_type=product&#038;p=37954"},"modified":"2026-04-17T20:51:13","modified_gmt":"2026-04-17T17:51:13","slug":"monaco-wheels-gp6-silver-20x90-et40-modell-3-y","status":"publish","type":"product","link":"https:\/\/www.vempele.fi\/sv\/tuote\/monaco-wheels-gp6-silver-20x90-et40-model-3-y\/","title":{"rendered":"MONACO HJUL GP6 Silver 20\u00d79,0 ET40 - Modell 3 \/ Y"},"content":{"rendered":"<p>MONACO HJUL GP6 Silver 20\u00d79,0 ET40<\/p>\n<ul>\n<li>Bredd: 9,0\u2033<\/li>\n<li>F\u00e4lgdiameter: 20\u2033<\/li>\n<li>Direkt passform: ja<\/li>\n<li>Genomsnittligt h\u00e5l: 64,1 mm<\/li>\n<li>Original centrumkopp passar: ja<\/li>\n<li>Bultf\u00f6rdelning 5\u00d7114,3<\/li>\n<li>Kotte: X<\/li>\n<li>Vikt: 16.300 kg<\/li>\n<li>Lastindex: 0900 kg<\/li>\n<li>T\u00dcV: Nej<\/li>\n<li>Rekommenderad vinteranv\u00e4ndning: ja<\/li>\n<\/ul>\n<p>L\u00e4mplig f\u00f6r Model 3 Performance <br \/>L\u00e4mplig f\u00f6r modell Y Performance <\/p>","protected":false},"excerpt":{"rendered":"<p>MONACO HJUL GP6 Silver 20\u00d79,0 ET40 <\/p>\n<p> Priset g\u00e4ller f\u00f6r en f\u00e4lg <\/p>\n<p> F\u00e4lgarna levereras direkt fr\u00e5n partnerns lager - leveranstid ca 1 vecka. <\/p>\n<p><a href=\"#tab-description\">L\u00e4s mer...<\/a><\/p>","protected":false},"featured_media":37520,"comment_status":"open","ping_status":"open","template":"","meta":[],"product_brand":[],"product_cat":[372],"product_tag":[774,121,363],"class_list":{"0":"post-37954","1":"product","2":"type-product","3":"status-publish","4":"has-post-thumbnail","6":"product_cat-vanteet","7":"product_tag-monaco-wheels","8":"product_tag-tesla","9":"product_tag-vanne","11":"first","12":"instock","13":"taxable","14":"shipping-taxable","15":"purchasable","16":"product-type-simple"},"jetpack_sharing_enabled":true,"_links":{"self":[{"href":"https:\/\/www.vempele.fi\/sv\/wp-json\/wp\/v2\/product\/37954","targetHints":{"allow":["GET"]}}],"collection":[{"href":"https:\/\/www.vempele.fi\/sv\/wp-json\/wp\/v2\/product"}],"about":[{"href":"https:\/\/www.vempele.fi\/sv\/wp-json\/wp\/v2\/types\/product"}],"replies":[{"embeddable":true,"href":"https:\/\/www.vempele.fi\/sv\/wp-json\/wp\/v2\/comments?post=37954"}],"wp:featuredmedia":[{"embeddable":true,"href":"https:\/\/www.vempele.fi\/sv\/wp-json\/wp\/v2\/media\/37520"}],"wp:attachment":[{"href":"https:\/\/www.vempele.fi\/sv\/wp-json\/wp\/v2\/media?parent=37954"}],"wp:term":[{"taxonomy":"product_brand","embeddable":true,"href":"https:\/\/www.vempele.fi\/sv\/wp-json\/wp\/v2\/product_brand?post=37954"},{"taxonomy":"product_cat","embeddable":true,"href":"https:\/\/www.vempele.fi\/sv\/wp-json\/wp\/v2\/product_cat?post=37954"},{"taxonomy":"product_tag","embeddable":true,"href":"https:\/\/www.vempele.fi\/sv\/wp-json\/wp\/v2\/product_tag?post=37954"}],"curies":[{"name":"wp","href":"https:\/\/api.w.org\/{rel}","templated":true}]}}