{"id":38310,"date":"2025-06-18T12:19:56","date_gmt":"2025-06-18T09:19:56","guid":{"rendered":"https:\/\/www.vempele.fi\/?post_type=product&#038;p=38310"},"modified":"2026-03-25T18:00:07","modified_gmt":"2026-03-25T16:00:07","slug":"framaxel-bakre-nedre-stodarmsbussning-polypro-tesla-model-3-y","status":"publish","type":"product","link":"https:\/\/www.vempele.fi\/sv\/tuote\/etuakselin-takimmaisen-alatukivarren-hela-polypro-tesla-model-3-y\/","title":{"rendered":"Fr\u00e4mre axel bakre nedre styrarms vulst - PolyPro - Tesla Model 3 \/ Y"},"content":{"rendered":"<ul>\n<li>Tillverkare:PolyPro<\/li>\n<li>Tillverkarens produktnummer: PP-2227c<\/li>\n<li>L\u00e4mplighet:\n<ul>\n<li>Model 3 Pre-Refresh vm. 2019 - 2021<\/li>\n<li>Modell 3 Uppdatering vm. 2021 - 2023<\/li>\n<li>Modell Y<\/li>\n<\/ul>\n<\/li>\n<li>OE-produktnummer som tillhandah\u00e5lls av tillverkaren:\n<ul>\n<li>1044358-00-A<\/li>\n<\/ul>\n<\/li>\n<li>Tillverkningsland: Ukraina<\/li>\n<\/ul>\n<p>&nbsp;<\/p>","protected":false},"excerpt":{"rendered":"<p>Utbytbar st\u00f6darmsfl\u00e4ns tillverkad av polyuretan. Passar Tesla Model 3 och Y bakre fr\u00e4mre st\u00f6darm.<\/p>\n<p>St\u00f6tf\u00e5ngare av polyuretan \u00e4r det b\u00e4sta valet f\u00f6r bilens underrede eftersom de erbjuder \u00f6verl\u00e4gsen h\u00e5llbarhet, styvhet och prestanda j\u00e4mf\u00f6rt med traditionella st\u00f6tf\u00e5ngare av gummi. De minskar flexen i bilens chassi, f\u00f6rb\u00e4ttrar styrprecisionen och ger en stabilare k\u00f6rk\u00e4nsla. Dessutom \u00e4r polyuretan mer motst\u00e5ndskraftigt mot temperaturv\u00e4xlingar, oljor och kemikalier.<\/p>","protected":false},"featured_media":38311,"comment_status":"open","ping_status":"closed","template":"","meta":[],"product_brand":[786],"product_cat":[151,471,472],"product_tag":[576,156,716,717,121,476,319],"class_list":{"0":"post-38310","1":"product","2":"type-product","3":"status-publish","4":"has-post-thumbnail","6":"product_brand-polypro","7":"product_cat-model-3","8":"product_cat-model-3-varaosat","9":"product_cat-varaosat-model-y","10":"product_tag-hela","11":"product_tag-model-3","12":"product_tag-polypro","13":"product_tag-polyuretaani","14":"product_tag-tesla","15":"product_tag-tukivarsi","16":"product_tag-varaosat","18":"first","19":"instock","20":"taxable","21":"shipping-taxable","22":"purchasable","23":"product-type-simple"},"jetpack_sharing_enabled":true,"_links":{"self":[{"href":"https:\/\/www.vempele.fi\/sv\/wp-json\/wp\/v2\/product\/38310","targetHints":{"allow":["GET"]}}],"collection":[{"href":"https:\/\/www.vempele.fi\/sv\/wp-json\/wp\/v2\/product"}],"about":[{"href":"https:\/\/www.vempele.fi\/sv\/wp-json\/wp\/v2\/types\/product"}],"replies":[{"embeddable":true,"href":"https:\/\/www.vempele.fi\/sv\/wp-json\/wp\/v2\/comments?post=38310"}],"wp:featuredmedia":[{"embeddable":true,"href":"https:\/\/www.vempele.fi\/sv\/wp-json\/wp\/v2\/media\/38311"}],"wp:attachment":[{"href":"https:\/\/www.vempele.fi\/sv\/wp-json\/wp\/v2\/media?parent=38310"}],"wp:term":[{"taxonomy":"product_brand","embeddable":true,"href":"https:\/\/www.vempele.fi\/sv\/wp-json\/wp\/v2\/product_brand?post=38310"},{"taxonomy":"product_cat","embeddable":true,"href":"https:\/\/www.vempele.fi\/sv\/wp-json\/wp\/v2\/product_cat?post=38310"},{"taxonomy":"product_tag","embeddable":true,"href":"https:\/\/www.vempele.fi\/sv\/wp-json\/wp\/v2\/product_tag?post=38310"}],"curies":[{"name":"wp","href":"https:\/\/api.w.org\/{rel}","templated":true}]}}