{"id":38460,"date":"2025-06-21T13:20:49","date_gmt":"2025-06-21T10:20:49","guid":{"rendered":"https:\/\/www.vempele.fi\/?post_type=product&#038;p=38460"},"modified":"2026-04-10T19:14:25","modified_gmt":"2026-04-10T16:14:25","slug":"tesla-modell-y-takfonster-solskydd-juniper","status":"publish","type":"product","link":"https:\/\/www.vempele.fi\/sv\/tuote\/tesla-model-y-kattoikkunan-aurinkosuoja-juniper\/","title":{"rendered":"Solskydd f\u00f6r takf\u00f6nster - Tesla Model Y Juniper"},"content":{"rendered":"<p>Solskydd f\u00f6r takf\u00f6nster - Tesla Model Y Juniper<\/p>\n<p>I paketet ing\u00e5r solskydd och clips.<\/p>\n<ul>\n<li>F\u00e4rg: Svart<\/li>\n<li>Passar Tesla Model Y 2025-&gt; (Juniper)<\/li>\n<\/ul>","protected":false},"excerpt":{"rendered":"<p>Solskydd f\u00f6r takf\u00f6nster - Tesla Model Y Juniper<\/p>\n<p>Den tv\u00e5delade solsk\u00e4rmen f\u00f6r takf\u00f6nstret \u00e4r designad f\u00f6r Tesla Model Y och skyddar mot bl\u00e4ndning och \u00f6kar k\u00f6rkomforten!<\/p>\n<p>Solskyddet \u00e4r enkelt att installera. I paketet ing\u00e5r clips som ska placeras bakom kl\u00e4dseln f\u00f6r att h\u00e5lla solskyddet stadigt f\u00e4st i taket.<\/p>","protected":false},"featured_media":38467,"comment_status":"open","ping_status":"closed","template":"","meta":[],"product_brand":[],"product_cat":[154,455,482,128],"product_tag":[800,799,271,411,121],"class_list":{"0":"post-38460","1":"product","2":"type-product","3":"status-publish","4":"has-post-thumbnail","6":"product_cat-model-y","7":"product_cat-my-tarvikkeet","8":"product_cat-tarvikkeet-sisapuolelle-model-y","9":"product_cat-tesla-tuotteet","10":"product_tag-juniper","11":"product_tag-kattoikkuna","12":"product_tag-model-y","13":"product_tag-suoja","14":"product_tag-tesla","16":"first","17":"instock","18":"taxable","19":"shipping-taxable","20":"purchasable","21":"product-type-simple"},"jetpack_sharing_enabled":true,"_links":{"self":[{"href":"https:\/\/www.vempele.fi\/sv\/wp-json\/wp\/v2\/product\/38460","targetHints":{"allow":["GET"]}}],"collection":[{"href":"https:\/\/www.vempele.fi\/sv\/wp-json\/wp\/v2\/product"}],"about":[{"href":"https:\/\/www.vempele.fi\/sv\/wp-json\/wp\/v2\/types\/product"}],"replies":[{"embeddable":true,"href":"https:\/\/www.vempele.fi\/sv\/wp-json\/wp\/v2\/comments?post=38460"}],"wp:featuredmedia":[{"embeddable":true,"href":"https:\/\/www.vempele.fi\/sv\/wp-json\/wp\/v2\/media\/38467"}],"wp:attachment":[{"href":"https:\/\/www.vempele.fi\/sv\/wp-json\/wp\/v2\/media?parent=38460"}],"wp:term":[{"taxonomy":"product_brand","embeddable":true,"href":"https:\/\/www.vempele.fi\/sv\/wp-json\/wp\/v2\/product_brand?post=38460"},{"taxonomy":"product_cat","embeddable":true,"href":"https:\/\/www.vempele.fi\/sv\/wp-json\/wp\/v2\/product_cat?post=38460"},{"taxonomy":"product_tag","embeddable":true,"href":"https:\/\/www.vempele.fi\/sv\/wp-json\/wp\/v2\/product_tag?post=38460"}],"curies":[{"name":"wp","href":"https:\/\/api.w.org\/{rel}","templated":true}]}}