{"id":39130,"date":"2025-07-03T19:29:02","date_gmt":"2025-07-03T16:29:02","guid":{"rendered":"https:\/\/www.vempele.fi\/?post_type=product&#038;p=39130"},"modified":"2026-04-13T23:38:37","modified_gmt":"2026-04-13T20:38:37","slug":"vindrutetorkare-bosch-aerotwin-a621s-tesla-model-s","status":"publish","type":"product","link":"https:\/\/www.vempele.fi\/sv\/tuote\/tuulilasinpyyhkijat-bosch-aerotwin-a621s-tesla-model-s\/","title":{"rendered":"Vindrutetorkare - Bosch AeroTwin A621S - Tesla Model S 2021-&gt;."},"content":{"rendered":"<p>Vindrutetorkare Bosch AeroTwin A621S - Tesla Model S<\/p>\n<p>L\u00e4tt att byta!<\/p>\n<p><b>F\u00f6r mer information:<\/b><\/p>\n<ul>\n<li>Tillverkare: Bosch<\/li>\n<li>Modell: A621S<\/li>\n<li>F\u00e4rg: Svart<\/li>\n<li>Kompatibilitet:\n<ul>\n<li>Modell S 2021 -&gt;<\/li>\n<\/ul>\n<\/li>\n<li>F\u00f6rpackningens vikt: 0,35 kg<\/li>\n<li>F\u00f6rpackningens m\u00e5tt: 77 x 6 x 4 cm<\/li>\n<li>Produktionsland: Belgien<\/li>\n<\/ul>","protected":false},"excerpt":{"rendered":"<p>Bosch AeroTwin A621S vindrutetorkare av h\u00f6g kvalitet f\u00f6r Tesla Model S.<\/p>\n<p>N\u00e4r torkarbladet inte l\u00e4ngre avl\u00e4gsnar all fukt fr\u00e5n glaset \u00e4r det dags att byta ut det. Torkaren b\u00f6r reng\u00f6ra glaset helt klart i tre svep. Vi kan ers\u00e4tta dina gamla torkare med b\u00e5da vindrutetorkarna till ett bra pris!<\/p>\n<p>L\u00e4ngder:<br \/>\n650 mm<br \/>\n500 mm<\/p>","protected":false},"featured_media":39134,"comment_status":"open","ping_status":"closed","template":"","meta":[],"product_brand":[737],"product_cat":[152,453,484,128,473],"product_tag":[172,470,195,548,121,194],"class_list":{"0":"post-39130","1":"product","2":"type-product","3":"status-publish","4":"has-post-thumbnail","6":"product_brand-bosch","7":"product_cat-model-s","8":"product_cat-ms-tarvikkeet","9":"product_cat-tarvikkeet-ulkopuolelle-model-s","10":"product_cat-tesla-tuotteet","11":"product_cat-varaosat-model-s","12":"product_tag-model-s","13":"product_tag-pyyhkijansulat","14":"product_tag-pyyhkijat","15":"product_tag-sulat","16":"product_tag-tesla","17":"product_tag-tuulilasi","19":"first","20":"instock","21":"taxable","22":"shipping-taxable","23":"purchasable","24":"product-type-simple"},"jetpack_sharing_enabled":true,"_links":{"self":[{"href":"https:\/\/www.vempele.fi\/sv\/wp-json\/wp\/v2\/product\/39130","targetHints":{"allow":["GET"]}}],"collection":[{"href":"https:\/\/www.vempele.fi\/sv\/wp-json\/wp\/v2\/product"}],"about":[{"href":"https:\/\/www.vempele.fi\/sv\/wp-json\/wp\/v2\/types\/product"}],"replies":[{"embeddable":true,"href":"https:\/\/www.vempele.fi\/sv\/wp-json\/wp\/v2\/comments?post=39130"}],"wp:featuredmedia":[{"embeddable":true,"href":"https:\/\/www.vempele.fi\/sv\/wp-json\/wp\/v2\/media\/39134"}],"wp:attachment":[{"href":"https:\/\/www.vempele.fi\/sv\/wp-json\/wp\/v2\/media?parent=39130"}],"wp:term":[{"taxonomy":"product_brand","embeddable":true,"href":"https:\/\/www.vempele.fi\/sv\/wp-json\/wp\/v2\/product_brand?post=39130"},{"taxonomy":"product_cat","embeddable":true,"href":"https:\/\/www.vempele.fi\/sv\/wp-json\/wp\/v2\/product_cat?post=39130"},{"taxonomy":"product_tag","embeddable":true,"href":"https:\/\/www.vempele.fi\/sv\/wp-json\/wp\/v2\/product_tag?post=39130"}],"curies":[{"name":"wp","href":"https:\/\/api.w.org\/{rel}","templated":true}]}}