{"id":39275,"date":"2025-07-06T18:06:37","date_gmt":"2025-07-06T15:06:37","guid":{"rendered":"https:\/\/www.vempele.fi\/?post_type=product&#038;p=39275"},"modified":"2025-07-07T09:34:48","modified_gmt":"2025-07-07T06:34:48","slug":"nya-aero-razor-v2-glansande-titan-19x8-5-tesla-model-3","status":"publish","type":"product","link":"https:\/\/www.vempele.fi\/sv\/tuote\/the-new-aero-razor-v2-glossy-titanium-19x8-5-tesla-model-3\/","title":{"rendered":"Den nya Aero Razor V2 Glansig titan 19\u00d78.5 Tesla Model 3"},"content":{"rendered":"<p>Den nya Aero Razor V2 fl\u00f6desformade skoveln f\u00f6r Tesla Model 3.<\/p>\n<p>Tillverkad i EU av \u00e5tervunnet aluminium 70% eller h\u00f6gre. Riktad inst\u00e4llning, dvs. v\u00e4nster och h\u00f6ger f\u00e4lg \u00e4r spegelv\u00e4nda.<\/p>\n<ul>\n<li>Bredd: 8,5\u2033<\/li>\n<li>F\u00e4lgens diameter: 19\u2033<\/li>\n<li>Centrumh\u00e5lets diameter: 64,1 mm<\/li>\n<li>Bultf\u00f6rdelning: 5 x 114,3<\/li>\n<li>ET: 38<\/li>\n<li>Vikt f\u00e4lg: 13,1 kg<\/li>\n<li>Lastkapacitetskategori som deklarerats av tillverkaren: 750 kg<\/li>\n<li>F\u00e4rg: Glansig titan<\/li>\n<li>L\u00e4mplighet:<\/li>\n<li>Tesla Model 3 pre-refresh 2019 -2021 (inklusive prestanda!)<\/li>\n<li>Tesla Model 3 uppdatering 2021 -2023 (inklusive prestanda!)<\/li>\n<li>Tesla Model 3 Highland 2024 - (inte l\u00e4mplig f\u00f6r f\u00f6rest\u00e4llningar p\u00e5 Highland!) <a href=\"https:\/\/www.vempele.fi\/sv\/product-2\/the-new-aero-razor-v2-glossy-titanium-19x9-5-8-5-tesla-model-3-highland-performance-kopio\/\">Hitta r\u00e4tt f\u00f6r Highland Performance h\u00e4r<\/a>)<\/li>\n<\/ul>","protected":false},"excerpt":{"rendered":"<p>Med sitt snygga utseende och sin aerodynamik \u00e4r New Aero Razor V2 en h\u00f6gkvalitativ f\u00e4lg designad f\u00f6r Tesla. Levereras direkt fr\u00e5n v\u00e5r partners lager inom ca 1 vecka.<\/p>\n<p>L\u00e4s mer om f\u00e4lgkonstruktionen: <a href=\"https:\/\/www.thenewaero.com\/\">Den nya Aero<\/a><\/p>\n<p>Priset g\u00e4ller f\u00f6r en f\u00e4lg.<\/p>\n<p><strong>Sensorer f\u00f6r f\u00e4lgar? <\/strong><\/p>\n<ul>\n<li><a href=\"https:\/\/www.vempele.fi\/sv\/product-2\/dacktrycksgivare-autel-tpms-mx-433mhz\/\" target=\"_blank\" rel=\"noopener\">433 MHz TPMS (-&gt;2020) trycksensorer<\/a><\/li>\n<li><a href=\"https:\/\/www.vempele.fi\/sv\/product-2\/dacktrycksgivare-tesla-tpms-ble-cub\/\" target=\"_blank\" rel=\"noopener\">BLE TPMS (2021-&gt;) Bluetooth-sensorer<\/a><\/li>\n<\/ul>","protected":false},"featured_media":39277,"comment_status":"open","ping_status":"closed","template":"","meta":[],"product_brand":[796],"product_cat":[151,128,372],"product_tag":[121,795,321],"class_list":{"0":"post-39275","1":"product","2":"type-product","3":"status-publish","4":"has-post-thumbnail","6":"product_brand-the-new-aero","7":"product_cat-model-3","8":"product_cat-tesla-tuotteet","9":"product_cat-vanteet","10":"product_tag-tesla","11":"product_tag-the-new-aero","12":"product_tag-vanteet","14":"first","15":"instock","16":"taxable","17":"shipping-taxable","18":"purchasable","19":"product-type-simple"},"jetpack_sharing_enabled":true,"_links":{"self":[{"href":"https:\/\/www.vempele.fi\/sv\/wp-json\/wp\/v2\/product\/39275","targetHints":{"allow":["GET"]}}],"collection":[{"href":"https:\/\/www.vempele.fi\/sv\/wp-json\/wp\/v2\/product"}],"about":[{"href":"https:\/\/www.vempele.fi\/sv\/wp-json\/wp\/v2\/types\/product"}],"replies":[{"embeddable":true,"href":"https:\/\/www.vempele.fi\/sv\/wp-json\/wp\/v2\/comments?post=39275"}],"wp:featuredmedia":[{"embeddable":true,"href":"https:\/\/www.vempele.fi\/sv\/wp-json\/wp\/v2\/media\/39277"}],"wp:attachment":[{"href":"https:\/\/www.vempele.fi\/sv\/wp-json\/wp\/v2\/media?parent=39275"}],"wp:term":[{"taxonomy":"product_brand","embeddable":true,"href":"https:\/\/www.vempele.fi\/sv\/wp-json\/wp\/v2\/product_brand?post=39275"},{"taxonomy":"product_cat","embeddable":true,"href":"https:\/\/www.vempele.fi\/sv\/wp-json\/wp\/v2\/product_cat?post=39275"},{"taxonomy":"product_tag","embeddable":true,"href":"https:\/\/www.vempele.fi\/sv\/wp-json\/wp\/v2\/product_tag?post=39275"}],"curies":[{"name":"wp","href":"https:\/\/api.w.org\/{rel}","templated":true}]}}