{"id":41401,"date":"2025-08-21T07:12:36","date_gmt":"2025-08-21T04:12:36","guid":{"rendered":"https:\/\/www.vempele.fi\/?post_type=product&#038;p=41401"},"modified":"2026-03-29T15:47:45","modified_gmt":"2026-03-29T12:47:45","slug":"parkeringsbroms-bromsok-nty-modell-s-y","status":"publish","type":"product","link":"https:\/\/www.vempele.fi\/sv\/tuote\/seisontajarru-jarrusatula-nty-model-s-y\/","title":{"rendered":"Bromsok f\u00f6r parkeringsbroms - NTY - Modell S \/ X"},"content":{"rendered":"<p>Tillverkare: NTY<\/p>\n<p>Tillverkarens produktnummer: HZS-CH-003A<\/p>\n<p>Tillverkarens OE-nummer: OE 1621620888C, 40C07812, 40C07814<\/p>\n<p>&nbsp;<\/p>\n<p>L\u00e4mplighet:<\/p>\n<ul>\n<li style=\"list-style-type: none;\">\n<ul>\n<li>Elektriskt parkeringsbromsok f\u00f6r Model S och X. Kontrollera passformen.<\/li>\n<\/ul>\n<\/li>\n<\/ul>\n<p>Installation:<\/p>\n<ul>\n<li>Bak\u00e5t, h\u00f6ger och v\u00e4nster<\/li>\n<\/ul>","protected":false},"excerpt":{"rendered":"<p>Tillverkarens NTY elektriska parkeringsbromsok. Bak, h\u00f6ger och v\u00e4nster.<\/p>","protected":false},"featured_media":41406,"comment_status":"open","ping_status":"closed","template":"","meta":[],"product_brand":[802],"product_cat":[152,153,473,474],"product_tag":[820,172,271,819,511,121,319],"class_list":{"0":"post-41401","1":"product","2":"type-product","3":"status-publish","4":"has-post-thumbnail","6":"product_brand-nty","7":"product_cat-model-s","8":"product_cat-model-x","9":"product_cat-varaosat-model-s","10":"product_cat-varaosat-model-x","11":"product_tag-jarrusatula","12":"product_tag-model-s","13":"product_tag-model-y","14":"product_tag-seisontajarru","15":"product_tag-suodatin","16":"product_tag-tesla","17":"product_tag-varaosat","19":"first","20":"outofstock","21":"taxable","22":"shipping-taxable","23":"purchasable","24":"product-type-simple"},"jetpack_sharing_enabled":true,"_links":{"self":[{"href":"https:\/\/www.vempele.fi\/sv\/wp-json\/wp\/v2\/product\/41401","targetHints":{"allow":["GET"]}}],"collection":[{"href":"https:\/\/www.vempele.fi\/sv\/wp-json\/wp\/v2\/product"}],"about":[{"href":"https:\/\/www.vempele.fi\/sv\/wp-json\/wp\/v2\/types\/product"}],"replies":[{"embeddable":true,"href":"https:\/\/www.vempele.fi\/sv\/wp-json\/wp\/v2\/comments?post=41401"}],"wp:featuredmedia":[{"embeddable":true,"href":"https:\/\/www.vempele.fi\/sv\/wp-json\/wp\/v2\/media\/41406"}],"wp:attachment":[{"href":"https:\/\/www.vempele.fi\/sv\/wp-json\/wp\/v2\/media?parent=41401"}],"wp:term":[{"taxonomy":"product_brand","embeddable":true,"href":"https:\/\/www.vempele.fi\/sv\/wp-json\/wp\/v2\/product_brand?post=41401"},{"taxonomy":"product_cat","embeddable":true,"href":"https:\/\/www.vempele.fi\/sv\/wp-json\/wp\/v2\/product_cat?post=41401"},{"taxonomy":"product_tag","embeddable":true,"href":"https:\/\/www.vempele.fi\/sv\/wp-json\/wp\/v2\/product_tag?post=41401"}],"curies":[{"name":"wp","href":"https:\/\/api.w.org\/{rel}","templated":true}]}}