{"id":42201,"date":"2025-09-08T12:08:30","date_gmt":"2025-09-08T09:08:30","guid":{"rendered":"https:\/\/www.vempele.fi\/?post_type=product&#038;p=42201"},"modified":"2026-04-13T22:45:59","modified_gmt":"2026-04-13T19:45:59","slug":"dragkrokslucka-for-stotfangare-tesla-model-y","status":"publish","type":"product","link":"https:\/\/www.vempele.fi\/sv\/tuote\/vetokoukun-luukku-puskuriin-tesla-model-y\/","title":{"rendered":"Kroklucka i st\u00f6tf\u00e5ngaren - Tesla Model Y"},"content":{"rendered":"<p>Kroklucka i st\u00f6tf\u00e5ngaren - Tesla Model Y<\/p>\n<p><strong>Mer information<\/strong><\/p>\n<ul>\n<li>L\u00e4mplighet:\n<ul>\n<li>Modell Y 2020 - 2024<\/li>\n<\/ul>\n<\/li>\n<li>Material: plast (PP+EP)<\/li>\n<li>F\u00e4rg: Svart<\/li>\n<li>Artikelnummer: 1494009-00-B<\/li>\n<\/ul>","protected":false},"excerpt":{"rendered":"<p>Kroklucka i st\u00f6tf\u00e5ngaren - Tesla Model Y<\/p>\n<p>F\u00f6r att ers\u00e4tta ett borttappat eller trasigt dragkroksskydd p\u00e5 den bakre st\u00f6tf\u00e5ngaren.<\/p>","protected":false},"featured_media":42203,"comment_status":"open","ping_status":"closed","template":"","meta":[],"product_brand":[],"product_cat":[154,455,483,128,472],"product_tag":[83,271,825,121,824],"class_list":{"0":"post-42201","1":"product","2":"type-product","3":"status-publish","4":"has-post-thumbnail","6":"product_cat-model-y","7":"product_cat-my-tarvikkeet","8":"product_cat-tarvikkeet-ulkopuolelle-model-y","9":"product_cat-tesla-tuotteet","10":"product_cat-varaosat-model-y","11":"product_tag-autotarvikkeet","12":"product_tag-model-y","13":"product_tag-puskuri","14":"product_tag-tesla","15":"product_tag-vetokoukku","17":"first","18":"instock","19":"taxable","20":"shipping-taxable","21":"purchasable","22":"product-type-simple"},"jetpack_sharing_enabled":true,"_links":{"self":[{"href":"https:\/\/www.vempele.fi\/sv\/wp-json\/wp\/v2\/product\/42201","targetHints":{"allow":["GET"]}}],"collection":[{"href":"https:\/\/www.vempele.fi\/sv\/wp-json\/wp\/v2\/product"}],"about":[{"href":"https:\/\/www.vempele.fi\/sv\/wp-json\/wp\/v2\/types\/product"}],"replies":[{"embeddable":true,"href":"https:\/\/www.vempele.fi\/sv\/wp-json\/wp\/v2\/comments?post=42201"}],"wp:featuredmedia":[{"embeddable":true,"href":"https:\/\/www.vempele.fi\/sv\/wp-json\/wp\/v2\/media\/42203"}],"wp:attachment":[{"href":"https:\/\/www.vempele.fi\/sv\/wp-json\/wp\/v2\/media?parent=42201"}],"wp:term":[{"taxonomy":"product_brand","embeddable":true,"href":"https:\/\/www.vempele.fi\/sv\/wp-json\/wp\/v2\/product_brand?post=42201"},{"taxonomy":"product_cat","embeddable":true,"href":"https:\/\/www.vempele.fi\/sv\/wp-json\/wp\/v2\/product_cat?post=42201"},{"taxonomy":"product_tag","embeddable":true,"href":"https:\/\/www.vempele.fi\/sv\/wp-json\/wp\/v2\/product_tag?post=42201"}],"curies":[{"name":"wp","href":"https:\/\/api.w.org\/{rel}","templated":true}]}}