{"id":42333,"date":"2024-10-03T00:00:00","date_gmt":"2024-10-02T21:00:00","guid":{"rendered":"https:\/\/www.vempele.fi\/fi\/tuote\/linglong-crosswind-4x4-hp-235-55r18-100v-tesla-model-y\/"},"modified":"2026-04-20T05:00:29","modified_gmt":"2026-04-20T02:00:29","slug":"linglong-crosswind-4x4-hk-235-55r18-100v-tesla-modell-y","status":"publish","type":"product","link":"https:\/\/www.vempele.fi\/sv\/tuote\/linglong-crosswind-4x4-hp-235-55r18-100v-tesla-model-y\/","title":{"rendered":"Linglong Crosswind 4X4 HP 235\/55R18 100V - Tesla Model Y"},"content":{"rendered":"<p>1 Linglong Crosswind 4X4 HP 235\/55-18 100V<\/p>\n<ul>\n<li>EU:s d\u00e4ckm\u00e4rkning<\/li>\n<li>Typ: sommard\u00e4ck<\/li>\n<li>Tum: 18<\/li>\n<li>Bredd: 235<\/li>\n<li>Profil: 55<\/li>\n<li>Hastighetskategori: V<\/li>\n<li>Lastkapacitetsklass: 100<\/li>\n<li>Klassificering av d\u00e4ck: <\/li>\n<li>Br\u00e4nsleekonomi: B<\/li>\n<li>V\u00e5t underh\u00e5ll: B<\/li>\n<li>Ljudniv\u00e5 och intensitet i hytten: B - 71dB<\/li>\n<\/ul>\n<p>&nbsp;<\/p>\n<p>D\u00e4cken levereras direkt fr\u00e5n partnerns lager.<\/p>\n<p><img decoding=\"async\" src=\"\" width=\"300\" \/><\/p>\n<p>D\u00e4ckinformation h\u00e4mtad fr\u00e5n en partner.<\/p>","protected":false},"excerpt":{"rendered":"<p>Linglong CROSSWIND 4\u00d74 HP - ett kraftfullt och m\u00e5ngsidigt d\u00e4ck f\u00f6r SUV:ar och CUV:ar<br \/>\nLinglong CROSSWIND 4\u00d74 HP \u00e4r ett h\u00f6gkvalitativt hel\u00e5rsd\u00e4ck som \u00e4r speciellt utvecklat f\u00f6r SUV:ar och SUV:ar.  D\u00e4cket ger utm\u00e4rkta prestanda p\u00e5 b\u00e5de torra och v\u00e5ta v\u00e4gar, vilket g\u00f6r det till ett utm\u00e4rkt val f\u00f6r b\u00e5de stads- och landsv\u00e4gsk\u00f6rning.<br \/>\nFunktioner:<br \/>\n&#13;<br \/>\nSpeciell lamelldesign: f\u00f6rst\u00e4rkta m\u00f6nsterdelar f\u00f6rb\u00e4ttrar greppet och s\u00e4kerst\u00e4ller exakt man\u00f6vrerbarhet i alla f\u00f6rh\u00e5llanden.<br \/>\nFyra breda huvudsp\u00e5r: effektiv vattenavrinning minimerar risken f\u00f6r vattenrutschkanor och \u00f6kar s\u00e4kerheten p\u00e5 v\u00e5ta v\u00e4gar.<br \/>\nKontinuerlig mittribba med sipes: f\u00f6rb\u00e4ttrar k\u00f6rstabiliteten och minskar bullerniv\u00e5erna, vilket ger en bekv\u00e4m och tyst k\u00f6rupplevelse.<br \/>\nOptimerad m\u00f6nstersekvensering: minskar bullret och f\u00f6rb\u00e4ttrar k\u00f6rkomforten, vilket g\u00f6r resan bekv\u00e4m \u00e4ven under l\u00e5nga resor.<br \/>\n&#13;<br \/>\nPrestanda:<br \/>\n&#13;<br \/>\nUtm\u00e4rkta k\u00f6regenskaper: Linglong CROSSWIND 4\u00d74 HP erbjuder exakt man\u00f6vrerbarhet och k\u00f6rstabilitet, s\u00e5 att du kan k\u00f6ra s\u00e4kert b\u00e5de i stadstrafik och p\u00e5 motorv\u00e4gen.<br \/>\nEffektiv dr\u00e4nering: fyra breda huvudsp\u00e5r leder effektivt bort vatten, vilket minskar risken f\u00f6r vattenspill och \u00f6kar s\u00e4kerheten i v\u00e5ta f\u00f6rh\u00e5llanden.<br \/>\nBekv\u00e4m och tyst k\u00f6rning: optimerat ytm\u00f6nster minskar d\u00e4ckljudet och \u00f6kar k\u00f6rkomforten, vilket g\u00f6r k\u00f6rupplevelsen behaglig.<br \/>\n&#13;<br \/>\nV\u00e4lj Linglong CROSSWIND 4\u00d74 HP och njut av en s\u00e4ker och bekv\u00e4m k\u00f6rupplevelse \u00e5ret runt! <\/p>\n<p> D\u00e4cken levereras direkt fr\u00e5n partnerns lager.<\/p>","protected":false},"featured_media":42335,"comment_status":"open","ping_status":"open","template":"","meta":[],"product_brand":[],"product_cat":[371],"product_tag":[826,696,632,271,121],"class_list":{"0":"post-42333","1":"product","2":"type-product","3":"status-publish","4":"has-post-thumbnail","6":"product_cat-renkaat","7":"product_tag-crosswind-4x4-hp","8":"product_tag-kesarengas","9":"product_tag-linglong","10":"product_tag-model-y","11":"product_tag-tesla","13":"first","14":"instock","15":"taxable","16":"shipping-taxable","17":"purchasable","18":"product-type-simple"},"jetpack_sharing_enabled":true,"_links":{"self":[{"href":"https:\/\/www.vempele.fi\/sv\/wp-json\/wp\/v2\/product\/42333","targetHints":{"allow":["GET"]}}],"collection":[{"href":"https:\/\/www.vempele.fi\/sv\/wp-json\/wp\/v2\/product"}],"about":[{"href":"https:\/\/www.vempele.fi\/sv\/wp-json\/wp\/v2\/types\/product"}],"replies":[{"embeddable":true,"href":"https:\/\/www.vempele.fi\/sv\/wp-json\/wp\/v2\/comments?post=42333"}],"wp:featuredmedia":[{"embeddable":true,"href":"https:\/\/www.vempele.fi\/sv\/wp-json\/wp\/v2\/media\/42335"}],"wp:attachment":[{"href":"https:\/\/www.vempele.fi\/sv\/wp-json\/wp\/v2\/media?parent=42333"}],"wp:term":[{"taxonomy":"product_brand","embeddable":true,"href":"https:\/\/www.vempele.fi\/sv\/wp-json\/wp\/v2\/product_brand?post=42333"},{"taxonomy":"product_cat","embeddable":true,"href":"https:\/\/www.vempele.fi\/sv\/wp-json\/wp\/v2\/product_cat?post=42333"},{"taxonomy":"product_tag","embeddable":true,"href":"https:\/\/www.vempele.fi\/sv\/wp-json\/wp\/v2\/product_tag?post=42333"}],"curies":[{"name":"wp","href":"https:\/\/api.w.org\/{rel}","templated":true}]}}