{"id":43303,"date":"2025-10-07T12:47:43","date_gmt":"2025-10-07T09:47:43","guid":{"rendered":"https:\/\/www.vempele.fi\/?post_type=product&#038;p=43303"},"modified":"2025-12-18T15:56:51","modified_gmt":"2025-12-18T13:56:51","slug":"kuralapat-flexibel-tesla-modell-y-myos-enbar","status":"publish","type":"product","link":"https:\/\/www.vempele.fi\/sv\/tuote\/kuralapat-taipuisa-tesla-model-y-myos-juniper\/","title":{"rendered":"Vevarmar, flexibla - Tesla Model Y (\u00e4ven Juniper)"},"content":{"rendered":"<p>Halsskydd utformade f\u00f6r Tesla Model Y. Paketet inneh\u00e5ller 4 delar (fram och bak p\u00e5 b\u00e5da sidor) och n\u00f6dv\u00e4ndiga monteringsdetaljer.<\/p>\n<p><strong>Mer information<\/strong><\/p>\n<ul>\n<li>L\u00e4mplighet:\n<ul>\n<li>Modell Y 2020 - 2024<\/li>\n<li>Modell Y 2025 -&gt; (Juniper)<\/li>\n<\/ul>\n<\/li>\n<li>Material: Flexibel TPE-plast<\/li>\n<li>F\u00e4rg: Svart<\/li>\n<li>Ing\u00e5r i paketet:\n<ul>\n<li>4 Upps\u00e4ttning vevnycklar, komplett upps\u00e4ttning<\/li>\n<li>Behov av reparationer kr\u00e4vs<\/li>\n<\/ul>\n<\/li>\n<\/ul>","protected":false},"excerpt":{"rendered":"<p>Paketet inneh\u00e5ller 4 stycken Tesla Model Y-formade spj\u00e4llhus, fram och bak, med egna monteringsdetaljer.<\/p>\n<p>Befintliga plastinsatser f\u00f6r innerh\u00f6ljet kan anv\u00e4ndas f\u00f6r installationen. Ytterligare plastpackningar ing\u00e5r, eftersom originalpackningarna l\u00e4tt g\u00e5r s\u00f6nder n\u00e4r de tas bort. Denna modell beh\u00f6ver inte specialborras in i innerh\u00f6ljet, utan endast de befintliga h\u00e5len anv\u00e4nds.<\/p>\n<p><strong>L\u00e4mpar sig \u00e4ven f\u00f6r Juniper!<\/strong><\/p>","protected":false},"featured_media":43304,"comment_status":"open","ping_status":"closed","template":"","meta":[],"product_brand":[],"product_cat":[154,455,483,128],"product_tag":[83,270,121,203],"class_list":{"0":"post-43303","1":"product","2":"type-product","3":"status-publish","4":"has-post-thumbnail","6":"product_cat-model-y","7":"product_cat-my-tarvikkeet","8":"product_cat-tarvikkeet-ulkopuolelle-model-y","9":"product_cat-tesla-tuotteet","10":"product_tag-autotarvikkeet","11":"product_tag-kuralapat","12":"product_tag-tesla","13":"product_tag-tesla-model-y","15":"first","16":"outofstock","17":"taxable","18":"shipping-taxable","19":"purchasable","20":"product-type-simple"},"jetpack_sharing_enabled":true,"_links":{"self":[{"href":"https:\/\/www.vempele.fi\/sv\/wp-json\/wp\/v2\/product\/43303","targetHints":{"allow":["GET"]}}],"collection":[{"href":"https:\/\/www.vempele.fi\/sv\/wp-json\/wp\/v2\/product"}],"about":[{"href":"https:\/\/www.vempele.fi\/sv\/wp-json\/wp\/v2\/types\/product"}],"replies":[{"embeddable":true,"href":"https:\/\/www.vempele.fi\/sv\/wp-json\/wp\/v2\/comments?post=43303"}],"wp:featuredmedia":[{"embeddable":true,"href":"https:\/\/www.vempele.fi\/sv\/wp-json\/wp\/v2\/media\/43304"}],"wp:attachment":[{"href":"https:\/\/www.vempele.fi\/sv\/wp-json\/wp\/v2\/media?parent=43303"}],"wp:term":[{"taxonomy":"product_brand","embeddable":true,"href":"https:\/\/www.vempele.fi\/sv\/wp-json\/wp\/v2\/product_brand?post=43303"},{"taxonomy":"product_cat","embeddable":true,"href":"https:\/\/www.vempele.fi\/sv\/wp-json\/wp\/v2\/product_cat?post=43303"},{"taxonomy":"product_tag","embeddable":true,"href":"https:\/\/www.vempele.fi\/sv\/wp-json\/wp\/v2\/product_tag?post=43303"}],"curies":[{"name":"wp","href":"https:\/\/api.w.org\/{rel}","templated":true}]}}