{"id":44204,"date":"2024-10-03T00:00:00","date_gmt":"2024-10-02T21:00:00","guid":{"rendered":"https:\/\/www.vempele.fi\/fi\/tuote\/kontio-bearpaw-235-55r18-100v-tesla-model-y-2\/"},"modified":"2026-05-02T15:51:17","modified_gmt":"2026-05-02T12:51:17","slug":"kona-bearpaw-235-55r18-100v-tesla-modell-y-2","status":"publish","type":"product","link":"https:\/\/www.vempele.fi\/sv\/tuote\/kontio-bearpaw-235-55r18-100v-tesla-model-y-2\/","title":{"rendered":"Kontio BearPaw 235\/55R18 100V - Tesla Model Y"},"content":{"rendered":"<p>1 st Kontio BearPaw 235\/55-18 100V<\/p>\n<ul>\n<li>EU:s d\u00e4ckm\u00e4rkning<\/li>\n<li>Typ: sommard\u00e4ck<\/li>\n<li>Tum: 18<\/li>\n<li>Bredd: 235<\/li>\n<li>Profil: 55<\/li>\n<li>Hastighetskategori: V<\/li>\n<li>Lastkapacitetsklass: 100<\/li>\n<li>Klassificering av d\u00e4ck: <\/li>\n<li>Br\u00e4nsleekonomi: <\/li>\n<li>Underh\u00e5ll av v\u00e5tutrymmen: <\/li>\n<li>Klassificering och intensitet f\u00f6r kabinbuller: - dB<\/li>\n<\/ul>\n<p>&nbsp;<\/p>\n<p>D\u00e4cken levereras direkt fr\u00e5n partnerns lager.<\/p>\n<p><img decoding=\"async\" src=\"https:\/\/www.vempele.fi\/wp-content\/uploads\/2026\/02\/Label_1940917.svg\" width=\"300\" \/><\/p>\n<p>D\u00e4ckinformation h\u00e4mtad fr\u00e5n en partner.<\/p>","protected":false},"excerpt":{"rendered":"<p>Kontio premium sommard\u00e4ckKontio premium sommard\u00e4ck \u00e4r utformade f\u00f6r den finska bilisten p\u00e5 v\u00e4garna i norr.  Kontio premium sommard\u00e4ck \u00e4r tysta och p\u00e5litliga.  Som \u00e4rliga finl\u00e4ndare sj\u00e4lva.<br \/>\n\u00a0&#13;<br \/>\n\u00a0&#13;<br \/>\n\u00a0&#13;<br \/>\n\u00a0 <\/p>\n<p> D\u00e4cken levereras direkt fr\u00e5n partnerns lager.<\/p>","protected":false},"featured_media":44201,"comment_status":"open","ping_status":"open","template":"","meta":[],"product_brand":[],"product_cat":[371],"product_tag":[615,696,614,271,121],"class_list":{"0":"post-44204","1":"product","2":"type-product","3":"status-publish","4":"has-post-thumbnail","6":"product_cat-renkaat","7":"product_tag-bearpaw","8":"product_tag-kesarengas","9":"product_tag-kontio","10":"product_tag-model-y","11":"product_tag-tesla","13":"first","14":"instock","15":"taxable","16":"shipping-taxable","17":"purchasable","18":"product-type-simple"},"jetpack_sharing_enabled":true,"_links":{"self":[{"href":"https:\/\/www.vempele.fi\/sv\/wp-json\/wp\/v2\/product\/44204","targetHints":{"allow":["GET"]}}],"collection":[{"href":"https:\/\/www.vempele.fi\/sv\/wp-json\/wp\/v2\/product"}],"about":[{"href":"https:\/\/www.vempele.fi\/sv\/wp-json\/wp\/v2\/types\/product"}],"replies":[{"embeddable":true,"href":"https:\/\/www.vempele.fi\/sv\/wp-json\/wp\/v2\/comments?post=44204"}],"wp:featuredmedia":[{"embeddable":true,"href":"https:\/\/www.vempele.fi\/sv\/wp-json\/wp\/v2\/media\/44201"}],"wp:attachment":[{"href":"https:\/\/www.vempele.fi\/sv\/wp-json\/wp\/v2\/media?parent=44204"}],"wp:term":[{"taxonomy":"product_brand","embeddable":true,"href":"https:\/\/www.vempele.fi\/sv\/wp-json\/wp\/v2\/product_brand?post=44204"},{"taxonomy":"product_cat","embeddable":true,"href":"https:\/\/www.vempele.fi\/sv\/wp-json\/wp\/v2\/product_cat?post=44204"},{"taxonomy":"product_tag","embeddable":true,"href":"https:\/\/www.vempele.fi\/sv\/wp-json\/wp\/v2\/product_tag?post=44204"}],"curies":[{"name":"wp","href":"https:\/\/api.w.org\/{rel}","templated":true}]}}