{"id":45966,"date":"2025-03-01T00:00:00","date_gmt":"2025-02-28T22:00:00","guid":{"rendered":"https:\/\/www.vempele.fi\/fi\/tuote\/avus-velgen-ac-m10-gloss-black-20x85-et35-model-s-2021\/"},"modified":"2026-04-18T07:00:58","modified_gmt":"2026-04-18T04:00:58","slug":"avus-velgen-ac-m10-gloss-black-20x85-et35-modell-s-2021","status":"publish","type":"product","link":"https:\/\/www.vempele.fi\/sv\/tuote\/avus-velgen-ac-m10-gloss-black-20x85-et35-model-s-2021\/","title":{"rendered":"AVUS VELGEN AC-M10 Gloss Black 20\u00d78,5 ET35 - Model S (2021 -&gt;)"},"content":{"rendered":"<p>AVUS VELGEN AC-M10 Gloss Black 20\u00d78,5 ET35<\/p>\n<ul>\n<li>Bredd: 8,5\u2033<\/li>\n<li>F\u00e4lgdiameter: 20\u2033<\/li>\n<li>Direkt passform: nej. Nej. De n\u00f6dv\u00e4ndiga adapterringarna ing\u00e5r.<\/li>\n<li>Centrumh\u00e5l: 72,6 mm<\/li>\n<li>Original centrumkopp passar: nej<\/li>\n<li>Bultf\u00f6rdelning 5\u00d7120<\/li>\n<li>Cone: C - L\u00e4mpliga muttrar medf\u00f6ljer.<\/li>\n<li>Vikt: 14.650 kg<\/li>\n<li>Lastindex: 0825 kg<\/li>\n<li>T\u00dcV: Ja<\/li>\n<li>Rekommenderad vinteranv\u00e4ndning: ja<\/li>\n<\/ul>","protected":false},"excerpt":{"rendered":"<p>AVUS VELGEN AC-M10 Gloss Black 20\u00d78,5 ET35 <\/p>\n<p> Priset g\u00e4ller f\u00f6r en f\u00e4lg <\/p>\n<p> F\u00e4lgarna levereras direkt fr\u00e5n partnerns lager - leveranstid ca 1 vecka. <\/p>\n<p><a href=\"#tab-description\">L\u00e4s mer...<\/a><\/p>","protected":false},"featured_media":45967,"comment_status":"open","ping_status":"open","template":"","meta":[],"product_brand":[],"product_cat":[372],"product_tag":[779,121,363],"class_list":{"0":"post-45966","1":"product","2":"type-product","3":"status-publish","4":"has-post-thumbnail","6":"product_cat-vanteet","7":"product_tag-avus-velgen","8":"product_tag-tesla","9":"product_tag-vanne","11":"first","12":"instock","13":"taxable","14":"shipping-taxable","15":"purchasable","16":"product-type-simple"},"jetpack_sharing_enabled":true,"_links":{"self":[{"href":"https:\/\/www.vempele.fi\/sv\/wp-json\/wp\/v2\/product\/45966","targetHints":{"allow":["GET"]}}],"collection":[{"href":"https:\/\/www.vempele.fi\/sv\/wp-json\/wp\/v2\/product"}],"about":[{"href":"https:\/\/www.vempele.fi\/sv\/wp-json\/wp\/v2\/types\/product"}],"replies":[{"embeddable":true,"href":"https:\/\/www.vempele.fi\/sv\/wp-json\/wp\/v2\/comments?post=45966"}],"wp:featuredmedia":[{"embeddable":true,"href":"https:\/\/www.vempele.fi\/sv\/wp-json\/wp\/v2\/media\/45967"}],"wp:attachment":[{"href":"https:\/\/www.vempele.fi\/sv\/wp-json\/wp\/v2\/media?parent=45966"}],"wp:term":[{"taxonomy":"product_brand","embeddable":true,"href":"https:\/\/www.vempele.fi\/sv\/wp-json\/wp\/v2\/product_brand?post=45966"},{"taxonomy":"product_cat","embeddable":true,"href":"https:\/\/www.vempele.fi\/sv\/wp-json\/wp\/v2\/product_cat?post=45966"},{"taxonomy":"product_tag","embeddable":true,"href":"https:\/\/www.vempele.fi\/sv\/wp-json\/wp\/v2\/product_tag?post=45966"}],"curies":[{"name":"wp","href":"https:\/\/api.w.org\/{rel}","templated":true}]}}