{"id":46087,"date":"2026-03-10T14:27:11","date_gmt":"2026-03-10T12:27:11","guid":{"rendered":"https:\/\/www.vempele.fi\/?post_type=product&#038;p=46087"},"modified":"2026-04-09T15:23:05","modified_gmt":"2026-04-09T12:23:05","slug":"rocktejp-5cm-eller-10cm-x-100cm","status":"publish","type":"product","link":"https:\/\/www.vempele.fi\/sv\/tuote\/kiveniskuteippi-5cm-tai-10cm-x-100cm\/","title":{"rendered":"Sm\u00e5stenstejp - 5 cm eller 10 cm x 100 cm"},"content":{"rendered":"<p data-start=\"104\" data-end=\"149\"><strong data-start=\"104\" data-end=\"149\">Skyddsfilm f\u00f6r att skydda lacken p\u00e5 din bil<\/strong><\/p>\n<p data-start=\"151\" data-end=\"319\">Skyddstejp anv\u00e4nds oftast p\u00e5 bilens k\u00e4nsligaste omr\u00e5den, t.ex. bakluckans kanter, st\u00e4nksk\u00e4rmar, d\u00f6rrtr\u00f6sklar, fr\u00e4mre st\u00f6tf\u00e5ngare och motorhuvens framkant.<\/p>\n<p data-start=\"321\" data-end=\"711\">Rent vatten eller s\u00e5pvatten kan anv\u00e4ndas som hj\u00e4lpmedel vid installationen. Vid anv\u00e4ndning av s\u00e5pvatten \u00e4r det viktigt att s\u00e5pans pH-v\u00e4rde \u00e4r neutralt (pH 7). Det rekommenderade blandningsf\u00f6rh\u00e5llandet \u00e4r 3-15 delar s\u00e5pa till 100 delar vatten (3-15:100). Tv\u00e5lvatten underl\u00e4ttar membranets r\u00f6relse under installationen, men torkar l\u00e5ngsammare \u00e4n enbart vatten. F\u00f6r sm\u00e5 och snabba installationer kan \u00e4ven vanligt vatten anv\u00e4ndas.<\/p>\n<p data-start=\"713\" data-end=\"1069\">Vid installation p\u00e5 b\u00f6jda ytor underl\u00e4ttar varmluftsfl\u00e4kten tejpens formning. Efter installationen ska tejpens kanter f\u00f6rsiktigt v\u00e4rmas upp till en maximal temperatur p\u00e5 80 \u00b0C f\u00f6r att s\u00e4kerst\u00e4lla vidh\u00e4ftningen. Anv\u00e4nd en spatel p\u00e5 tejpens ovansida f\u00f6r att avl\u00e4gsna eventuellt vatten och luftbubblor som fastnat under filmen. Torka slutligen ytan och ta bort skyddsfilmen.<\/p>\n<p data-start=\"1071\" data-end=\"1375\">Noggrann f\u00f6rberedelse \u00e4r viktig f\u00f6r ett lyckat resultat. Ytan som ska tejpas m\u00e5ste vara helt ren. Vi rekommenderar att du tv\u00e4ttar omr\u00e5det med silikonborttagningsmedel och avslutar reng\u00f6ringen med en dammduk. Det \u00e4r l\u00e4ttare att arbeta med tejpen om du sk\u00e4r till en bit av l\u00e4mplig storlek f\u00f6re installationen.<\/p>\n<p data-start=\"1377\" data-end=\"1396\"><strong data-start=\"1377\" data-end=\"1396\">Tekniska specifikationer<\/strong><\/p>\n<ul data-start=\"1397\" data-end=\"1525\">\n<li data-section-id=\"1lj6gyc\" data-start=\"1444\" data-end=\"1481\">L\u00e4ngd: skuren fr\u00e5n rulle, 1 bit av produkten 1 meter.<\/li>\n<li>Installationsmetod: vatten eller tv\u00e5lvatten<\/li>\n<li>Maximal uppv\u00e4rmning: 80 \u00b0C<\/li>\n<li>Tjocklek: 120 \u00b5m<\/li>\n<li data-section-id=\"1lj6gyc\" data-start=\"1444\" data-end=\"1481\">Bredd: 5 eller 10 cm<\/li>\n<\/ul>","protected":false},"excerpt":{"rendered":"<p><strong data-start=\"104\" data-end=\"149\">Skyddsfilm f\u00f6r att skydda lacken p\u00e5 din bil<\/strong><\/p>\n<p>Klippt fr\u00e5n rulle till r\u00e4tt storlek. 1 bit av produkten \u00e4r 1 meter.<\/p>","protected":false},"featured_media":46094,"comment_status":"open","ping_status":"closed","template":"","meta":[],"product_brand":[],"product_cat":[151,152,153,154,452,453,454,455,481,484,486,483,128],"product_tag":[],"class_list":{"0":"post-46087","1":"product","2":"type-product","3":"status-publish","4":"has-post-thumbnail","6":"product_cat-model-3","7":"product_cat-model-s","8":"product_cat-model-x","9":"product_cat-model-y","10":"product_cat-m3-tarvikkeet","11":"product_cat-ms-tarvikkeet","12":"product_cat-mx-tarvikkeet","13":"product_cat-my-tarvikkeet","14":"product_cat-tarvikkeet-ulkopuolelle-model-3","15":"product_cat-tarvikkeet-ulkopuolelle-model-s","16":"product_cat-tarvikkeet-ulkopuolelle-model-x","17":"product_cat-tarvikkeet-ulkopuolelle-model-y","18":"product_cat-tesla-tuotteet","20":"first","21":"instock","22":"taxable","23":"shipping-taxable","24":"purchasable","25":"product-type-variable"},"jetpack_sharing_enabled":true,"_links":{"self":[{"href":"https:\/\/www.vempele.fi\/sv\/wp-json\/wp\/v2\/product\/46087","targetHints":{"allow":["GET"]}}],"collection":[{"href":"https:\/\/www.vempele.fi\/sv\/wp-json\/wp\/v2\/product"}],"about":[{"href":"https:\/\/www.vempele.fi\/sv\/wp-json\/wp\/v2\/types\/product"}],"replies":[{"embeddable":true,"href":"https:\/\/www.vempele.fi\/sv\/wp-json\/wp\/v2\/comments?post=46087"}],"wp:featuredmedia":[{"embeddable":true,"href":"https:\/\/www.vempele.fi\/sv\/wp-json\/wp\/v2\/media\/46094"}],"wp:attachment":[{"href":"https:\/\/www.vempele.fi\/sv\/wp-json\/wp\/v2\/media?parent=46087"}],"wp:term":[{"taxonomy":"product_brand","embeddable":true,"href":"https:\/\/www.vempele.fi\/sv\/wp-json\/wp\/v2\/product_brand?post=46087"},{"taxonomy":"product_cat","embeddable":true,"href":"https:\/\/www.vempele.fi\/sv\/wp-json\/wp\/v2\/product_cat?post=46087"},{"taxonomy":"product_tag","embeddable":true,"href":"https:\/\/www.vempele.fi\/sv\/wp-json\/wp\/v2\/product_tag?post=46087"}],"curies":[{"name":"wp","href":"https:\/\/api.w.org\/{rel}","templated":true}]}}