{"id":46100,"date":"2020-03-10T14:49:03","date_gmt":"2020-03-10T12:49:03","guid":{"rendered":"https:\/\/www.vempele.fi\/?post_type=product&#038;p=46100"},"modified":"2026-03-10T15:16:30","modified_gmt":"2026-03-10T13:16:30","slug":"muu-tuote-52331","status":"publish","type":"product","link":"https:\/\/www.vempele.fi\/sv\/tuote\/muu-tuote-52331\/","title":{"rendered":"Muu tuote"},"content":{"rendered":"<p>T\u00e4t\u00e4 tuotetta k\u00e4ytet\u00e4\u00e4n erikoistilauksissa tai jos yksitt\u00e4istuotteelle ei ole omaa sivua.<\/p>\n<p>Lis\u00e4\u00e4 ostoskoriin sovitun summan verran tuotetta. 1kpl = 1 euro.<\/p>\n<p><strong>Kirjoita tilausta tehdess\u00e4 lis\u00e4tietokentt\u00e4\u00e4n mik\u00e4 tuote on sovittu maksettavaksi.<\/strong><\/p>\n<p>Jos sinua ei ohjattu t\u00e4nne ja et tied\u00e4 mit\u00e4 varten tuote on , \u00c4L\u00c4 OSTA.<\/p>","protected":false},"excerpt":{"rendered":"<p>T\u00e4t\u00e4 tuotetta k\u00e4ytet\u00e4\u00e4n erikoistilauksissa tai jos yksitt\u00e4istuotteelle ei ole omaa sivua.<\/p>\n<p>Lis\u00e4\u00e4 ostoskoriin sovitun summan verran tuotetta. 1kpl = 1 euro.<\/p>\n<p><strong>Kirjoita tilausta tehdess\u00e4 lis\u00e4tietokentt\u00e4\u00e4n mik\u00e4 tuote on sovittu maksettavaksi.<\/strong><\/p>\n<p>Jos sinua ei ohjattu t\u00e4nne ja et tied\u00e4 mit\u00e4 varten tuote on , \u00c4L\u00c4 OSTA.<\/p>","protected":false},"featured_media":0,"comment_status":"open","ping_status":"closed","template":"","meta":[],"product_brand":[],"product_cat":[15],"product_tag":[],"class_list":{"0":"post-46100","1":"product","2":"type-product","3":"status-publish","5":"product_cat-kategorisoimaton","7":"first","8":"instock","9":"taxable","10":"shipping-taxable","11":"purchasable","12":"product-type-simple"},"jetpack_sharing_enabled":true,"_links":{"self":[{"href":"https:\/\/www.vempele.fi\/sv\/wp-json\/wp\/v2\/product\/46100","targetHints":{"allow":["GET"]}}],"collection":[{"href":"https:\/\/www.vempele.fi\/sv\/wp-json\/wp\/v2\/product"}],"about":[{"href":"https:\/\/www.vempele.fi\/sv\/wp-json\/wp\/v2\/types\/product"}],"replies":[{"embeddable":true,"href":"https:\/\/www.vempele.fi\/sv\/wp-json\/wp\/v2\/comments?post=46100"}],"wp:attachment":[{"href":"https:\/\/www.vempele.fi\/sv\/wp-json\/wp\/v2\/media?parent=46100"}],"wp:term":[{"taxonomy":"product_brand","embeddable":true,"href":"https:\/\/www.vempele.fi\/sv\/wp-json\/wp\/v2\/product_brand?post=46100"},{"taxonomy":"product_cat","embeddable":true,"href":"https:\/\/www.vempele.fi\/sv\/wp-json\/wp\/v2\/product_cat?post=46100"},{"taxonomy":"product_tag","embeddable":true,"href":"https:\/\/www.vempele.fi\/sv\/wp-json\/wp\/v2\/product_tag?post=46100"}],"curies":[{"name":"wp","href":"https:\/\/api.w.org\/{rel}","templated":true}]}}